{"id":36821,"date":"2026-03-31T09:44:01","date_gmt":"2026-03-31T07:44:01","guid":{"rendered":"https:\/\/adventurecountrytracks.com\/?post_type=product&#038;p=36821"},"modified":"2026-04-15T15:04:26","modified_gmt":"2026-04-15T13:04:26","slug":"verde-grava","status":"publish","type":"product","link":"https:\/\/adventurecountrytracks.com\/es\/product\/gravel-green\/","title":{"rendered":"Verde Grava"},"content":{"rendered":"<div>\n<div>\n<p data-start=\"3403\" data-end=\"3536\"><strong>ACT Jersey Grava Verde<\/strong><\/p>\n<p data-start=\"2474\" data-end=\"2622\">El maillot ACT Gravel en verde y negro, que se integra en la naturaleza y destaca por su esp\u00edritu, est\u00e1 pensado para los ciclistas que se sienten como en casa fuera de los caminos trillados.<\/p>\n<p data-start=\"2624\" data-end=\"2879\">Inspirado en bosques densos, senderos ocultos y paisajes v\u00edrgenes, este maillot refleja la belleza en bruto de los entornos por los que cabalgas. Los profundos tonos verdes te conectan con la naturaleza, mientras que el rugoso estampado cuenta la historia del barro, el polvo y la aventura.<\/p>\n<p data-start=\"2881\" data-end=\"3167\">Dise\u00f1ado para el rendimiento, el tejido transpirable garantiza una excelente ventilaci\u00f3n y control de la humedad, manteni\u00e9ndote c\u00f3modo durante largas jornadas sobre el sill\u00edn. Su construcci\u00f3n flexible se adapta a tus movimientos, tanto si recorres estrechos senderos forestales como amplias carreteras de grava.<\/p>\n<p data-start=\"3169\" data-end=\"3227\">Este maillot no es s\u00f3lo una prenda, es parte de tu viaje.<\/p>\n<\/div>\n<div>Las tallas a partir de la 4XL s\u00f3lo se pueden pedir por encargo especial. Para m\u00e1s informaci\u00f3n, env\u00eda un correo electr\u00f3nico a <a href=\"mailto:info@adventurecountrytracks.com\">info@adventurecountrytracks.com<\/a>.<\/div>\n<\/div>\n<div><\/div>\n<div><\/div>\n<div><img fetchpriority=\"high\" decoding=\"async\" class=\"alignnone size-medium wp-image-34674\" src=\"https:\/\/adventurecountrytracks.com\/wp-content\/uploads\/2024\/10\/Sizing-Jersey-800x217.png\" alt=\"\" width=\"800\" height=\"217\" srcset=\"https:\/\/adventurecountrytracks.com\/wp-content\/uploads\/2024\/10\/Sizing-Jersey-800x217.png 800w, https:\/\/adventurecountrytracks.com\/wp-content\/uploads\/2024\/10\/Sizing-Jersey-1024x278.png 1024w, https:\/\/adventurecountrytracks.com\/wp-content\/uploads\/2024\/10\/Sizing-Jersey-768x208.png 768w, https:\/\/adventurecountrytracks.com\/wp-content\/uploads\/2024\/10\/Sizing-Jersey-1536x417.png 1536w, https:\/\/adventurecountrytracks.com\/wp-content\/uploads\/2024\/10\/Sizing-Jersey-18x5.png 18w, https:\/\/adventurecountrytracks.com\/wp-content\/uploads\/2024\/10\/Sizing-Jersey-600x163.png 600w, https:\/\/adventurecountrytracks.com\/wp-content\/uploads\/2024\/10\/Sizing-Jersey.png 1600w\" sizes=\"(max-width: 800px) 100vw, 800px\" \/><\/div>\n<div><\/div>\n<div><\/div>\n<div>100% poli\u00e9ster<br \/>\nTranspirable, secado r\u00e1pido<br \/>\nTecnolog\u00eda COOLMESH<br \/>\nOeko Tex 100<\/div>","protected":false},"excerpt":{"rendered":"<p data-start=\"3403\" data-end=\"3536\"><strong>ACT Jersey Grava Verde<\/strong><\/p>\n<p data-start=\"2474\" data-end=\"2622\">El maillot ACT Gravel en verde y negro, que se integra en la naturaleza y destaca por su esp\u00edritu, est\u00e1 pensado para los ciclistas que se sienten como en casa fuera de los caminos trillados.<\/p>","protected":false},"featured_media":36770,"comment_status":"open","ping_status":"closed","template":"","meta":{"_acf_changed":false},"product_brand":[],"product_cat":[89],"product_tag":[],"class_list":{"0":"post-36821","1":"product","2":"type-product","3":"status-publish","4":"has-post-thumbnail","6":"product_cat-apparel","7":"pa_size-4xl","8":"pa_size-5xl","9":"pa_size-xs","10":"pa_size-3xl","11":"pa_size-s","12":"pa_size-m","13":"pa_size-l","14":"pa_size-xl","15":"pa_size-xxl","17":"first","18":"instock","19":"taxable","20":"shipping-taxable","21":"purchasable","22":"product-type-variable"},"acf":[],"_links":{"self":[{"href":"https:\/\/adventurecountrytracks.com\/es\/wp-json\/wp\/v2\/product\/36821","targetHints":{"allow":["GET"]}}],"collection":[{"href":"https:\/\/adventurecountrytracks.com\/es\/wp-json\/wp\/v2\/product"}],"about":[{"href":"https:\/\/adventurecountrytracks.com\/es\/wp-json\/wp\/v2\/types\/product"}],"replies":[{"embeddable":true,"href":"https:\/\/adventurecountrytracks.com\/es\/wp-json\/wp\/v2\/comments?post=36821"}],"wp:featuredmedia":[{"embeddable":true,"href":"https:\/\/adventurecountrytracks.com\/es\/wp-json\/wp\/v2\/media\/36770"}],"wp:attachment":[{"href":"https:\/\/adventurecountrytracks.com\/es\/wp-json\/wp\/v2\/media?parent=36821"}],"wp:term":[{"taxonomy":"product_brand","embeddable":true,"href":"https:\/\/adventurecountrytracks.com\/es\/wp-json\/wp\/v2\/product_brand?post=36821"},{"taxonomy":"product_cat","embeddable":true,"href":"https:\/\/adventurecountrytracks.com\/es\/wp-json\/wp\/v2\/product_cat?post=36821"},{"taxonomy":"product_tag","embeddable":true,"href":"https:\/\/adventurecountrytracks.com\/es\/wp-json\/wp\/v2\/product_tag?post=36821"}],"curies":[{"name":"wp","href":"https:\/\/api.w.org\/{rel}","templated":true}]}}