{"id":26510,"date":"2022-07-12T16:28:35","date_gmt":"2022-07-12T14:28:35","guid":{"rendered":"https:\/\/adventurecountrytracks.com\/thank-you-2\/"},"modified":"2022-07-20T16:40:40","modified_gmt":"2022-07-20T14:40:40","slug":"merci-2","status":"publish","type":"page","link":"https:\/\/adventurecountrytracks.com\/fr\/thank-you-2\/","title":{"rendered":"Merci d'avoir r\u00e9pondu \u00e0 l'appel."},"content":{"rendered":"<p><span style=\"color: #000000;\">Ton abonnement a \u00e9t\u00e9 configur\u00e9 avec succ\u00e8s.<\/span><\/p>","protected":false},"excerpt":{"rendered":"<p>Ton abonnement a \u00e9t\u00e9 configur\u00e9 avec succ\u00e8s.<\/p>","protected":false},"author":10043,"featured_media":0,"parent":0,"menu_order":0,"comment_status":"closed","ping_status":"closed","template":"","meta":{"_acf_changed":false,"footnotes":""},"class_list":["post-26510","page","type-page","status-publish","hentry"],"acf":[],"_links":{"self":[{"href":"https:\/\/adventurecountrytracks.com\/fr\/wp-json\/wp\/v2\/pages\/26510","targetHints":{"allow":["GET"]}}],"collection":[{"href":"https:\/\/adventurecountrytracks.com\/fr\/wp-json\/wp\/v2\/pages"}],"about":[{"href":"https:\/\/adventurecountrytracks.com\/fr\/wp-json\/wp\/v2\/types\/page"}],"author":[{"embeddable":true,"href":"https:\/\/adventurecountrytracks.com\/fr\/wp-json\/wp\/v2\/users\/10043"}],"replies":[{"embeddable":true,"href":"https:\/\/adventurecountrytracks.com\/fr\/wp-json\/wp\/v2\/comments?post=26510"}],"version-history":[{"count":1,"href":"https:\/\/adventurecountrytracks.com\/fr\/wp-json\/wp\/v2\/pages\/26510\/revisions"}],"predecessor-version":[{"id":26525,"href":"https:\/\/adventurecountrytracks.com\/fr\/wp-json\/wp\/v2\/pages\/26510\/revisions\/26525"}],"wp:attachment":[{"href":"https:\/\/adventurecountrytracks.com\/fr\/wp-json\/wp\/v2\/media?parent=26510"}],"curies":[{"name":"wp","href":"https:\/\/api.w.org\/{rel}","templated":true}]}}