{"id":26967,"date":"2022-11-07T19:04:10","date_gmt":"2022-11-07T18:04:10","guid":{"rendered":"https:\/\/adventurecountrytracks.com\/?page_id=26967"},"modified":"2023-08-23T21:45:58","modified_gmt":"2023-08-23T19:45:58","slug":"chariot","status":"publish","type":"page","link":"https:\/\/adventurecountrytracks.com\/fr\/cart\/","title":{"rendered":"Panier ACT"},"content":{"rendered":"<div data-elementor-type=\"wp-page\" data-elementor-id=\"26967\" class=\"elementor elementor-26967\" data-elementor-post-type=\"page\">\n\t\t\t\t\t\t<section class=\"elementor-section elementor-top-section elementor-element elementor-element-466dded elementor-section-height-min-height elementor-section-full_width animated-fast elementor-section-height-default elementor-section-items-middle\" data-id=\"466dded\" data-element_type=\"section\" data-e-type=\"section\" data-settings=\"{&quot;background_background&quot;:&quot;classic&quot;,&quot;animation&quot;:&quot;none&quot;}\">\n\t\t\t\t\t\t\t<div class=\"elementor-background-overlay\"><\/div>\n\t\t\t\t\t\t\t<div class=\"elementor-container elementor-column-gap-no\">\n\t\t\t\t\t<div class=\"elementor-column elementor-col-100 elementor-top-column elementor-element elementor-element-7890c25\" data-id=\"7890c25\" data-element_type=\"column\" data-e-type=\"column\">\n\t\t\t<div class=\"elementor-widget-wrap\">\n\t\t\t\t\t\t\t<\/div>\n\t\t<\/div>\n\t\t\t\t\t<\/div>\n\t\t<\/section>\n\t\t\t\t<section class=\"elementor-section elementor-top-section elementor-element elementor-element-3c09c9eb elementor-section-boxed elementor-section-height-default elementor-section-height-default\" data-id=\"3c09c9eb\" data-element_type=\"section\" data-e-type=\"section\" id=\"start\">\n\t\t\t\t\t\t<div class=\"elementor-container elementor-column-gap-default\">\n\t\t\t\t\t<div class=\"elementor-column elementor-col-100 elementor-top-column elementor-element elementor-element-ec9c3b\" data-id=\"ec9c3b\" data-element_type=\"column\" data-e-type=\"column\">\n\t\t\t<div class=\"elementor-widget-wrap elementor-element-populated\">\n\t\t\t\t\t\t<div class=\"elementor-element elementor-element-1707e983 elementor-widget elementor-widget-heading\" data-id=\"1707e983\" data-element_type=\"widget\" data-e-type=\"widget\" data-widget_type=\"heading.default\">\n\t\t\t\t<div class=\"elementor-widget-container\">\n\t\t\t\t\t<h2 class=\"elementor-heading-title elementor-size-default\">TON PANIER<\/h2>\t\t\t\t<\/div>\n\t\t\t\t<\/div>\n\t\t\t\t\t<\/div>\n\t\t<\/div>\n\t\t\t\t\t<\/div>\n\t\t<\/section>\n\t\t\t\t<section class=\"elementor-section elementor-top-section elementor-element elementor-element-4171f3d elementor-section-full_width elementor-section-height-default elementor-section-height-default\" data-id=\"4171f3d\" data-element_type=\"section\" data-e-type=\"section\">\n\t\t\t\t\t\t<div class=\"elementor-container elementor-column-gap-default\">\n\t\t\t\t\t<div class=\"elementor-column elementor-col-100 elementor-top-column elementor-element elementor-element-657a395\" data-id=\"657a395\" data-element_type=\"column\" data-e-type=\"column\">\n\t\t\t<div class=\"elementor-widget-wrap elementor-element-populated\">\n\t\t\t\t\t\t\t<\/div>\n\t\t<\/div>\n\t\t\t\t\t<\/div>\n\t\t<\/section>\n\t\t\t\t<\/div>","protected":false},"excerpt":{"rendered":"<p>TON PANIER Le produit \"ACT Camp 2023 Member Ticket\" n\u00e9cessite une valeur pour la commande. Supprimer l'article Image miniature Prix du produit Quantit\u00e9 Sous-total \u00d7 ACT Camp 2023 Member TicketBitte gib deine T-shirt Gr\u00f6sse an* 0,00 \u20ac ACT Camp 2023 Member Ticket quantity 0,00 \u20ac Mettre \u00e0 jour le panier Appliquer le coupon Totaux du panier Sous-total 0,00 \u20ac Total 0,00 \u20ac Proc\u00e9der \u00e0 la commande.<\/p>","protected":false},"author":8993,"featured_media":0,"parent":0,"menu_order":0,"comment_status":"closed","ping_status":"closed","template":"elementor_header_footer","meta":{"_acf_changed":false,"footnotes":""},"class_list":["post-26967","page","type-page","status-publish","hentry"],"acf":[],"_links":{"self":[{"href":"https:\/\/adventurecountrytracks.com\/fr\/wp-json\/wp\/v2\/pages\/26967","targetHints":{"allow":["GET"]}}],"collection":[{"href":"https:\/\/adventurecountrytracks.com\/fr\/wp-json\/wp\/v2\/pages"}],"about":[{"href":"https:\/\/adventurecountrytracks.com\/fr\/wp-json\/wp\/v2\/types\/page"}],"author":[{"embeddable":true,"href":"https:\/\/adventurecountrytracks.com\/fr\/wp-json\/wp\/v2\/users\/8993"}],"replies":[{"embeddable":true,"href":"https:\/\/adventurecountrytracks.com\/fr\/wp-json\/wp\/v2\/comments?post=26967"}],"version-history":[{"count":10,"href":"https:\/\/adventurecountrytracks.com\/fr\/wp-json\/wp\/v2\/pages\/26967\/revisions"}],"predecessor-version":[{"id":29742,"href":"https:\/\/adventurecountrytracks.com\/fr\/wp-json\/wp\/v2\/pages\/26967\/revisions\/29742"}],"wp:attachment":[{"href":"https:\/\/adventurecountrytracks.com\/fr\/wp-json\/wp\/v2\/media?parent=26967"}],"curies":[{"name":"wp","href":"https:\/\/api.w.org\/{rel}","templated":true}]}}