{"id":27367,"date":"2022-12-13T12:33:10","date_gmt":"2022-12-13T11:33:10","guid":{"rendered":"https:\/\/adventurecountrytracks.com\/?page_id=27367"},"modified":"2026-03-26T10:49:03","modified_gmt":"2026-03-26T09:49:03","slug":"conditions-generales","status":"publish","type":"page","link":"https:\/\/adventurecountrytracks.com\/fr\/terms-and-conditions\/","title":{"rendered":"Conditions g\u00e9n\u00e9rales d'utilisation"},"content":{"rendered":"<div data-elementor-type=\"wp-page\" data-elementor-id=\"27367\" class=\"elementor elementor-27367\" data-elementor-post-type=\"page\">\n\t\t\t\t\t\t<section class=\"elementor-section elementor-top-section elementor-element elementor-element-1b402578 elementor-section-height-min-height elementor-section-boxed elementor-section-height-default elementor-section-items-middle\" data-id=\"1b402578\" data-element_type=\"section\" data-e-type=\"section\" data-settings=\"{&quot;background_background&quot;:&quot;classic&quot;}\">\n\t\t\t\t\t\t<div class=\"elementor-container elementor-column-gap-default\">\n\t\t\t\t\t<div class=\"elementor-column elementor-col-100 elementor-top-column elementor-element elementor-element-0c4b8cb\" data-id=\"0c4b8cb\" data-element_type=\"column\" data-e-type=\"column\">\n\t\t\t<div class=\"elementor-widget-wrap\">\n\t\t\t\t\t\t\t<\/div>\n\t\t<\/div>\n\t\t\t\t\t<\/div>\n\t\t<\/section>\n\t\t\t\t<section class=\"elementor-section elementor-top-section elementor-element elementor-element-d2594b4 elementor-section-boxed elementor-section-height-default elementor-section-height-default\" data-id=\"d2594b4\" data-element_type=\"section\" data-e-type=\"section\">\n\t\t\t\t\t\t<div class=\"elementor-container elementor-column-gap-default\">\n\t\t\t\t\t<div class=\"elementor-column elementor-col-100 elementor-top-column elementor-element elementor-element-334c76a9\" data-id=\"334c76a9\" data-element_type=\"column\" data-e-type=\"column\">\n\t\t\t<div class=\"elementor-widget-wrap elementor-element-populated\">\n\t\t\t\t\t\t<div class=\"elementor-element elementor-element-cb4924f elementor-widget elementor-widget-heading\" data-id=\"cb4924f\" data-element_type=\"widget\" data-e-type=\"widget\" data-widget_type=\"heading.default\">\n\t\t\t\t<div class=\"elementor-widget-container\">\n\t\t\t\t\t<h2 class=\"elementor-heading-title elementor-size-default\">Conditions g\u00e9n\u00e9rales d'emploi<\/h2>\t\t\t\t<\/div>\n\t\t\t\t<\/div>\n\t\t\t\t<div class=\"elementor-element elementor-element-a513a88 elementor-widget elementor-widget-text-editor\" data-id=\"a513a88\" data-element_type=\"widget\" data-e-type=\"widget\" data-widget_type=\"text-editor.default\">\n\t\t\t\t<div class=\"elementor-widget-container\">\n\t\t\t\t\t\t\t\t\t<p><strong>Conditions g\u00e9n\u00e9rales de vente (CGV)<\/strong><br \/>sowie Informationen f\u00fcr Verbraucher bei Fernabsatzvertr\u00e4gen und Kundeninformationen bei Vertr\u00e4gen im elektronischen Gesch\u00e4ftsverkehr<\/p><h3>1 Geltungsbereich<\/h3><p>En ce qui concerne les relations commerciales entre nous et l'acheteur, les ventes effectu\u00e9es sur notre boutique en ligne sont r\u00e9gies par les conventions g\u00e9n\u00e9rales d'achat en vigueur au moment de la vente.<\/p><p>Notre offre comprend non seulement la vente de produits alimentaires et num\u00e9riques, mais aussi des services, en particulier des manifestations et des pauses.<\/p><h3>2 Vertragsschluss<\/h3><p>La pr\u00e9sentation de nos produits dans notre site Internet ne constitue pas un contrat obligatoire au sens juridique du terme, mais plut\u00f4t un ordre d'achat d'un contrat par le client.<\/p><p>En cas d'absence de l'offre, le client re\u00e7oit une offre verbale dans le cadre de l'article 145 du Code civil allemand (BGB). L'acheteur re\u00e7oit une confirmation de l'envoi de l'offre par courrier \u00e9lectronique.<\/p><p>Le message doit \u00eatre envoy\u00e9 si nous recevons l'offre du client dans les deux semaines qui suivent l'expiration de l'offre, par le biais d'une confirmation de commande sous forme de texte. Le d\u00e9lai d'expiration de l'avis d'annulation pour le client est le plus important.<\/p><p>Werktag ist jeder Kalendertag, der nicht Sonntag oder bundesweit geltender gesetzlicher Feiertag ist.<\/p><p>Pour les manifestations et les pauses, il y a aussi les indemnit\u00e9s de s\u00e9jour et de d\u00e9placement, qui font partie int\u00e9grante du contrat.<\/p><h3>3 Lieferung, Versandkosten, Gefahren\u00fcbergang<\/h3><p>Ces r\u00e8gles s'appliquent \u00e9galement \u00e0 la vente de produits alimentaires.<\/p><p>La livraison s'effectue jusqu'\u00e0 ce que les frais de livraison aient \u00e9t\u00e9 r\u00e9gl\u00e9s en totalit\u00e9.<\/p><p>Si le client est un commer\u00e7ant, nous nous r\u00e9servons le droit d'exiger des frais de livraison.<br \/>Si le client est un entrepreneur, tous les risques et les inconv\u00e9nients de la vente sont r\u00e9percut\u00e9s sur le client, m\u00eame si l'article que nous avons achet\u00e9 aupr\u00e8s d'un partenaire logistique agr\u00e9\u00e9 a \u00e9t\u00e9 vendu.<\/p><h3>4 Eigentumsvorbehalt<\/h3><p>La marchandise gel\u00e9e est notre patrimoine jusqu'\u00e0 la vente totale.<\/p><h3>5 Zahlungen<\/h3><p>Les frais sont \u00e9galement pris en compte dans le processus d'achat.<\/p><h3>6 M\u00e4ngelhaftung<\/h3><p>Es gelten die gesetzlichen M\u00e4ngelhaftungsrechte.<\/p><h3>7 Informations pour les employ\u00e9s sur les objets en contact avec le sol et informations pour les clients sur les objets en contact avec le march\u00e9 de l'\u00e9lectronique<\/h3><p>a) Des m\u00e9thodes de travail sp\u00e9cifiques et non utilis\u00e9es jusqu'\u00e0 pr\u00e9sent n'ont pas d'effet sur nous.<\/p><p>b) Les produits peuvent \u00eatre corrig\u00e9s avant l'expiration de l'offre en ce qui concerne les fonctions de d\u00e9gustation et d'alimentation.<\/p><p>c) Les caract\u00e9ristiques propres aux prestations propos\u00e9es d\u00e9coulent des descriptions de produits correspondantes.<\/p><p>d) Die Vertragssprache ist Deutsch.<\/p><p>e) Les demandes d'aide peuvent \u00eatre adress\u00e9es \u00e0 l'adresse indiqu\u00e9e dans l'impressum.<\/p><p>f) Der Vertragstext wird von uns nicht gespeichert und ist dem Kunden nach Vertragsschluss nicht zug\u00e4nglich.<\/p><p>g) Les informations relatives au paiement, \u00e0 la livraison et \u00e0 l'utilisation de l'argent proviennent de l'offre de service en question.<\/p><h3>8 Besondere Bestimmungen je nach Art der Leistung<\/h3><h4>8.1 Guerre et inhalation num\u00e9rique<\/h4><p>Pour l'achat d'objets et d'accessoires num\u00e9riques, il existe des dispositions l\u00e9gales qui s'appliquent au droit du travail.<\/p><h4>8.2 Manifestations (z. B. ACT Camp, formations, \u00e9v\u00e9nements)<\/h4><p>Dans le cadre des \u00e9v\u00e9nements annonc\u00e9s, il s'agit de prestations de services en relation avec des contrats de fid\u00e9lit\u00e9 de dur\u00e9e d\u00e9termin\u00e9e ou ind\u00e9termin\u00e9e.<\/p><p><strong>Ein Widerrufsrecht besteht gem\u00e4\u00df \u00a7 312g Abs. 2 Nr. 9 BGB nicht.<\/strong><\/p><p>L'envoi d'un courrier de la manifestation est possible apr\u00e8s la signature des accords de partenariat. Ces documents font partie int\u00e9grante du compte rendu.<\/p><h4>8.3 Les paiements<\/h4><p>Pour les pauschalreisen angebotene gelten die gesetzlichen Vorschriften der \u00a7\u00a7 651a ff. BGB.<\/p><p>Ein Widerrufsrecht besteht nicht. Les droits de recours pr\u00e9vus par l'article 651h du Code civil allemand doivent \u00eatre respect\u00e9s.<\/p><p>Le client peut toujours retourner au point de d\u00e9part de la visite.<br \/>En cas d'accident, nous pourrions \u00eatre confront\u00e9s \u00e0 un probl\u00e8me de taille.<\/p><p>Les \u00e9l\u00e9ments se d\u00e9gagent de l'ensemble des d\u00e9clarations de revenus, qui constituent la base du calcul de la valeur ajout\u00e9e.<\/p><h3>9 Schlussbestimmungen<\/h3><p>Es gilt das Recht der Bundesrepublik Deutschland unter Ausschluss des UN-Kaufrechts.<\/p><p>Si l'enfant est un ouvrier de l'agriculture, les r\u00e8gles de protection de l'environnement de l'\u00c9tat, dans lesquelles l'enfant a son propre objectif, doivent \u00eatre respect\u00e9es.<\/p><p><strong>Anbieter :<\/strong><br \/>ACT e.V.<br \/>K\u00f6lner Stra\u00dfe 95<br \/>51515 K\u00fcrten<\/p><p><strong>Alternative Streitbeilegung :<\/strong><\/p><p>La Commission europ\u00e9enne a mis en place une plate-forme pour la collecte de donn\u00e9es en ligne (OS) :<br \/><a href=\"https:\/\/ec.europa.eu\/consumers\/odr\">https:\/\/ec.europa.eu\/consumers\/odr<\/a><\/p><p>Nous sommes non seulement satisfaits, mais aussi pr\u00e9occup\u00e9s par le fait qu'un \u00e9v\u00e9nement ait eu lieu dans le cadre de la lutte contre le cancer du sein dans une station d'\u00e9puration des eaux us\u00e9es.<\/p>\t\t\t\t\t\t\t\t<\/div>\n\t\t\t\t<\/div>\n\t\t\t\t\t<\/div>\n\t\t<\/div>\n\t\t\t\t\t<\/div>\n\t\t<\/section>\n\t\t\t\t<\/div>","protected":false},"excerpt":{"rendered":"<p>Allgemeine Gesch\u00e4ftsbedingungen Allgemeine Gesch\u00e4ftsbedingungen (AGB)sowie Informationen f\u00fcr Verbraucher bei Fernabsatzvertr\u00e4gen und Kundeninformationen bei Vertr\u00e4gen im elektronischen Gesch\u00e4ftsverkehr 1 Geltungsbereich F\u00fcr Gesch\u00e4ftsbeziehungen zwischen uns und dem Besteller gelten bei Bestellungen \u00fcber unseren Internetshop die nachfolgenden Allgemeinen Gesch\u00e4ftsbedingungen in ihrer zum Zeitpunkt der Bestellung g\u00fcltigen Fassung. Unser Angebot umfasst sowohl den Verkauf von Waren und digitalen Inhalten [&hellip;]<\/p>\n","protected":false},"author":8993,"featured_media":0,"parent":0,"menu_order":0,"comment_status":"closed","ping_status":"closed","template":"elementor_header_footer","meta":{"_acf_changed":false,"footnotes":""},"class_list":["post-27367","page","type-page","status-publish","hentry"],"acf":[],"_links":{"self":[{"href":"https:\/\/adventurecountrytracks.com\/fr\/wp-json\/wp\/v2\/pages\/27367","targetHints":{"allow":["GET"]}}],"collection":[{"href":"https:\/\/adventurecountrytracks.com\/fr\/wp-json\/wp\/v2\/pages"}],"about":[{"href":"https:\/\/adventurecountrytracks.com\/fr\/wp-json\/wp\/v2\/types\/page"}],"author":[{"embeddable":true,"href":"https:\/\/adventurecountrytracks.com\/fr\/wp-json\/wp\/v2\/users\/8993"}],"replies":[{"embeddable":true,"href":"https:\/\/adventurecountrytracks.com\/fr\/wp-json\/wp\/v2\/comments?post=27367"}],"version-history":[{"count":10,"href":"https:\/\/adventurecountrytracks.com\/fr\/wp-json\/wp\/v2\/pages\/27367\/revisions"}],"predecessor-version":[{"id":36623,"href":"https:\/\/adventurecountrytracks.com\/fr\/wp-json\/wp\/v2\/pages\/27367\/revisions\/36623"}],"wp:attachment":[{"href":"https:\/\/adventurecountrytracks.com\/fr\/wp-json\/wp\/v2\/media?parent=27367"}],"curies":[{"name":"wp","href":"https:\/\/api.w.org\/{rel}","templated":true}]}}