{"id":27389,"date":"2022-12-13T12:39:31","date_gmt":"2022-12-13T11:39:31","guid":{"rendered":"https:\/\/adventurecountrytracks.com\/?page_id=27389"},"modified":"2026-03-26T10:52:19","modified_gmt":"2026-03-26T09:52:19","slug":"politique-dannulation","status":"publish","type":"page","link":"https:\/\/adventurecountrytracks.com\/fr\/cancelation-policy\/","title":{"rendered":"Politique d'annulation"},"content":{"rendered":"<div data-elementor-type=\"wp-page\" data-elementor-id=\"27389\" class=\"elementor elementor-27389\" data-elementor-post-type=\"page\">\n\t\t\t\t\t\t<section class=\"elementor-section elementor-top-section elementor-element elementor-element-1b402578 elementor-section-height-min-height elementor-section-boxed elementor-section-height-default elementor-section-items-middle\" data-id=\"1b402578\" data-element_type=\"section\" data-e-type=\"section\" data-settings=\"{&quot;background_background&quot;:&quot;classic&quot;}\">\n\t\t\t\t\t\t<div class=\"elementor-container elementor-column-gap-default\">\n\t\t\t\t\t<div class=\"elementor-column elementor-col-100 elementor-top-column elementor-element elementor-element-0c4b8cb\" data-id=\"0c4b8cb\" data-element_type=\"column\" data-e-type=\"column\">\n\t\t\t<div class=\"elementor-widget-wrap\">\n\t\t\t\t\t\t\t<\/div>\n\t\t<\/div>\n\t\t\t\t\t<\/div>\n\t\t<\/section>\n\t\t\t\t<section class=\"elementor-section elementor-top-section elementor-element elementor-element-d2594b4 elementor-section-boxed elementor-section-height-default elementor-section-height-default\" data-id=\"d2594b4\" data-element_type=\"section\" data-e-type=\"section\">\n\t\t\t\t\t\t<div class=\"elementor-container elementor-column-gap-default\">\n\t\t\t\t\t<div class=\"elementor-column elementor-col-100 elementor-top-column elementor-element elementor-element-334c76a9\" data-id=\"334c76a9\" data-element_type=\"column\" data-e-type=\"column\">\n\t\t\t<div class=\"elementor-widget-wrap elementor-element-populated\">\n\t\t\t\t\t\t<div class=\"elementor-element elementor-element-cb4924f elementor-widget elementor-widget-heading\" data-id=\"cb4924f\" data-element_type=\"widget\" data-e-type=\"widget\" data-widget_type=\"heading.default\">\n\t\t\t\t<div class=\"elementor-widget-container\">\n\t\t\t\t\t<h2 class=\"elementor-heading-title elementor-size-default\">Widerrufsbelehrung<\/h2>\t\t\t\t<\/div>\n\t\t\t\t<\/div>\n\t\t\t\t<div class=\"elementor-element elementor-element-a513a88 elementor-widget elementor-widget-text-editor\" data-id=\"a513a88\" data-element_type=\"widget\" data-e-type=\"widget\" data-widget_type=\"text-editor.default\">\n\t\t\t\t<div class=\"elementor-widget-container\">\n\t\t\t\t\t\t\t\t\t<p><strong>Widerrufsbelehrung (pour les guerres et les inhalations num\u00e9riques)<\/strong><\/p><p>La nouvelle l\u00e9gislation sur les droits d'auteur s'applique notamment \u00e0 l'achat de produits alimentaires et d'accessoires num\u00e9riques.<br \/>Pour les manifestations et les pauses, il existe des r\u00e8gles particuli\u00e8res (voir AGB).<\/p><h3>Widerrufsrecht<\/h3><p>Tu as le droit, dans les 14 jours qui suivent, de ne pas faire appel \u00e0 des sources d'information sur ce contrat pour l'\u00e9largir.<\/p><p>L'heure du d\u00e9part est fix\u00e9e \u00e0 14 heures avant le d\u00e9part,<\/p><ul><li><p>\u00e0 l'\u00e9gard de Sie ou d'un tiers b\u00e9ni de Ihnen, qui n'est pas le p\u00e8re, et qui a fait des guerres dans le Besitz, ou<\/p><\/li><li><p>im Falle von digitalen Inhalten ab Vertragsschluss.<\/p><\/li><\/ul><h3>L'application de la loi sur les droits de l'homme<\/h3><p>Pour que ton droit \u00e0 l'\u00e9galit\u00e9 soit respect\u00e9, tu dois nous demander<\/p><p>ACT e.V.<br \/>K\u00f6lner Str. 95<br \/>51515 K\u00fcrten<br \/>E-Mail : <a href=\"mailto:info@adventurecountrytracks.com\">info@adventurecountrytracks.com<\/a><\/p><p>\u00e0 l'aide d'une explication d\u00e9taill\u00e9e (z. B. Brief ou E-Mail) sur son choix, informer de l'existence de ce contrat.<\/p><p>Apr\u00e8s avoir demand\u00e9 \u00e0 l'avocat de se prononcer, tu dois t'assurer que tu as bien re\u00e7u le message relatif \u00e0 l'utilisation du droit de recours, avant l'expiration de ce droit.<\/p><h3>Le suivi de l'usure<\/h3><p>Si vous r\u00e9pondez \u00e0 ce message, nous vous enverrons toutes les sommes que nous avons re\u00e7ues de vous, sans exception et au plus tard dans les 14 jours suivant la date \u00e0 laquelle la notification de votre refus nous est parvenue.<\/p><p>Pour le remboursement, nous utilisons d'autres moyens de paiement, que vous avez d\u00e9j\u00e0 utilis\u00e9s dans le cadre de la transaction express, mais qui n'ont jamais \u00e9t\u00e9 utilis\u00e9s avec vous.<\/p><p>Il s'agit des frais non remboursables de remboursement des frais de guerre.<\/p><p>Le risque de perte ou de d\u00e9t\u00e9rioration de la s\u00e9curit\u00e9 sur le chemin de transport vous concerne en tant que client.<\/p><h3>Ausschluss bzw. vorzeitiges Erl\u00f6schen des Widerrufsrechts<\/h3><p>Das Widerrufsrecht besteht nicht bzw. erlischt vorzeitig bei :<\/p><ul><li><p>Vertr\u00e4gen zur Lieferung von Waren, die nicht vorgefertigt sind und f\u00fcr deren Herstellung eine individuelle Auswahl oder Bestimmung durch den Verbraucher ma\u00dfgeblich ist oder die eindeutig auf die pers\u00f6nlichen Bed\u00fcrfnisse zugeschnitten sind.<\/p><\/li><li><p>Vertr\u00e4gen zur Lieferung von Waren, die schnell verderben k\u00f6nnen oder deren Verfallsdatum schnell \u00fcberschritten w\u00fcrde.<\/p><\/li><li><p>Vertr\u00e4gen zur Lieferung versiegelter Waren, die aus Gr\u00fcnden des Gesundheitsschutzes oder der Hygiene nicht zur R\u00fcckgabe geeignet sind, wenn ihre Versiegelung nach der Lieferung entfernt wurde.<\/p><\/li><li><p>Les produits destin\u00e9s \u00e0 la livraison d'appareils audio ou vid\u00e9o ou de logiciels informatiques dans un emballage modifi\u00e9, si la livraison n'a pas eu lieu avant.<\/p><\/li><li><p>Vertr\u00e4gen zur Lieferung von Zeitungen, Zeitschriften oder Illustrierten.<\/p><\/li><\/ul><h3>Conseils sur les manifestations et les paiements<\/h3><p>Pour les demandes de participation \u00e0 des manifestations dont la dur\u00e9e ou le d\u00e9lai est inf\u00e9rieur \u00e0 un an, il n'y a pas de droit d'ing\u00e9rence, conform\u00e9ment au \u00a7 312g Abs. 2 Nr. 9 BGB kein Widerrufsrecht.<\/p><p>Pour les pauschalreisen gelten die gesetzlichen Regelungen der \u00a7\u00a7 651a ff. BGB. Un droit de recours ne s'applique pas pour autant ; les droits de recours pr\u00e9vus par la loi s'appliquent.<\/p>\t\t\t\t\t\t\t\t<\/div>\n\t\t\t\t<\/div>\n\t\t\t\t\t<\/div>\n\t\t<\/div>\n\t\t\t\t\t<\/div>\n\t\t<\/section>\n\t\t\t\t<\/div>","protected":false},"excerpt":{"rendered":"<p>Widerrufsbelehrung Widerrufsbelehrung (f\u00fcr Waren und digitale Inhalte) Die nachfolgende Widerrufsbelehrung gilt ausschlie\u00dflich f\u00fcr den Kauf von Waren und digitalen Inhalten.F\u00fcr Veranstaltungen und Pauschalreisen gelten besondere Regelungen (siehe AGB). Widerrufsrecht Sie haben das Recht, binnen 14 Tagen ohne Angabe von Gr\u00fcnden diesen Vertrag zu widerrufen. Die Widerrufsfrist betr\u00e4gt 14 Tage ab dem Tag, an dem Sie [&hellip;]<\/p>\n","protected":false},"author":8993,"featured_media":0,"parent":0,"menu_order":0,"comment_status":"closed","ping_status":"closed","template":"elementor_header_footer","meta":{"_acf_changed":false,"footnotes":""},"class_list":["post-27389","page","type-page","status-publish","hentry"],"acf":[],"_links":{"self":[{"href":"https:\/\/adventurecountrytracks.com\/fr\/wp-json\/wp\/v2\/pages\/27389","targetHints":{"allow":["GET"]}}],"collection":[{"href":"https:\/\/adventurecountrytracks.com\/fr\/wp-json\/wp\/v2\/pages"}],"about":[{"href":"https:\/\/adventurecountrytracks.com\/fr\/wp-json\/wp\/v2\/types\/page"}],"author":[{"embeddable":true,"href":"https:\/\/adventurecountrytracks.com\/fr\/wp-json\/wp\/v2\/users\/8993"}],"replies":[{"embeddable":true,"href":"https:\/\/adventurecountrytracks.com\/fr\/wp-json\/wp\/v2\/comments?post=27389"}],"version-history":[{"count":10,"href":"https:\/\/adventurecountrytracks.com\/fr\/wp-json\/wp\/v2\/pages\/27389\/revisions"}],"predecessor-version":[{"id":36627,"href":"https:\/\/adventurecountrytracks.com\/fr\/wp-json\/wp\/v2\/pages\/27389\/revisions\/36627"}],"wp:attachment":[{"href":"https:\/\/adventurecountrytracks.com\/fr\/wp-json\/wp\/v2\/media?parent=27389"}],"curies":[{"name":"wp","href":"https:\/\/api.w.org\/{rel}","templated":true}]}}