{"id":32945,"date":"2024-10-28T16:20:33","date_gmt":"2024-10-28T15:20:33","guid":{"rendered":"https:\/\/adventurecountrytracks.com\/?page_id=32945"},"modified":"2024-10-29T19:25:47","modified_gmt":"2024-10-29T18:25:47","slug":"regles-du-forum","status":"publish","type":"page","link":"https:\/\/adventurecountrytracks.com\/fr\/forum-rules\/","title":{"rendered":"R\u00e8gles du forum"},"content":{"rendered":"<div data-elementor-type=\"wp-page\" data-elementor-id=\"32945\" class=\"elementor elementor-32945\" data-elementor-post-type=\"page\">\n\t\t\t\t\t\t<section class=\"elementor-section elementor-top-section elementor-element elementor-element-6ddd0ea2 elementor-section-content-middle elementor-reverse-mobile elementor-section-height-min-height elementor-section-full_width elementor-section-height-default elementor-section-items-middle\" data-id=\"6ddd0ea2\" data-element_type=\"section\" data-e-type=\"section\" data-settings=\"{&quot;background_background&quot;:&quot;classic&quot;,&quot;shape_divider_top&quot;:&quot;triangle&quot;}\">\n\t\t\t\t\t<div class=\"elementor-shape elementor-shape-top\" aria-hidden=\"true\" data-negative=\"false\">\n\t\t\t<svg xmlns=\"http:\/\/www.w3.org\/2000\/svg\" viewbox=\"0 0 1000 100\" preserveaspectratio=\"none\">\n\t<path class=\"elementor-shape-fill\" d=\"M500,98.9L0,6.1V0h1000v6.1L500,98.9z\"\/>\n<\/svg>\t\t<\/div>\n\t\t\t\t\t<div class=\"elementor-container elementor-column-gap-default\">\n\t\t\t\t\t<div class=\"elementor-column elementor-col-100 elementor-top-column elementor-element elementor-element-2a3628ba\" data-id=\"2a3628ba\" data-element_type=\"column\" data-e-type=\"column\">\n\t\t\t<div class=\"elementor-widget-wrap elementor-element-populated\">\n\t\t\t\t\t\t<div class=\"elementor-element elementor-element-2c660a9 elementor-widget elementor-widget-heading\" data-id=\"2c660a9\" data-element_type=\"widget\" data-e-type=\"widget\" data-widget_type=\"heading.default\">\n\t\t\t\t<div class=\"elementor-widget-container\">\n\t\t\t\t\t<h2 class=\"elementor-heading-title elementor-size-default\">R\u00c8GLES DU FORUM ACT<\/h2>\t\t\t\t<\/div>\n\t\t\t\t<\/div>\n\t\t\t\t<section class=\"elementor-section elementor-inner-section elementor-element elementor-element-64c5ade1 elementor-section-content-top elementor-section-boxed elementor-section-height-default elementor-section-height-default\" data-id=\"64c5ade1\" data-element_type=\"section\" data-e-type=\"section\">\n\t\t\t\t\t\t<div class=\"elementor-container elementor-column-gap-wider\">\n\t\t\t\t\t<div class=\"elementor-column elementor-col-50 elementor-inner-column elementor-element elementor-element-52e94eb5\" data-id=\"52e94eb5\" data-element_type=\"column\" data-e-type=\"column\">\n\t\t\t<div class=\"elementor-widget-wrap elementor-element-populated\">\n\t\t\t\t\t\t<div class=\"elementor-element elementor-element-2e7b20f2 elementor-widget elementor-widget-heading\" data-id=\"2e7b20f2\" data-element_type=\"widget\" data-e-type=\"widget\" data-widget_type=\"heading.default\">\n\t\t\t\t<div class=\"elementor-widget-container\">\n\t\t\t\t\t<h2 class=\"elementor-heading-title elementor-size-default\">\u00c9CRIT.<br>RESPECT.<br>PROFITE-EN.<\/h2>\t\t\t\t<\/div>\n\t\t\t\t<\/div>\n\t\t\t\t<div class=\"elementor-element elementor-element-f1955fd elementor-icon-list--layout-traditional elementor-list-item-link-full_width elementor-widget elementor-widget-icon-list\" data-id=\"f1955fd\" data-element_type=\"widget\" data-e-type=\"widget\" data-widget_type=\"icon-list.default\">\n\t\t\t\t<div class=\"elementor-widget-container\">\n\t\t\t\t\t\t\t<ul class=\"elementor-icon-list-items\">\n\t\t\t\t\t\t\t<li class=\"elementor-icon-list-item\">\n\t\t\t\t\t\t\t\t\t\t<span class=\"elementor-icon-list-text\">Langue de communication officielle <br>L'Adventure Country Tracks e.V. et sa communaut\u00e9 sont internationaux, ils traversent les fronti\u00e8res et les continents. Et comme dans toute communaut\u00e9 de cette nature, il est important que les membres communiquent en utilisant un langage commun. Un langage qui rend les sujets et le contenu partag\u00e9s facilement compr\u00e9hensibles et consultables pour une si grande vari\u00e9t\u00e9 de nationalit\u00e9s de membres. C'est pourquoi la communication officielle du forum ACT est l'anglais. Gr\u00e2ce aux capacit\u00e9s et aux outils de traduction actuels, chaque membre qui ne parle pas couramment l'anglais peut rapidement traduire un contenu sp\u00e9cifique dans sa langue maternelle. En veillant \u00e0 ce que tout le contenu du forum ACT soit r\u00e9dig\u00e9 dans la m\u00eame langue, on s'assure de disposer d'un r\u00e9f\u00e9rentiel d'informations solide et unifi\u00e9, utilisable par tous.<\/span>\n\t\t\t\t\t\t\t\t\t<\/li>\n\t\t\t\t\t\t\t\t<li class=\"elementor-icon-list-item\">\n\t\t\t\t\t\t\t\t\t\t<span class=\"elementor-icon-list-text\"><\/span>\n\t\t\t\t\t\t\t\t\t<\/li>\n\t\t\t\t\t\t\t\t<li class=\"elementor-icon-list-item\">\n\t\t\t\t\t\t\t\t\t\t<span class=\"elementor-icon-list-text\"><\/span>\n\t\t\t\t\t\t\t\t\t<\/li>\n\t\t\t\t\t\t\t\t<li class=\"elementor-icon-list-item\">\n\t\t\t\t\t\t\t\t\t\t\t<span class=\"elementor-icon-list-icon\">\n\t\t\t\t\t\t\t<i aria-hidden=\"true\" class=\"fas fa-caret-down\"><\/i>\t\t\t\t\t\t<\/span>\n\t\t\t\t\t\t\t\t\t\t<span class=\"elementor-icon-list-text\">Nous attendons des membres du forum ACT :<\/span>\n\t\t\t\t\t\t\t\t\t<\/li>\n\t\t\t\t\t\t\t\t<li class=\"elementor-icon-list-item\">\n\t\t\t\t\t\t\t\t\t\t<span class=\"elementor-icon-list-text\"><\/span>\n\t\t\t\t\t\t\t\t\t<\/li>\n\t\t\t\t\t\t\t\t<li class=\"elementor-icon-list-item\">\n\t\t\t\t\t\t\t\t\t\t<span class=\"elementor-icon-list-text\"><\/span>\n\t\t\t\t\t\t\t\t\t<\/li>\n\t\t\t\t\t\t\t\t<li class=\"elementor-icon-list-item\">\n\t\t\t\t\t\t\t\t\t\t\t<span class=\"elementor-icon-list-icon\">\n\t\t\t\t\t\t\t<i aria-hidden=\"true\" class=\"fas fa-check\"><\/i>\t\t\t\t\t\t<\/span>\n\t\t\t\t\t\t\t\t\t\t<span class=\"elementor-icon-list-text\">Utiliser ce forum int\u00e9gr\u00e9 dans l'esprit d'ACT <\/span>\n\t\t\t\t\t\t\t\t\t<\/li>\n\t\t\t\t\t\t\t\t<li class=\"elementor-icon-list-item\">\n\t\t\t\t\t\t\t\t\t\t\t<span class=\"elementor-icon-list-icon\">\n\t\t\t\t\t\t\t<i aria-hidden=\"true\" class=\"fas fa-check\"><\/i>\t\t\t\t\t\t<\/span>\n\t\t\t\t\t\t\t\t\t\t<span class=\"elementor-icon-list-text\">Reste amical<\/span>\n\t\t\t\t\t\t\t\t\t<\/li>\n\t\t\t\t\t\t\t\t<li class=\"elementor-icon-list-item\">\n\t\t\t\t\t\t\t\t\t\t\t<span class=\"elementor-icon-list-icon\">\n\t\t\t\t\t\t\t<i aria-hidden=\"true\" class=\"fas fa-check\"><\/i>\t\t\t\t\t\t<\/span>\n\t\t\t\t\t\t\t\t\t\t<span class=\"elementor-icon-list-text\">Sois courtois et respectueux. Appr\u00e9cie que les autres puissent avoir une opinion diff\u00e9rente de la tienne.<\/span>\n\t\t\t\t\t\t\t\t\t<\/li>\n\t\t\t\t\t\t\t\t<li class=\"elementor-icon-list-item\">\n\t\t\t\t\t\t\t\t\t\t\t<span class=\"elementor-icon-list-icon\">\n\t\t\t\t\t\t\t<i aria-hidden=\"true\" class=\"fas fa-check\"><\/i>\t\t\t\t\t\t<\/span>\n\t\t\t\t\t\t\t\t\t\t<span class=\"elementor-icon-list-text\">Reste dans le sujet<\/span>\n\t\t\t\t\t\t\t\t\t<\/li>\n\t\t\t\t\t\t\t\t<li class=\"elementor-icon-list-item\">\n\t\t\t\t\t\t\t\t\t\t\t<span class=\"elementor-icon-list-icon\">\n\t\t\t\t\t\t\t<i aria-hidden=\"true\" class=\"fas fa-check\"><\/i>\t\t\t\t\t\t<\/span>\n\t\t\t\t\t\t\t\t\t\t<span class=\"elementor-icon-list-text\">Il s'agit d'un forum d'ACT<\/span>\n\t\t\t\t\t\t\t\t\t<\/li>\n\t\t\t\t\t\t\t\t<li class=\"elementor-icon-list-item\">\n\t\t\t\t\t\t\t\t\t\t\t<span class=\"elementor-icon-list-icon\">\n\t\t\t\t\t\t\t<i aria-hidden=\"true\" class=\"fas fa-check\"><\/i>\t\t\t\t\t\t<\/span>\n\t\t\t\t\t\t\t\t\t\t<span class=\"elementor-icon-list-text\">Cherche d'abord, demande ensuite <\/span>\n\t\t\t\t\t\t\t\t\t<\/li>\n\t\t\t\t\t\t\t\t<li class=\"elementor-icon-list-item\">\n\t\t\t\t\t\t\t\t\t\t\t<span class=\"elementor-icon-list-icon\">\n\t\t\t\t\t\t\t<i aria-hidden=\"true\" class=\"fas fa-check\"><\/i>\t\t\t\t\t\t<\/span>\n\t\t\t\t\t\t\t\t\t\t<span class=\"elementor-icon-list-text\">Partage tes connaissances<\/span>\n\t\t\t\t\t\t\t\t\t<\/li>\n\t\t\t\t\t\t\t\t<li class=\"elementor-icon-list-item\">\n\t\t\t\t\t\t\t\t\t\t\t<span class=\"elementor-icon-list-icon\">\n\t\t\t\t\t\t\t<i aria-hidden=\"true\" class=\"fas fa-check\"><\/i>\t\t\t\t\t\t<\/span>\n\t\t\t\t\t\t\t\t\t\t<span class=\"elementor-icon-list-text\">S'abstenir de tout comportement ou discours d\u00e9gradant, discriminatoire ou harcelant.<\/span>\n\t\t\t\t\t\t\t\t\t<\/li>\n\t\t\t\t\t\t<\/ul>\n\t\t\t\t\t\t<\/div>\n\t\t\t\t<\/div>\n\t\t\t\t\t<\/div>\n\t\t<\/div>\n\t\t\t\t<div class=\"elementor-column elementor-col-50 elementor-inner-column elementor-element elementor-element-7814a3f5\" data-id=\"7814a3f5\" data-element_type=\"column\" data-e-type=\"column\" data-settings=\"{&quot;background_background&quot;:&quot;classic&quot;}\">\n\t\t\t<div class=\"elementor-widget-wrap elementor-element-populated\">\n\t\t\t\t\t\t<div class=\"elementor-element elementor-element-2a89422a elementor-widget elementor-widget-heading\" data-id=\"2a89422a\" data-element_type=\"widget\" data-e-type=\"widget\" data-widget_type=\"heading.default\">\n\t\t\t\t<div class=\"elementor-widget-container\">\n\t\t\t\t\t<h2 class=\"elementor-heading-title elementor-size-default\">R\u00e8gles <\/h2>\t\t\t\t<\/div>\n\t\t\t\t<\/div>\n\t\t\t\t<div class=\"elementor-element elementor-element-76830215 elementor-widget elementor-widget-text-editor\" data-id=\"76830215\" data-element_type=\"widget\" data-e-type=\"widget\" data-widget_type=\"text-editor.default\">\n\t\t\t\t<div class=\"elementor-widget-container\">\n\t\t\t\t\t\t\t\t\t<ol><li style=\"font-weight: 400;\"><strong> Reste respectueux des autres membres \u00e0 tout moment.<\/strong><\/li><\/ol><p style=\"font-weight: 400;\">Tous les messages doivent \u00eatre amicaux et\/ou courtois. Tu as tout \u00e0 fait le droit de ne pas \u00eatre d'accord avec les autres membres de la communaut\u00e9 et d'expliquer ton point de vue. Cependant, tu n'es pas libre de les attaquer, de les d\u00e9grader, de les insulter ou de les rabaisser de quelque fa\u00e7on que ce soit, ou de rabaisser la qualit\u00e9 de cette communaut\u00e9. Ind\u00e9pendamment de ton r\u00f4le dans cette communaut\u00e9, ind\u00e9pendamment de ton statut ou de ton occupation professionnelle dans ta vie priv\u00e9e, on attend de toi que tu respectes cette r\u00e8gle.<\/p><ol start=\"2\"><li style=\"font-weight: 400;\"><strong> Ne publie pas de messages, de liens ou d'images sensibles ou \"offensants\".<\/strong><\/li><\/ol><p style=\"font-weight: 400;\">Tout mat\u00e9riel qui constitue de la diffamation, du harc\u00e8lement ou de l'abus est strictement interdit. Le mat\u00e9riel \u00e0 contenu religieux. Le mat\u00e9riel \u00e0 caract\u00e8re sexuel ou autrement obsc\u00e8ne, raciste ou excessivement discriminatoire n'est pas autoris\u00e9 dans ce forum. Cela inclut les photos des utilisateurs. Fais preuve de bon sens lorsque tu envoies des messages.<\/p><ol start=\"3\"><li style=\"font-weight: 400;\"><strong> Ne publie pas de mat\u00e9riel qui viole les droits d'auteur ni de contenu li\u00e9 \u00e0 des sujets ill\u00e9gaux.<\/strong><\/li><\/ol><p style=\"font-weight: 400;\">Il est interdit de fournir ou de demander des informations sur la fa\u00e7on d'obtenir ill\u00e9galement tout type de mat\u00e9riel prot\u00e9g\u00e9 par des droits d'auteur. Il est interdit de partager ou de faire r\u00e9f\u00e9rence \u00e0 tout contenu li\u00e9 \u00e0 des sujets ou des actions ill\u00e9gales. Il est \u00e9galement interdit de partager des informations relatives \u00e0 des itin\u00e9raires\/pistes ill\u00e9gaux.<\/p><ol start=\"4\"><li style=\"font-weight: 400;\"><strong> N'envoie pas de questions crois\u00e9es<\/strong><\/li><\/ol><p style=\"font-weight: 400;\">Merci de ne pas poster la m\u00eame question dans plusieurs sujets ou fils de discussion. Il y a normalement une cat\u00e9gorie du forum qui est la plus appropri\u00e9e pour poser ta question. Avant de cr\u00e9er un sujet et de demander des informations, cherche d'abord dans le forum pour essayer de trouver les r\u00e9ponses \u00e0 tes questions.<\/p><ol start=\"5\"><li style=\"font-weight: 400;\"><strong> Ne pas envoyer de message aux utilisateurs qui demandent de l'aide<\/strong><\/li><\/ol><p style=\"font-weight: 400;\">N'envoie pas de messages priv\u00e9s aux utilisateurs qui te demandent de l'aide. Si tu as besoin d'aide, cr\u00e9e un nouveau fil de discussion dans le forum appropri\u00e9 et toute la communaut\u00e9 pourra alors t'aider et en b\u00e9n\u00e9ficier. L'objectif du forum est de cr\u00e9er un contenu riche qui devrait \u00eatre en mesure d'aider les membres et d'\u00eatre utilis\u00e9 comme un r\u00e9f\u00e9rentiel d'informations.<\/p><ol start=\"6\"><li style=\"font-weight: 400;\"><strong> Pas de spam \/ Publicit\u00e9 \/ Autopromotion dans le forum \/ Escroqueries<\/strong><\/li><\/ol><p style=\"font-weight: 400;\">Ce forum d\u00e9finit le spam comme de la publicit\u00e9 non sollicit\u00e9e pour des biens, des services et\/ou d'autres sites web, ou des messages avec peu de contenu ou sans aucun rapport avec le sujet. Ne spamme pas le forum avec des liens vers ton site ou ton produit, et n'essaie pas de faire l'autopromotion de ton site Web, de ton entreprise ou de tes forums, etc. Le spamming comprend \u00e9galement l'envoi de messages priv\u00e9s \u00e0 un grand nombre d'utilisateurs diff\u00e9rents. NE DEMANDE PAS d'adresses \u00e9lectroniques ou de num\u00e9ros de t\u00e9l\u00e9phone. Ne publie pas d'informations pouvant \u00eatre consid\u00e9r\u00e9es comme une escroquerie ou une activit\u00e9 malveillante.<\/p><ol start=\"7\"><li style=\"font-weight: 400;\"><strong> Pas de partage d'informations personnelles ni de contenu hors du champ d'application d'ACT<\/strong><\/li><\/ol><p style=\"font-weight: 400;\">Ne partage aucune information personnelle. Cela inclut les informations personnelles d'un tiers. Ne partage pas d'informations qui sortent du cadre du site Adventure Country Tracks e.V.<\/p>\t\t\t\t\t\t\t\t<\/div>\n\t\t\t\t<\/div>\n\t\t\t\t\t<\/div>\n\t\t<\/div>\n\t\t\t\t\t<\/div>\n\t\t<\/section>\n\t\t\t\t\t<\/div>\n\t\t<\/div>\n\t\t\t\t\t<\/div>\n\t\t<\/section>\n\t\t\t\t<\/div>","protected":false},"excerpt":{"rendered":"<p>ACT FORUM RULES WRITE.RESPECT.ENJOY. Official Communication Language The Adventure Country Tracks e.V. and its community are international, crossing boarders and continents. And just like in any community of this nature, it is important that the members communicate using a common language. A language that makes the shared topics and content easily understandable and searchable for [&hellip;]<\/p>\n","protected":false},"author":10043,"featured_media":0,"parent":0,"menu_order":0,"comment_status":"closed","ping_status":"closed","template":"","meta":{"_acf_changed":false,"footnotes":""},"class_list":["post-32945","page","type-page","status-publish","hentry"],"acf":[],"_links":{"self":[{"href":"https:\/\/adventurecountrytracks.com\/fr\/wp-json\/wp\/v2\/pages\/32945","targetHints":{"allow":["GET"]}}],"collection":[{"href":"https:\/\/adventurecountrytracks.com\/fr\/wp-json\/wp\/v2\/pages"}],"about":[{"href":"https:\/\/adventurecountrytracks.com\/fr\/wp-json\/wp\/v2\/types\/page"}],"author":[{"embeddable":true,"href":"https:\/\/adventurecountrytracks.com\/fr\/wp-json\/wp\/v2\/users\/10043"}],"replies":[{"embeddable":true,"href":"https:\/\/adventurecountrytracks.com\/fr\/wp-json\/wp\/v2\/comments?post=32945"}],"version-history":[{"count":10,"href":"https:\/\/adventurecountrytracks.com\/fr\/wp-json\/wp\/v2\/pages\/32945\/revisions"}],"predecessor-version":[{"id":33061,"href":"https:\/\/adventurecountrytracks.com\/fr\/wp-json\/wp\/v2\/pages\/32945\/revisions\/33061"}],"wp:attachment":[{"href":"https:\/\/adventurecountrytracks.com\/fr\/wp-json\/wp\/v2\/media?parent=32945"}],"curies":[{"name":"wp","href":"https:\/\/api.w.org\/{rel}","templated":true}]}}