{"id":36305,"date":"2026-02-20T11:43:42","date_gmt":"2026-02-20T10:43:42","guid":{"rendered":"https:\/\/adventurecountrytracks.com\/?page_id=36305"},"modified":"2026-02-20T11:47:22","modified_gmt":"2026-02-20T10:47:22","slug":"faq-ride-train","status":"publish","type":"page","link":"https:\/\/adventurecountrytracks.com\/fr\/faq-ride-train\/","title":{"rendered":"FAQ Ride &amp; Train"},"content":{"rendered":"<div data-elementor-type=\"wp-page\" data-elementor-id=\"36305\" class=\"elementor elementor-36305\" data-elementor-post-type=\"page\">\n\t\t\t\t\t\t<section class=\"elementor-section elementor-top-section elementor-element elementor-element-5a09316c elementor-section-height-min-height elementor-section-boxed elementor-section-height-default elementor-section-items-middle\" data-id=\"5a09316c\" data-element_type=\"section\" data-e-type=\"section\" data-settings=\"{&quot;background_background&quot;:&quot;classic&quot;}\">\n\t\t\t\t\t\t<div class=\"elementor-container elementor-column-gap-default\">\n\t\t\t\t\t<div class=\"elementor-column elementor-col-100 elementor-top-column elementor-element elementor-element-53be1cfb\" data-id=\"53be1cfb\" data-element_type=\"column\" data-e-type=\"column\">\n\t\t\t<div class=\"elementor-widget-wrap\">\n\t\t\t\t\t\t\t<\/div>\n\t\t<\/div>\n\t\t\t\t\t<\/div>\n\t\t<\/section>\n\t\t\t\t<section class=\"elementor-section elementor-top-section elementor-element elementor-element-6a0712f0 elementor-section-boxed elementor-section-height-default elementor-section-height-default\" data-id=\"6a0712f0\" data-element_type=\"section\" data-e-type=\"section\">\n\t\t\t\t\t\t<div class=\"elementor-container elementor-column-gap-default\">\n\t\t\t\t\t<div class=\"elementor-column elementor-col-100 elementor-top-column elementor-element elementor-element-102ce5db\" data-id=\"102ce5db\" data-element_type=\"column\" data-e-type=\"column\">\n\t\t\t<div class=\"elementor-widget-wrap elementor-element-populated\">\n\t\t\t\t\t\t<div class=\"elementor-element elementor-element-351764db elementor-widget elementor-widget-heading\" data-id=\"351764db\" data-element_type=\"widget\" data-e-type=\"widget\" data-widget_type=\"heading.default\">\n\t\t\t\t<div class=\"elementor-widget-container\">\n\t\t\t\t\t<h2 class=\"elementor-heading-title elementor-size-default\">FAQ - ACT Ride &amp; Train<\/h2>\t\t\t\t<\/div>\n\t\t\t\t<\/div>\n\t\t\t\t<div class=\"elementor-element elementor-element-3a343fb9 elementor-widget elementor-widget-text-editor\" data-id=\"3a343fb9\" data-element_type=\"widget\" data-e-type=\"widget\" data-widget_type=\"text-editor.default\">\n\t\t\t\t<div class=\"elementor-widget-container\">\n\t\t\t\t\t\t\t\t\t<p>\u00a0<\/p><p style=\"font-weight: 400;\">\u00a0<\/p><p style=\"font-weight: 400;\">\u00a0<\/p><ol><li style=\"font-weight: 400;\">ACT RIDE &amp; TRAIN EST-IL UN COURS DE FORMATION OU UNE VISITE GUID\u00c9E ?<\/li><\/ol><p style=\"font-weight: 400;\">ACT Ride &amp; Train est un \u00e9v\u00e9nement hors route guid\u00e9 avec des \u00e9l\u00e9ments int\u00e9gr\u00e9s de coaching et de feedback directement sur la piste. Il ne s'agit ni d'un stage classique pour d\u00e9butants, ni d'une excursion touristique \u00e0 moto, mais plut\u00f4t d'une exp\u00e9rience hors route structur\u00e9e \u00e0 caract\u00e8re formateur.<\/p><p style=\"font-weight: 400;\">\u00a0<\/p><ol start=\"2\"><li style=\"font-weight: 400;\">ACT RIDE &amp; TRAIN CONVIENT-IL AUX D\u00c9BUTANTS ?<\/li><\/ol><p style=\"font-weight: 400;\">Non. ACT Ride &amp; Train n'est explicitement pas un cours de formation pour d\u00e9butants. Les participants doivent avoir une exp\u00e9rience de base du tout-terrain et \u00eatre capables de contr\u00f4ler leur moto en toute s\u00e9curit\u00e9 sur du gravier et des surfaces non pav\u00e9es.<\/p><p style=\"font-weight: 400;\">\u00a0<\/p><ol start=\"3\"><li style=\"font-weight: 400;\">QUEL EST LE DEGR\u00c9 D'EXIGENCE DE L'\u00c9V\u00c9NEMENT ?<\/li><\/ol><p style=\"font-weight: 400;\">Le programme ACT Ride &amp; Train s'\u00e9tend sur plusieurs jours cons\u00e9cutifs. Les participants doivent \u00eatre pr\u00eats \u00e0 faire du hors-piste physiquement et mentalement exigeant. La longueur et l'intensit\u00e9 de l'itin\u00e9raire peuvent varier en fonction du terrain, des conditions m\u00e9t\u00e9orologiques et de la dynamique du groupe.<\/p><p style=\"font-weight: 400;\">\u00a0<\/p><ol start=\"4\"><li style=\"font-weight: 400;\">QUEL TYPE DE MOTO EST N\u00c9CESSAIRE ?<\/li><\/ol><p style=\"font-weight: 400;\">Les participants conduisent leurs propres motos homologu\u00e9es pour la route, assur\u00e9es et techniquement solides, qui sont adapt\u00e9es \u00e0 une utilisation hors route. La location de motos ne fait pas partie de l'\u00e9v\u00e9nement.<\/p><p style=\"font-weight: 400;\">\u00a0<\/p><ol start=\"5\"><li style=\"font-weight: 400;\">QUELS SONT LES PNEUS RECOMMAND\u00c9S ?<\/li><\/ol><p style=\"font-weight: 400;\">Nous te conseillons d'utiliser au moins 50\/50 de pneus tout-terrain. Les pneus doivent pouvoir supporter la longueur de la piste et offrir une adh\u00e9rence suffisante. La participation avec des pneus purement routiers n'est pas possible.<\/p><ol start=\"6\"><li style=\"font-weight: 400;\">S'AGIT-IL D'UNE COURSE OU D'UNE COMP\u00c9TITION ?<\/li><\/ol><p style=\"font-weight: 400;\">Non. ACT Ride &amp; Train est une randonn\u00e9e guid\u00e9e en groupe et non une comp\u00e9tition. L'\u00e9quitation doit \u00eatre pratiqu\u00e9e de mani\u00e8re responsable et conform\u00e9ment \u00e0 la r\u00e9glementation en vigueur. Les instructions des instructeurs et des guides d'ACT doivent \u00eatre suivies \u00e0 tout moment.<\/p><p style=\"font-weight: 400;\">\u00a0<\/p><ol start=\"7\"><li style=\"font-weight: 400;\">COMMENT FONCTIONNE LA NAVIGATION ?<\/li><\/ol><p style=\"font-weight: 400;\">Tous les cyclistes re\u00e7oivent un trac\u00e9 GPX pour chaque journ\u00e9e de conduite. Les waypoints tels que les stations-service, les restaurants et les points de contr\u00f4le sont int\u00e9gr\u00e9s. La navigation est \u00e9galement possible avec des applications pour smartphone (par exemple Locus Map). ACT Ride &amp; Train \u00e9tant un \u00e9v\u00e9nement de groupe, la conduite ind\u00e9pendante en dehors du groupe n'est pas autoris\u00e9e.<\/p><p style=\"font-weight: 400;\">\u00a0<\/p><ol start=\"8\"><li style=\"font-weight: 400;\">COMMENT S'ORGANISE LA RESTAURATION ?<\/li><\/ol><p style=\"font-weight: 400;\">Chaque coureur est responsable de sa propre restauration au cours de la journ\u00e9e. Des arr\u00eats sont pr\u00e9vus \u00e0 des endroits appropri\u00e9s pour que tous les participants puissent se restaurer.<\/p><p style=\"font-weight: 400;\">\u00a0<\/p><ol start=\"9\"><li style=\"font-weight: 400;\">Y A-T-IL UN V\u00c9HICULE DE SOUTIEN ?<\/li><\/ol><p style=\"font-weight: 400;\">Non. ACT Ride &amp; Train se d\u00e9roule sans escorte ni v\u00e9hicule de transport de bagages. Les participants transportent eux-m\u00eames leurs bagages personnels sur leur moto.<\/p><p style=\"font-weight: 400;\">\u00a0<\/p><ol start=\"10\"><li style=\"font-weight: 400;\">QU'EST-CE QUI EST INCLUS DANS LE PRIX ?<\/li><\/ol><p style=\"font-weight: 400;\">Le prix comprend : l'exp\u00e9rience guid\u00e9e ACT Ride &amp; Train, les \u00e9l\u00e9ments de coaching int\u00e9gr\u00e9s, le soutien des instructeurs\/guides ACT certifi\u00e9s, la planification et l'organisation de l'excursion, l'h\u00e9bergement et deux d\u00eeners de groupe. Les d\u00e9tails sont indiqu\u00e9s dans la description du service.<\/p><p style=\"font-weight: 400;\">\u00a0<\/p><p style=\"font-weight: 400;\">\u00a0<\/p><ol start=\"11\"><li style=\"font-weight: 400;\">QUELLES SONT LES CONDITIONS DE PAIEMENT ?<\/li><\/ol><p style=\"font-weight: 400;\">En compl\u00e9tant le processus de r\u00e9servation, le participant fait une offre contraignante. Le contrat de voyage est conclu \u00e0 la r\u00e9ception de la confirmation de voyage. La confirmation de voyage est envoy\u00e9e sous forme de texte avec l'attestation d'assurance voyage l\u00e9galement requise. Un acompte de 20% du prix du voyage est \u00e0 verser au cours du processus de r\u00e9servation. Le reste du paiement est d\u00fb au plus tard 6 semaines avant le d\u00e9but de l'\u00e9v\u00e9nement. D'autres d\u00e9tails sont pr\u00e9cis\u00e9s dans les conditions de participation.<\/p><p style=\"font-weight: 400;\">\u00a0<\/p><ol start=\"12\"><li style=\"font-weight: 400;\">RECEVRAI-JE UN CERTIFICAT DE S\u00c9CURIT\u00c9 EN VOYAGE ?<\/li><\/ol><p style=\"font-weight: 400;\">Oui. ACT Ride &amp; Train est organis\u00e9 comme un voyage \u00e0 forfait. Avec la confirmation de voyage, les participants re\u00e7oivent le certificat de s\u00e9curit\u00e9 de voyage l\u00e9galement requis conform\u00e9ment au \u00a7 651r BGB (code civil allemand).<\/p><p style=\"font-weight: 400;\">\u00a0<\/p><ol start=\"13\"><li style=\"font-weight: 400;\">PUIS-JE ANNULER MA R\u00c9SERVATION ?<\/li><\/ol><p style=\"font-weight: 400;\">Oui. La r\u00e9tractation du contrat est possible \u00e0 tout moment. Les frais d'annulation encourus d\u00e9pendent du moment de la r\u00e9tractation et sont pr\u00e9cis\u00e9s dans les conditions de participation. ACT recommande express\u00e9ment de souscrire une assurance annulation de voyage adapt\u00e9e.<\/p><p style=\"font-weight: 400;\">\u00a0<\/p><ol start=\"14\"><li style=\"font-weight: 400;\">PUIS-JE TRANSF\u00c9RER MA PLACE \u00c0 UNE AUTRE PERSONNE ?<\/li><\/ol><p style=\"font-weight: 400;\">Oui. Un rempla\u00e7ant appropri\u00e9 peut \u00eatre fourni jusqu'au d\u00e9but du voyage, \u00e0 condition qu'il remplisse les conditions de participation. De plus amples d\u00e9tails sont sp\u00e9cifi\u00e9s dans les conditions de participation.<\/p><p style=\"font-weight: 400;\">\u00a0<\/p><ol start=\"15\"><li style=\"font-weight: 400;\">Y A-T-IL UN NOMBRE MINIMUM DE PARTICIPANTS ?<\/li><\/ol><p style=\"font-weight: 400;\">Oui. L'\u00e9v\u00e9nement se d\u00e9roulera avec un minimum de 6 participants. Si ce nombre n'est pas atteint, ACT e.V. se r\u00e9serve le droit d'annuler l'\u00e9v\u00e9nement au plus tard 21 jours avant le d\u00e9but. Les paiements d\u00e9j\u00e0 effectu\u00e9s seront int\u00e9gralement rembours\u00e9s.<\/p><p style=\"font-weight: 400;\">\u00a0<\/p><ol start=\"16\"><li style=\"font-weight: 400;\">QUE SE PASSE-T-IL EN CAS DE MAUVAIS TEMPS OU D'\u00c9V\u00c9NEMENTS IMPR\u00c9VUS ?<\/li><\/ol><p style=\"font-weight: 400;\">ACT Ride &amp; Train se d\u00e9roule dans des conditions r\u00e9elles. Les conditions m\u00e9t\u00e9orologiques, les exigences officielles ou des circonstances exceptionnelles peuvent n\u00e9cessiter des ajustements de l'itin\u00e9raire, de l'horaire ou l'annulation. Dans ce cas, les dispositions l\u00e9gales et les conditions de participation s'appliquent.<\/p><p style=\"font-weight: 400;\">\u00a0<\/p><ol start=\"17\"><li style=\"font-weight: 400;\">COMMENT LA RESPONSABILIT\u00c9 EST-ELLE R\u00c9GLEMENT\u00c9E ?<\/li><\/ol><p style=\"font-weight: 400;\">La responsabilit\u00e9 d'ACT e.V. est r\u00e9gie par les dispositions l\u00e9gales de la loi sur les voyages \u00e0 forfait. ACT Ride &amp; Train est un \u00e9v\u00e9nement hors route qui comporte des risques personnels accrus. Les d\u00e9tails concernant la responsabilit\u00e9 sont r\u00e9glement\u00e9s dans les conditions de participation et dans une d\u00e9charge de responsabilit\u00e9 s\u00e9par\u00e9e.<\/p><p style=\"font-weight: 400;\">\u00a0<\/p><ol start=\"18\"><li style=\"font-weight: 400;\">EST-IL POSSIBLE DE R\u00c9SERVER L'EXCURSION EN EXCLUSIVIT\u00c9 ?<\/li><\/ol><p style=\"font-weight: 400;\">Oui. Les groupes ferm\u00e9s ont la possibilit\u00e9 de r\u00e9server exclusivement un \u00e9v\u00e9nement ACT Ride &amp; Train.<\/p><p style=\"font-weight: 400;\">Pour cela, il faut que le groupe soit suffisamment nombreux et que les dates, la r\u00e9gion et le cadre organisationnel soient coordonn\u00e9s \u00e0 l'avance. Les d\u00e9tails sp\u00e9cifiques sont r\u00e9gl\u00e9s individuellement apr\u00e8s consultation.<\/p><p style=\"font-weight: 400;\">Si tu es int\u00e9ress\u00e9, contacte-nous directement pour discuter des options et des conditions.<\/p><p style=\"font-weight: 400;\">\u00a0<\/p><p style=\"font-weight: 400;\">\u00a0<\/p><p style=\"font-weight: 400;\">\u00a0<\/p>\t\t\t\t\t\t\t\t<\/div>\n\t\t\t\t<\/div>\n\t\t\t\t\t<\/div>\n\t\t<\/div>\n\t\t\t\t\t<\/div>\n\t\t<\/section>\n\t\t\t\t<\/div>","protected":false},"excerpt":{"rendered":"<p>FAQ \u2013 ACT Ride &amp; Train \u00a0 \u00a0 \u00a0 IS ACT RIDE &amp; TRAIN A TRAINING COURSE OR A GUIDED TOUR? ACT Ride &amp; Train is a guided off-road event with integrated coaching and feedback elements directly on the track. It is neither a classic beginner&#8217;s training course nor a tourist motorcycle tour, but rather [&hellip;]<\/p>\n","protected":false},"author":15208,"featured_media":0,"parent":0,"menu_order":0,"comment_status":"closed","ping_status":"closed","template":"","meta":{"_acf_changed":false,"footnotes":""},"class_list":["post-36305","page","type-page","status-publish","hentry"],"acf":[],"_links":{"self":[{"href":"https:\/\/adventurecountrytracks.com\/fr\/wp-json\/wp\/v2\/pages\/36305","targetHints":{"allow":["GET"]}}],"collection":[{"href":"https:\/\/adventurecountrytracks.com\/fr\/wp-json\/wp\/v2\/pages"}],"about":[{"href":"https:\/\/adventurecountrytracks.com\/fr\/wp-json\/wp\/v2\/types\/page"}],"author":[{"embeddable":true,"href":"https:\/\/adventurecountrytracks.com\/fr\/wp-json\/wp\/v2\/users\/15208"}],"replies":[{"embeddable":true,"href":"https:\/\/adventurecountrytracks.com\/fr\/wp-json\/wp\/v2\/comments?post=36305"}],"version-history":[{"count":4,"href":"https:\/\/adventurecountrytracks.com\/fr\/wp-json\/wp\/v2\/pages\/36305\/revisions"}],"predecessor-version":[{"id":36312,"href":"https:\/\/adventurecountrytracks.com\/fr\/wp-json\/wp\/v2\/pages\/36305\/revisions\/36312"}],"wp:attachment":[{"href":"https:\/\/adventurecountrytracks.com\/fr\/wp-json\/wp\/v2\/media?parent=36305"}],"curies":[{"name":"wp","href":"https:\/\/api.w.org\/{rel}","templated":true}]}}