{"id":26951,"date":"2022-11-07T18:19:56","date_gmt":"2022-11-07T17:19:56","guid":{"rendered":"https:\/\/adventurecountrytracks.com\/?post_type=product&#038;p=26951"},"modified":"2024-04-17T15:22:43","modified_gmt":"2024-04-17T13:22:43","slug":"tee-shirt-test-copie-3","status":"publish","type":"product","link":"https:\/\/adventurecountrytracks.com\/fr\/product\/tee-shirt-test-copy-3\/","title":{"rendered":"Tee Shirt \"l'original\""},"content":{"rendered":"<p><span style=\"font-weight: 400;\">Soutiens l'ACT e.V. et transmets le message dans le monde entier, au camping, avec l'\u00e9quipe de la randonn\u00e9e. avec une bi\u00e8re au bar. Procure-toi ton \"Original\" d\u00e8s maintenant !<\/span><\/p>\n<p><img fetchpriority=\"high\" decoding=\"async\" class=\"alignnone size-medium wp-image-28631\" src=\"https:\/\/adventurecountrytracks.com\/wp-content\/uploads\/2022\/11\/Bildschirmfoto-2023-03-21-um-21.23.21-800x255.png\" alt=\"\" width=\"800\" height=\"255\" srcset=\"https:\/\/adventurecountrytracks.com\/wp-content\/uploads\/2022\/11\/Bildschirmfoto-2023-03-21-um-21.23.21-800x255.png 800w, https:\/\/adventurecountrytracks.com\/wp-content\/uploads\/2022\/11\/Bildschirmfoto-2023-03-21-um-21.23.21-600x191-600x191-600x191.png 600w, https:\/\/adventurecountrytracks.com\/wp-content\/uploads\/2022\/11\/Bildschirmfoto-2023-03-21-um-21.23.21-1024x326.png 1024w, https:\/\/adventurecountrytracks.com\/wp-content\/uploads\/2022\/11\/Bildschirmfoto-2023-03-21-um-21.23.21-768x244.png 768w, https:\/\/adventurecountrytracks.com\/wp-content\/uploads\/2022\/11\/Bildschirmfoto-2023-03-21-um-21.23.21-1536x489.png 1536w, https:\/\/adventurecountrytracks.com\/wp-content\/uploads\/2022\/11\/Bildschirmfoto-2023-03-21-um-21.23.21-18x6.png 18w, https:\/\/adventurecountrytracks.com\/wp-content\/uploads\/2022\/11\/Bildschirmfoto-2023-03-21-um-21.23.21-264x84.png 264w, https:\/\/adventurecountrytracks.com\/wp-content\/uploads\/2022\/11\/Bildschirmfoto-2023-03-21-um-21.23.21.png 1892w\" sizes=\"(max-width: 800px) 100vw, 800px\" \/><\/p>\n<p>Unisexe<br \/>\n100% Bio-Coton<br \/>\n180 g\/m\u00b2.<\/p>","protected":false},"excerpt":{"rendered":"<p style=\"font-weight: 400;\">Le t-shirt original de l'Adventure Country Tracks. Confortable \u00e0 porter et con\u00e7u comme une chemise d\u00e9contract\u00e9e, tu montres que tu es un supporter de l'ACT depuis la premi\u00e8re heure.<\/p>\n<p style=\"font-weight: 400;\">Logo et lettrage sur le devant, avec la d\u00e9claration classique d'ACT : Rouler - Respecter - S'amuser.<\/p>\n<p style=\"font-weight: 400;\">Tu montres ainsi ton attitude envers les gens, les animaux et la nature. Selon notre code, nous respectons les conditions locales lorsque nous parcourons les derni\u00e8res pistes d'aventure d'Europe et nous faisons tout pour pr\u00e9server ces pistes.<\/p>\n<p>&nbsp;<\/p>","protected":false},"featured_media":27817,"comment_status":"closed","ping_status":"closed","template":"","meta":{"_acf_changed":false},"product_brand":[],"product_cat":[89,165,166],"product_tag":[116,117,119],"class_list":{"0":"post-26951","1":"product","2":"type-product","3":"status-publish","4":"has-post-thumbnail","6":"product_cat-apparel","7":"product_cat-act-originals","8":"product_cat-act-t-shirts","9":"product_tag-eco-friendly","10":"product_tag-cotton","11":"product_tag-t-shirt","12":"pa_size-4xl","13":"pa_size-s","14":"pa_size-5xl","15":"pa_size-m","16":"pa_size-l","17":"pa_size-xl","18":"pa_size-xxl","19":"pa_size-xxxl","21":"first","22":"instock","23":"taxable","24":"shipping-taxable","25":"purchasable","26":"product-type-variable"},"acf":[],"_links":{"self":[{"href":"https:\/\/adventurecountrytracks.com\/fr\/wp-json\/wp\/v2\/product\/26951","targetHints":{"allow":["GET"]}}],"collection":[{"href":"https:\/\/adventurecountrytracks.com\/fr\/wp-json\/wp\/v2\/product"}],"about":[{"href":"https:\/\/adventurecountrytracks.com\/fr\/wp-json\/wp\/v2\/types\/product"}],"replies":[{"embeddable":true,"href":"https:\/\/adventurecountrytracks.com\/fr\/wp-json\/wp\/v2\/comments?post=26951"}],"wp:featuredmedia":[{"embeddable":true,"href":"https:\/\/adventurecountrytracks.com\/fr\/wp-json\/wp\/v2\/media\/27817"}],"wp:attachment":[{"href":"https:\/\/adventurecountrytracks.com\/fr\/wp-json\/wp\/v2\/media?parent=26951"}],"wp:term":[{"taxonomy":"product_brand","embeddable":true,"href":"https:\/\/adventurecountrytracks.com\/fr\/wp-json\/wp\/v2\/product_brand?post=26951"},{"taxonomy":"product_cat","embeddable":true,"href":"https:\/\/adventurecountrytracks.com\/fr\/wp-json\/wp\/v2\/product_cat?post=26951"},{"taxonomy":"product_tag","embeddable":true,"href":"https:\/\/adventurecountrytracks.com\/fr\/wp-json\/wp\/v2\/product_tag?post=26951"}],"curies":[{"name":"wp","href":"https:\/\/api.w.org\/{rel}","templated":true}]}}