{"id":27473,"date":"2022-12-18T16:47:06","date_gmt":"2022-12-18T15:47:06","guid":{"rendered":"https:\/\/adventurecountrytracks.com\/?post_type=product&#038;p=27473"},"modified":"2025-02-12T12:40:34","modified_gmt":"2025-02-12T11:40:34","slug":"tee-shirt-act-m-t-d","status":"publish","type":"product","link":"https:\/\/adventurecountrytracks.com\/fr\/product\/tee-shirt-act-m-t-d\/","title":{"rendered":"Tee Shirt ACT \"la for\u00eat\""},"content":{"rendered":"<p><span style=\"font-weight: 400;\">Soutiens l'ACT e.V. et transmets le message dans le monde, au camping, avec l'\u00e9quipe en randonn\u00e9e, autour d'une bi\u00e8re au bar. Procure-toi d\u00e8s maintenant ton tee-shirt \"Forest\" ! <\/span><\/p>\n<p><img fetchpriority=\"high\" decoding=\"async\" class=\"alignnone wp-image-33839 size-medium\" src=\"https:\/\/adventurecountrytracks.com\/wp-content\/uploads\/2025\/02\/Bildschirmfoto-2025-02-12-um-12.37.17-800x363.png\" alt=\"\" width=\"800\" height=\"363\" srcset=\"https:\/\/adventurecountrytracks.com\/wp-content\/uploads\/2025\/02\/Bildschirmfoto-2025-02-12-um-12.37.17-800x363.png 800w, https:\/\/adventurecountrytracks.com\/wp-content\/uploads\/2025\/02\/Bildschirmfoto-2025-02-12-um-12.37.17-1024x465.png 1024w, https:\/\/adventurecountrytracks.com\/wp-content\/uploads\/2025\/02\/Bildschirmfoto-2025-02-12-um-12.37.17-768x349.png 768w, https:\/\/adventurecountrytracks.com\/wp-content\/uploads\/2025\/02\/Bildschirmfoto-2025-02-12-um-12.37.17-18x8.png 18w, https:\/\/adventurecountrytracks.com\/wp-content\/uploads\/2025\/02\/Bildschirmfoto-2025-02-12-um-12.37.17-600x272.png 600w, https:\/\/adventurecountrytracks.com\/wp-content\/uploads\/2025\/02\/Bildschirmfoto-2025-02-12-um-12.37.17.png 1494w\" sizes=\"(max-width: 800px) 100vw, 800px\" \/><\/p>\n<p>Unisexe<br \/>\n100% Bio-Coton<br \/>\n180 g\/m\u00b2.<\/p>","protected":false},"excerpt":{"rendered":"<p style=\"font-weight: 400;\">La chemise \"Forest\" de la collection Adventure Country Tracks. La chemise de loisirs confortable avec le logo ACT bien visible montre la date de fondation de l'Adventure Country Tracks, les nombreuses ann\u00e9es de travail et le soutien des membres du club pour un projet si unique en Europe.<\/p>\n<p style=\"font-weight: 400;\">Logo et lettrage ACT bien visibles sur le devant, avec la d\u00e9claration classique d'ACT : Rouler - Respecter - S'amuser<br \/>\nC'est ainsi que tu montres ton attitude envers les gens, les animaux et la nature. Selon notre code, nous respectons les conditions locales lorsque nous parcourons les derni\u00e8res pistes d'aventure d'Europe et nous faisons tout pour pr\u00e9server ces pistes.<\/p>","protected":false},"featured_media":27807,"comment_status":"closed","ping_status":"closed","template":"","meta":{"_acf_changed":false},"product_brand":[],"product_cat":[89,165,166],"product_tag":[118,116,117],"class_list":{"0":"post-27473","1":"product","2":"type-product","3":"status-publish","4":"has-post-thumbnail","6":"product_cat-apparel","7":"product_cat-act-originals","8":"product_cat-act-t-shirts","9":"product_tag-original","10":"product_tag-eco-friendly","11":"product_tag-cotton","12":"pa_size-4xl","13":"pa_size-s","14":"pa_size-5xl","15":"pa_size-m","16":"pa_size-l","17":"pa_size-xl","18":"pa_size-xxl","19":"pa_size-xxxl","21":"first","22":"instock","23":"taxable","24":"shipping-taxable","25":"purchasable","26":"product-type-variable"},"acf":[],"_links":{"self":[{"href":"https:\/\/adventurecountrytracks.com\/fr\/wp-json\/wp\/v2\/product\/27473","targetHints":{"allow":["GET"]}}],"collection":[{"href":"https:\/\/adventurecountrytracks.com\/fr\/wp-json\/wp\/v2\/product"}],"about":[{"href":"https:\/\/adventurecountrytracks.com\/fr\/wp-json\/wp\/v2\/types\/product"}],"replies":[{"embeddable":true,"href":"https:\/\/adventurecountrytracks.com\/fr\/wp-json\/wp\/v2\/comments?post=27473"}],"wp:featuredmedia":[{"embeddable":true,"href":"https:\/\/adventurecountrytracks.com\/fr\/wp-json\/wp\/v2\/media\/27807"}],"wp:attachment":[{"href":"https:\/\/adventurecountrytracks.com\/fr\/wp-json\/wp\/v2\/media?parent=27473"}],"wp:term":[{"taxonomy":"product_brand","embeddable":true,"href":"https:\/\/adventurecountrytracks.com\/fr\/wp-json\/wp\/v2\/product_brand?post=27473"},{"taxonomy":"product_cat","embeddable":true,"href":"https:\/\/adventurecountrytracks.com\/fr\/wp-json\/wp\/v2\/product_cat?post=27473"},{"taxonomy":"product_tag","embeddable":true,"href":"https:\/\/adventurecountrytracks.com\/fr\/wp-json\/wp\/v2\/product_tag?post=27473"}],"curies":[{"name":"wp","href":"https:\/\/api.w.org\/{rel}","templated":true}]}}