{"id":27477,"date":"2023-08-31T09:30:52","date_gmt":"2023-08-31T07:30:52","guid":{"rendered":"https:\/\/adventurecountrytracks.com\/?post_type=product&#038;p=27477"},"modified":"2025-10-19T07:29:15","modified_gmt":"2025-10-19T05:29:15","slug":"act-jersey-original-vert","status":"publish","type":"product","link":"https:\/\/adventurecountrytracks.com\/fr\/product\/act-jersey-original-green\/","title":{"rendered":"ACT Jersey \"la for\u00eat\" Slim Fit"},"content":{"rendered":"<p><span style=\"font-weight: 400;\">Soutiens l'ACT e.V. et transmets le message au monde entier. Procure-toi ton maillot Rider d\u00e8s maintenant !<\/span><\/p>\n<p>Le processus d'impression par sublimation n'affecte en rien la respirabilit\u00e9.<br \/>\nLes encres d'impression font partie du tissu, ne se remarquent pas et sont absolument lavables.<br \/>\nLa technologie CoolMesh assure un transport rapide de l'humidit\u00e9.<\/p>\n<p><strong>Si tu veux le porter au-dessus d'une armure, choisis au moins 2 tailles de plus -<\/strong><\/p>\n<p><img fetchpriority=\"high\" decoding=\"async\" class=\"alignnone size-medium wp-image-27948\" src=\"https:\/\/adventurecountrytracks.com\/wp-content\/uploads\/2022\/12\/Bildschirmfoto-2022-12-22-um-17.36.19-800x218.png\" alt=\"\" width=\"800\" height=\"218\" srcset=\"https:\/\/adventurecountrytracks.com\/wp-content\/uploads\/2022\/12\/Bildschirmfoto-2022-12-22-um-17.36.19-800x218.png 800w, https:\/\/adventurecountrytracks.com\/wp-content\/uploads\/2022\/12\/Bildschirmfoto-2022-12-22-um-17.36.19-600x163.png 600w, https:\/\/adventurecountrytracks.com\/wp-content\/uploads\/2022\/12\/Bildschirmfoto-2022-12-22-um-17.36.19-1024x279.png 1024w, https:\/\/adventurecountrytracks.com\/wp-content\/uploads\/2022\/12\/Bildschirmfoto-2022-12-22-um-17.36.19-768x209.png 768w, https:\/\/adventurecountrytracks.com\/wp-content\/uploads\/2022\/12\/Bildschirmfoto-2022-12-22-um-17.36.19-18x5.png 18w, https:\/\/adventurecountrytracks.com\/wp-content\/uploads\/2022\/12\/Bildschirmfoto-2022-12-22-um-17.36.19.png 1116w\" sizes=\"(max-width: 800px) 100vw, 800px\" \/><\/p>\n<p>100% polyester<br \/>\nRespirant, s\u00e9chage rapide<br \/>\nTechnologie COOLMESH<br \/>\nOeko Tex 100<\/p>","protected":false},"excerpt":{"rendered":"<p style=\"font-weight: 400;\">La chemise de cavalier pour les journ\u00e9es chaudes. Une coupe optimale avec une fonction absolue. Moins de transpiration, plus de performance sur le v\u00e9lo. Lettres pro\u00e9minentes sur la poitrine, d\u00e9claration d'ACT au dos : Ride - Respect - Enjoy. Stylise les montagnes originales du logo ACT dans leur forme naturelle, rugueuse, sauvage et isol\u00e9e, comme devrait l'\u00eatre une piste d'aventure.<\/p>\n<p style=\"font-weight: 400;\">C'est ainsi que tu montres ton attitude envers les gens, les animaux et la nature. Selon notre code, nous respectons les conditions locales lorsque nous parcourons les derni\u00e8res pistes d'aventure d'Europe et nous faisons tout pour pr\u00e9server ces pistes.<\/p>\n<p>&nbsp;<\/p>","protected":false},"featured_media":28392,"comment_status":"closed","ping_status":"closed","template":"","meta":{"_acf_changed":false},"product_brand":[],"product_cat":[180],"product_tag":[120,121,122],"class_list":{"0":"post-27477","1":"product","2":"type-product","3":"status-publish","4":"has-post-thumbnail","6":"product_cat-sell-out","7":"product_tag-rallye","8":"product_tag-jersey","9":"product_tag-meshtechnologie","10":"pa_size-l","11":"pa_size-xl","12":"pa_size-xxl","13":"pa_size-xxxl","14":"pa_size-s","15":"pa_size-m","17":"first","18":"instock","19":"sale","20":"taxable","21":"shipping-taxable","22":"purchasable","23":"product-type-variable"},"acf":[],"_links":{"self":[{"href":"https:\/\/adventurecountrytracks.com\/fr\/wp-json\/wp\/v2\/product\/27477","targetHints":{"allow":["GET"]}}],"collection":[{"href":"https:\/\/adventurecountrytracks.com\/fr\/wp-json\/wp\/v2\/product"}],"about":[{"href":"https:\/\/adventurecountrytracks.com\/fr\/wp-json\/wp\/v2\/types\/product"}],"replies":[{"embeddable":true,"href":"https:\/\/adventurecountrytracks.com\/fr\/wp-json\/wp\/v2\/comments?post=27477"}],"wp:featuredmedia":[{"embeddable":true,"href":"https:\/\/adventurecountrytracks.com\/fr\/wp-json\/wp\/v2\/media\/28392"}],"wp:attachment":[{"href":"https:\/\/adventurecountrytracks.com\/fr\/wp-json\/wp\/v2\/media?parent=27477"}],"wp:term":[{"taxonomy":"product_brand","embeddable":true,"href":"https:\/\/adventurecountrytracks.com\/fr\/wp-json\/wp\/v2\/product_brand?post=27477"},{"taxonomy":"product_cat","embeddable":true,"href":"https:\/\/adventurecountrytracks.com\/fr\/wp-json\/wp\/v2\/product_cat?post=27477"},{"taxonomy":"product_tag","embeddable":true,"href":"https:\/\/adventurecountrytracks.com\/fr\/wp-json\/wp\/v2\/product_tag?post=27477"}],"curies":[{"name":"wp","href":"https:\/\/api.w.org\/{rel}","templated":true}]}}