{"id":27582,"date":"2022-12-19T22:29:53","date_gmt":"2022-12-19T21:29:53","guid":{"rendered":"https:\/\/adventurecountrytracks.com\/?post_type=product&#038;p=27582"},"modified":"2023-12-22T11:41:00","modified_gmt":"2023-12-22T10:41:00","slug":"act-rider-adventure-cup","status":"publish","type":"product","link":"https:\/\/adventurecountrytracks.com\/fr\/product\/act-rider-adventure-cup\/","title":{"rendered":"Coupe ACT Rider Adventure"},"content":{"rendered":"<p>Mat\u00e9riel : Emalie<br \/>\nRaffinement : Sublimation<br \/>\nCapacit\u00e9 : environ 330 ml<br \/>\nConseils d'entretien : convient au lave-vaisselle<br \/>\nTaille : hauteur 80 mm, \u00d8 81 mm<br \/>\nsurface imprimable max : 55 x 200 mm<\/p>","protected":false},"excerpt":{"rendered":"<p>Le gobelet ACT Adventure Cup, rugueux et r\u00e9sistant, est le compagnon id\u00e9al pour un caf\u00e9 ou un th\u00e9 chaud pendant la balade.<\/p>\n<p>&nbsp;<\/p>","protected":false},"featured_media":27806,"comment_status":"closed","ping_status":"closed","template":"","meta":{"_acf_changed":false},"product_brand":[],"product_cat":[126,128],"product_tag":[122,120,121],"class_list":{"0":"post-27582","1":"product","2":"type-product","3":"status-publish","4":"has-post-thumbnail","6":"product_cat-merchandising","7":"product_cat-act-accessories","8":"product_tag-meshtechnologie","9":"product_tag-rallye","10":"product_tag-jersey","11":"pa_size-s","12":"pa_size-m","13":"pa_size-l","14":"pa_size-xl","15":"pa_size-xxl","16":"pa_size-xxxl","18":"first","19":"instock","20":"taxable","21":"shipping-taxable","22":"purchasable","23":"product-type-simple"},"acf":[],"_links":{"self":[{"href":"https:\/\/adventurecountrytracks.com\/fr\/wp-json\/wp\/v2\/product\/27582","targetHints":{"allow":["GET"]}}],"collection":[{"href":"https:\/\/adventurecountrytracks.com\/fr\/wp-json\/wp\/v2\/product"}],"about":[{"href":"https:\/\/adventurecountrytracks.com\/fr\/wp-json\/wp\/v2\/types\/product"}],"replies":[{"embeddable":true,"href":"https:\/\/adventurecountrytracks.com\/fr\/wp-json\/wp\/v2\/comments?post=27582"}],"wp:featuredmedia":[{"embeddable":true,"href":"https:\/\/adventurecountrytracks.com\/fr\/wp-json\/wp\/v2\/media\/27806"}],"wp:attachment":[{"href":"https:\/\/adventurecountrytracks.com\/fr\/wp-json\/wp\/v2\/media?parent=27582"}],"wp:term":[{"taxonomy":"product_brand","embeddable":true,"href":"https:\/\/adventurecountrytracks.com\/fr\/wp-json\/wp\/v2\/product_brand?post=27582"},{"taxonomy":"product_cat","embeddable":true,"href":"https:\/\/adventurecountrytracks.com\/fr\/wp-json\/wp\/v2\/product_cat?post=27582"},{"taxonomy":"product_tag","embeddable":true,"href":"https:\/\/adventurecountrytracks.com\/fr\/wp-json\/wp\/v2\/product_tag?post=27582"}],"curies":[{"name":"wp","href":"https:\/\/api.w.org\/{rel}","templated":true}]}}