{"id":27657,"date":"2023-08-31T09:30:52","date_gmt":"2023-08-31T07:30:52","guid":{"rendered":"https:\/\/adventurecountrytracks.com\/?post_type=product&#038;p=27657"},"modified":"2025-07-11T19:01:40","modified_gmt":"2025-07-11T17:01:40","slug":"act-pays-jersey-royaume-uni","status":"publish","type":"product","link":"https:\/\/adventurecountrytracks.com\/fr\/product\/act-country-jersey-united-kingdom\/","title":{"rendered":"ACT Country Jersey \"United Kingdom\" Slim Fit"},"content":{"rendered":"<p style=\"font-weight: 400;\">Le maillot du Royaume-Uni est imprim\u00e9 dans les couleurs classiques de l'Union Jack , avec le logo ACT sur la poitrine et dans le dos, le nom du pays dans le logo sp\u00e9cial du pays.<\/p>\n<p style=\"font-weight: 400;\"><span style=\"font-weight: 400;\">Le maillot fonctionnel pour le coureur d'aventure actif. Sensation de l\u00e9g\u00e8ret\u00e9, ventilation optimale, mat\u00e9riaux extensibles respirants. Le maillot de cavalier pour les journ\u00e9es chaudes. Une coupe optimale avec une fonction absolue. Moins de transpiration, plus de performance sur le v\u00e9lo. Par temps plus froid, ce maillot est parfait pour \u00eatre port\u00e9 par-dessus ta premi\u00e8re couche, ce qui permet une meilleure circulation de l'air et emp\u00eache l'accumulation d'humidit\u00e9. S'adapte aussi parfaitement pour rouler avec Body Armour... il suffit de commander une autre taille....<\/span><\/p>\n<p><span style=\"font-weight: 400;\">Un objet de collection exceptionnel - roule une piste \u00e0 la fois et compl\u00e8te ta collection de pays.<br \/>\nMontre ton soutien \u00e0 l'un des projets les plus cool pour les cavaliers d'aventure en Europe. Tu en fais partie, tu y appartiens et tu soutiens l'\u00e9quipe. Un maillot classique \u00e0 manches courtes en coton solide de haute qualit\u00e9. Montre o\u00f9 tu as \u00e9t\u00e9, montre qui tu soutiens !<\/span><\/p>\n<p><strong>Si tu veux le porter au-dessus d'une armure, choisis au moins 2 tailles de plus -<\/strong><\/p>\n<p><img fetchpriority=\"high\" decoding=\"async\" class=\"alignnone size-medium wp-image-27948\" src=\"https:\/\/adventurecountrytracks.com\/wp-content\/uploads\/2022\/12\/Bildschirmfoto-2022-12-22-um-17.36.19-800x218.png\" alt=\"\" width=\"800\" height=\"218\" srcset=\"https:\/\/adventurecountrytracks.com\/wp-content\/uploads\/2022\/12\/Bildschirmfoto-2022-12-22-um-17.36.19-800x218.png 800w, https:\/\/adventurecountrytracks.com\/wp-content\/uploads\/2022\/12\/Bildschirmfoto-2022-12-22-um-17.36.19-600x163.png 600w, https:\/\/adventurecountrytracks.com\/wp-content\/uploads\/2022\/12\/Bildschirmfoto-2022-12-22-um-17.36.19-1024x279.png 1024w, https:\/\/adventurecountrytracks.com\/wp-content\/uploads\/2022\/12\/Bildschirmfoto-2022-12-22-um-17.36.19-768x209.png 768w, https:\/\/adventurecountrytracks.com\/wp-content\/uploads\/2022\/12\/Bildschirmfoto-2022-12-22-um-17.36.19-18x5.png 18w, https:\/\/adventurecountrytracks.com\/wp-content\/uploads\/2022\/12\/Bildschirmfoto-2022-12-22-um-17.36.19.png 1116w\" sizes=\"(max-width: 800px) 100vw, 800px\" \/><\/p>\n<p>100% polyester<br \/>\nRespirant, s\u00e9chage rapide<br \/>\nTechnologie COOLMESH<br \/>\nOeko Tex 100<\/p>","protected":false},"excerpt":{"rendered":"<p style=\"font-weight: 400;\">Le \"Pays Jersey \"Royaume-Uni\" de la collection Adventure Country Tracks.<\/p>\n<p style=\"font-weight: 400;\">Tu pr\u00e9pares ton parcours au Royaume-Uni ou tu l'as d\u00e9j\u00e0 fait ? S<\/p>\n<p><span style=\"font-weight: 400;\">comment ton \u00e9quipe que tu as \u00e9t\u00e9 sur la route et que tu as ma\u00eetris\u00e9 la piste au Pays de Galles, sur l'\u00eele de Man et dans le nord de l'Angleterre, que tu t'es enlis\u00e9 dans les pubs, que tu t'es battu contre le climat anglais et que tu as fait tes preuves sur l'une des derni\u00e8res pistes d'aventure d'Europe. Une exp\u00e9rience d'un genre particulier, l'une des derni\u00e8res aventures en Europe. <\/span><\/p>","protected":false},"featured_media":28389,"comment_status":"closed","ping_status":"closed","template":"","meta":{"_acf_changed":false},"product_brand":[],"product_cat":[180],"product_tag":[120,121,122],"class_list":{"0":"post-27657","1":"product","2":"type-product","3":"status-publish","4":"has-post-thumbnail","6":"product_cat-sell-out","7":"product_tag-rallye","8":"product_tag-jersey","9":"product_tag-meshtechnologie","10":"pa_size-s","11":"pa_size-m","12":"pa_size-l","13":"pa_size-xl","14":"pa_size-xxl","15":"pa_size-xxxl","17":"first","18":"instock","19":"sale","20":"taxable","21":"shipping-taxable","22":"purchasable","23":"product-type-variable"},"acf":[],"_links":{"self":[{"href":"https:\/\/adventurecountrytracks.com\/fr\/wp-json\/wp\/v2\/product\/27657","targetHints":{"allow":["GET"]}}],"collection":[{"href":"https:\/\/adventurecountrytracks.com\/fr\/wp-json\/wp\/v2\/product"}],"about":[{"href":"https:\/\/adventurecountrytracks.com\/fr\/wp-json\/wp\/v2\/types\/product"}],"replies":[{"embeddable":true,"href":"https:\/\/adventurecountrytracks.com\/fr\/wp-json\/wp\/v2\/comments?post=27657"}],"wp:featuredmedia":[{"embeddable":true,"href":"https:\/\/adventurecountrytracks.com\/fr\/wp-json\/wp\/v2\/media\/28389"}],"wp:attachment":[{"href":"https:\/\/adventurecountrytracks.com\/fr\/wp-json\/wp\/v2\/media?parent=27657"}],"wp:term":[{"taxonomy":"product_brand","embeddable":true,"href":"https:\/\/adventurecountrytracks.com\/fr\/wp-json\/wp\/v2\/product_brand?post=27657"},{"taxonomy":"product_cat","embeddable":true,"href":"https:\/\/adventurecountrytracks.com\/fr\/wp-json\/wp\/v2\/product_cat?post=27657"},{"taxonomy":"product_tag","embeddable":true,"href":"https:\/\/adventurecountrytracks.com\/fr\/wp-json\/wp\/v2\/product_tag?post=27657"}],"curies":[{"name":"wp","href":"https:\/\/api.w.org\/{rel}","templated":true}]}}