{"id":27659,"date":"2023-08-31T09:30:52","date_gmt":"2023-08-31T07:30:52","guid":{"rendered":"https:\/\/adventurecountrytracks.com\/?post_type=product&#038;p=27659"},"modified":"2026-04-15T16:31:29","modified_gmt":"2026-04-15T14:31:29","slug":"act-country-t-shirt-royaume-uni","status":"publish","type":"product","link":"https:\/\/adventurecountrytracks.com\/fr\/product\/act-country-t-shirt-united-kingdom\/","title":{"rendered":"T-Shirt ACT Country \"Royaume-Uni\""},"content":{"rendered":"<p style=\"font-weight: 400;\">La chemise britannique est imprim\u00e9e dans les couleurs classiques de l'Union Jack , avec le logo ACT sur la poitrine et dans le dos, le nom du pays dans le logo sp\u00e9cial du pays.<\/p>\n<p style=\"font-weight: 400;\"><span style=\"font-weight: 400;\">Un objet de collection exceptionnel - roule une piste \u00e0 la fois et compl\u00e8te ta collection de pays.<br \/>\n<\/span><span style=\"font-weight: 400;\">Montre ton soutien \u00e0 l'un des projets les plus cool pour les cavaliers d'aventure en Europe. <\/span><\/p>\n<p style=\"font-weight: 400;\"><span style=\"font-weight: 400;\">Le processus d'impression par sublimation n'affecte en rien la respirabilit\u00e9.<br \/>\nLes encres d'impression font partie du tissu, ne se remarquent pas et sont absolument lavables.<br \/>\nLa technologie CoolMesh assure un transport rapide de l'humidit\u00e9.<\/span><\/p>\n<p><img fetchpriority=\"high\" decoding=\"async\" class=\"alignnone size-medium wp-image-27949\" src=\"https:\/\/adventurecountrytracks.com\/wp-content\/uploads\/2022\/12\/Bildschirmfoto-2022-12-22-um-17.38.33-800x232.png\" alt=\"\" width=\"800\" height=\"232\" srcset=\"https:\/\/adventurecountrytracks.com\/wp-content\/uploads\/2022\/12\/Bildschirmfoto-2022-12-22-um-17.38.33-800x232.png 800w, https:\/\/adventurecountrytracks.com\/wp-content\/uploads\/2022\/12\/Bildschirmfoto-2022-12-22-um-17.38.33-600x174-600x174-600x174-600x174.png 600w, https:\/\/adventurecountrytracks.com\/wp-content\/uploads\/2022\/12\/Bildschirmfoto-2022-12-22-um-17.38.33-1024x297.png 1024w, https:\/\/adventurecountrytracks.com\/wp-content\/uploads\/2022\/12\/Bildschirmfoto-2022-12-22-um-17.38.33-768x223.png 768w, https:\/\/adventurecountrytracks.com\/wp-content\/uploads\/2022\/12\/Bildschirmfoto-2022-12-22-um-17.38.33-18x5.png 18w, https:\/\/adventurecountrytracks.com\/wp-content\/uploads\/2022\/12\/Bildschirmfoto-2022-12-22-um-17.38.33.png 1110w\" sizes=\"(max-width: 800px) 100vw, 800px\" \/><\/p>\n<p>100% polyester<br \/>\nRespirant, s\u00e9chage rapide<br \/>\nTechnologie COOLMESH<br \/>\nOeko Tex 100<\/p>","protected":false},"excerpt":{"rendered":"<p style=\"font-weight: 400;\">La chemise de pays \"Royaume-Uni\" de la collection \"Adventure Country Tracks\".<\/p>\n<p data-start=\"169\" data-end=\"233\">Es-tu en train de planifier ton parcours au Royaume-Uni - ou l'as-tu d\u00e9j\u00e0 termin\u00e9 ?<\/p>\n<p data-start=\"235\" data-end=\"485\">Montre \u00e0 ton \u00e9quipe que tu as pris la route et ma\u00eetris\u00e9 les pistes \u00e0 travers le Pays de Galles, l'\u00eele de Man et le nord de l'Angleterre. Tu t'es battu dans la boue, tu as endur\u00e9 le climat britannique impr\u00e9visible et tu t'es peut-\u00eatre m\u00eame retrouv\u00e9 coinc\u00e9 dans quelques pubs en cours de route.<\/p>\n<p data-start=\"487\" data-end=\"652\">Prouve que tu as conquis l'une des derni\u00e8res vraies pistes d'aventure d'Europe - une exp\u00e9rience \u00e0 nulle autre pareille. L'une des derni\u00e8res grandes aventures qui attendent encore d'\u00eatre v\u00e9cues.<\/p>","protected":false},"featured_media":28386,"comment_status":"closed","ping_status":"closed","template":"","meta":{"_acf_changed":false},"product_brand":[],"product_cat":[180],"product_tag":[120,121,122],"class_list":{"0":"post-27659","1":"product","2":"type-product","3":"status-publish","4":"has-post-thumbnail","6":"product_cat-sell-out","7":"product_tag-rallye","8":"product_tag-jersey","9":"product_tag-meshtechnologie","10":"pa_size-xxl","11":"pa_size-xxxl","12":"pa_size-s","13":"pa_size-m","14":"pa_size-l","15":"pa_size-xl","17":"first","18":"instock","19":"taxable","20":"shipping-taxable","21":"purchasable","22":"product-type-variable"},"acf":[],"_links":{"self":[{"href":"https:\/\/adventurecountrytracks.com\/fr\/wp-json\/wp\/v2\/product\/27659","targetHints":{"allow":["GET"]}}],"collection":[{"href":"https:\/\/adventurecountrytracks.com\/fr\/wp-json\/wp\/v2\/product"}],"about":[{"href":"https:\/\/adventurecountrytracks.com\/fr\/wp-json\/wp\/v2\/types\/product"}],"replies":[{"embeddable":true,"href":"https:\/\/adventurecountrytracks.com\/fr\/wp-json\/wp\/v2\/comments?post=27659"}],"wp:featuredmedia":[{"embeddable":true,"href":"https:\/\/adventurecountrytracks.com\/fr\/wp-json\/wp\/v2\/media\/28386"}],"wp:attachment":[{"href":"https:\/\/adventurecountrytracks.com\/fr\/wp-json\/wp\/v2\/media?parent=27659"}],"wp:term":[{"taxonomy":"product_brand","embeddable":true,"href":"https:\/\/adventurecountrytracks.com\/fr\/wp-json\/wp\/v2\/product_brand?post=27659"},{"taxonomy":"product_cat","embeddable":true,"href":"https:\/\/adventurecountrytracks.com\/fr\/wp-json\/wp\/v2\/product_cat?post=27659"},{"taxonomy":"product_tag","embeddable":true,"href":"https:\/\/adventurecountrytracks.com\/fr\/wp-json\/wp\/v2\/product_tag?post=27659"}],"curies":[{"name":"wp","href":"https:\/\/api.w.org\/{rel}","templated":true}]}}