{"id":30185,"date":"2023-12-22T11:02:08","date_gmt":"2023-12-22T10:02:08","guid":{"rendered":"https:\/\/adventurecountrytracks.com\/product\/act-greece-jersey-new\/"},"modified":"2026-04-27T13:43:11","modified_gmt":"2026-04-27T11:43:11","slug":"act-greece-jersey-new","status":"publish","type":"product","link":"https:\/\/adventurecountrytracks.com\/fr\/product\/act-greece-jersey-new\/","title":{"rendered":"ACT GREECE Jersey NEW fit 2024 Collection"},"content":{"rendered":"<h2>Description<\/h2>\n<p>Le maillot ACT GREECE est imprim\u00e9 dans les couleurs classiques du drapeau et des couleurs de la Gr\u00e8ce, avec le logo ACT sur la poitrine et dans le dos, le nom du pays dans le logo sp\u00e9cial du pays.<\/p>\n<p>Le maillot fonctionnel pour le coureur d'aventure actif. Sensation de l\u00e9g\u00e8ret\u00e9, ventilation optimale, mat\u00e9riaux extensibles respirants. Le maillot de cavalier pour les journ\u00e9es chaudes. Une coupe optimale avec une fonction absolue. Moins de transpiration, plus de performance sur le v\u00e9lo. Par temps plus froid, ce maillot est parfait pour \u00eatre port\u00e9 par-dessus ta premi\u00e8re couche, ce qui permet une meilleure circulation de l'air et emp\u00eache l'accumulation d'humidit\u00e9. S'adapte aussi parfaitement pour rouler avec Body Armour... il suffit de commander une autre taille....<\/p>\n<p>Un objet de collection exceptionnel - roule une piste \u00e0 la fois et compl\u00e8te ta collection de pays.<br \/>\nMontre ton soutien \u00e0 l'un des projets les plus cool pour les cavaliers d'aventure en Europe. Tu en fais partie, tu y appartiens et tu soutiens l'\u00e9quipe. Un maillot classique \u00e0 manches courtes en coton solide de haute qualit\u00e9. Montre o\u00f9 tu as \u00e9t\u00e9, montre qui tu soutiens !<\/p>\n<p><strong>Si tu veux le porter au-dessus d'une armure, choisis au moins une taille de plus -<\/strong><\/p>\n<p><img fetchpriority=\"high\" decoding=\"async\" class=\"alignnone size-medium wp-image-27948\" src=\"https:\/\/adventurecountrytracks.com\/wp-content\/uploads\/2022\/12\/Bildschirmfoto-2022-12-22-um-17.36.19-800x218.png\" sizes=\"(max-width: 800px) 100vw, 800px\" srcset=\"https:\/\/adventurecountrytracks.com\/wp-content\/uploads\/2022\/12\/Bildschirmfoto-2022-12-22-um-17.36.19-800x218.png 800w, https:\/\/adventurecountrytracks.com\/wp-content\/uploads\/2022\/12\/Bildschirmfoto-2022-12-22-um-17.36.19-1024x279.png 1024w, https:\/\/adventurecountrytracks.com\/wp-content\/uploads\/2022\/12\/Bildschirmfoto-2022-12-22-um-17.36.19-768x209.png 768w, https:\/\/adventurecountrytracks.com\/wp-content\/uploads\/2022\/12\/Bildschirmfoto-2022-12-22-um-17.36.19-18x5.png 18w, https:\/\/adventurecountrytracks.com\/wp-content\/uploads\/2022\/12\/Bildschirmfoto-2022-12-22-um-17.36.19-600x163.png 600w, https:\/\/adventurecountrytracks.com\/wp-content\/uploads\/2022\/12\/Bildschirmfoto-2022-12-22-um-17.36.19-300x82.png 300w, https:\/\/adventurecountrytracks.com\/wp-content\/uploads\/2022\/12\/Bildschirmfoto-2022-12-22-um-17.36.19.png 1116w\" alt=\"\" width=\"800\" height=\"218\" \/><\/p>\n<p>100% polyester<br \/>\nRespirant, s\u00e9chage rapide<br \/>\nTechnologie COOLMESH<br \/>\nOeko Tex 100<\/p>","protected":false},"excerpt":{"rendered":"<p>Le \"Pays Jersey \"Gr\u00e8ce\" de la collection Adventure Country Tracks. avec le <strong>NOUVELLE forme<\/strong>,<\/p>\n<p>Tu planifies ton parcours en Gr\u00e8ce ou tu l'as d\u00e9j\u00e0 fait ?<\/p>\n<p>comment ton \u00e9quipe que tu as \u00e9t\u00e9 sur la route et que tu as ma\u00eetris\u00e9 la piste en Gr\u00e8ce, que tu t'es battu dans les montagnes grecques et que tu as fait tes preuves sur l'une des derni\u00e8res pistes d'aventure d'Europe. Une exp\u00e9rience d'un genre particulier, l'une des derni\u00e8res aventures en Europe.<\/p>\n<p>&nbsp;<\/p>","protected":false},"featured_media":30552,"comment_status":"open","ping_status":"closed","template":"","meta":{"_acf_changed":false},"product_brand":[],"product_cat":[89,164],"product_tag":[],"class_list":{"0":"post-30185","1":"product","2":"type-product","3":"status-publish","4":"has-post-thumbnail","6":"product_cat-apparel","7":"product_cat-act-country-shirts","8":"pa_size-xxl","9":"pa_size-4xl","10":"pa_size-5xl","11":"pa_size-xs","12":"pa_size-3xl","13":"pa_size-s","14":"pa_size-m","15":"pa_size-l","16":"pa_size-xl","18":"first","19":"instock","20":"taxable","21":"shipping-taxable","22":"purchasable","23":"product-type-variable"},"acf":[],"_links":{"self":[{"href":"https:\/\/adventurecountrytracks.com\/fr\/wp-json\/wp\/v2\/product\/30185","targetHints":{"allow":["GET"]}}],"collection":[{"href":"https:\/\/adventurecountrytracks.com\/fr\/wp-json\/wp\/v2\/product"}],"about":[{"href":"https:\/\/adventurecountrytracks.com\/fr\/wp-json\/wp\/v2\/types\/product"}],"replies":[{"embeddable":true,"href":"https:\/\/adventurecountrytracks.com\/fr\/wp-json\/wp\/v2\/comments?post=30185"}],"wp:featuredmedia":[{"embeddable":true,"href":"https:\/\/adventurecountrytracks.com\/fr\/wp-json\/wp\/v2\/media\/30552"}],"wp:attachment":[{"href":"https:\/\/adventurecountrytracks.com\/fr\/wp-json\/wp\/v2\/media?parent=30185"}],"wp:term":[{"taxonomy":"product_brand","embeddable":true,"href":"https:\/\/adventurecountrytracks.com\/fr\/wp-json\/wp\/v2\/product_brand?post=30185"},{"taxonomy":"product_cat","embeddable":true,"href":"https:\/\/adventurecountrytracks.com\/fr\/wp-json\/wp\/v2\/product_cat?post=30185"},{"taxonomy":"product_tag","embeddable":true,"href":"https:\/\/adventurecountrytracks.com\/fr\/wp-json\/wp\/v2\/product_tag?post=30185"}],"curies":[{"name":"wp","href":"https:\/\/api.w.org\/{rel}","templated":true}]}}