{"id":30205,"date":"2023-12-22T11:02:08","date_gmt":"2023-12-22T10:02:08","guid":{"rendered":"https:\/\/adventurecountrytracks.com\/product\/act-greece-t-shirt-new\/"},"modified":"2026-03-29T09:51:35","modified_gmt":"2026-03-29T07:51:35","slug":"act-greece-t-shirt-new","status":"publish","type":"product","link":"https:\/\/adventurecountrytracks.com\/fr\/product\/act-greece-t-shirt-new\/","title":{"rendered":"ACT GREECE Riding T-Shirt NEW 2024"},"content":{"rendered":"<p style=\"font-weight: 400;\">La chemise GREECE est imprim\u00e9e dans les couleurs classiques du drapeau et des couleurs de la Gr\u00e8ce, avec le logo ACT sur la poitrine et dans le dos, le nom du pays dans le logo sp\u00e9cial du pays.<\/p>\n<p style=\"font-weight: 400;\"><span style=\"font-weight: 400;\">Un objet de collection exceptionnel - roule une piste \u00e0 la fois et compl\u00e8te ta collection de pays.<br \/>\n<\/span><span style=\"font-weight: 400;\">Montre ton soutien \u00e0 l'un des projets les plus cool pour les cavaliers d'aventure en Europe. <\/span><\/p>\n<p style=\"font-weight: 400;\"><span style=\"font-weight: 400;\">Le processus d'impression par sublimation n'affecte en rien la respirabilit\u00e9.<br \/>\nLes encres d'impression font partie du tissu, ne se remarquent pas et sont absolument lavables.<br \/>\nLa technologie CoolMesh assure un transport rapide de l'humidit\u00e9.<\/span><\/p>\n<p><img fetchpriority=\"high\" decoding=\"async\" class=\"alignnone size-medium wp-image-27949\" src=\"https:\/\/adventurecountrytracks.com\/wp-content\/uploads\/2022\/12\/Bildschirmfoto-2022-12-22-um-17.38.33-800x232.png\" alt=\"\" width=\"800\" height=\"232\" srcset=\"https:\/\/adventurecountrytracks.com\/wp-content\/uploads\/2022\/12\/Bildschirmfoto-2022-12-22-um-17.38.33-800x232.png 800w, https:\/\/adventurecountrytracks.com\/wp-content\/uploads\/2022\/12\/Bildschirmfoto-2022-12-22-um-17.38.33-600x174-600x174-600x174-600x174.png 600w, https:\/\/adventurecountrytracks.com\/wp-content\/uploads\/2022\/12\/Bildschirmfoto-2022-12-22-um-17.38.33-1024x297.png 1024w, https:\/\/adventurecountrytracks.com\/wp-content\/uploads\/2022\/12\/Bildschirmfoto-2022-12-22-um-17.38.33-768x223.png 768w, https:\/\/adventurecountrytracks.com\/wp-content\/uploads\/2022\/12\/Bildschirmfoto-2022-12-22-um-17.38.33-18x5.png 18w, https:\/\/adventurecountrytracks.com\/wp-content\/uploads\/2022\/12\/Bildschirmfoto-2022-12-22-um-17.38.33.png 1110w\" sizes=\"(max-width: 800px) 100vw, 800px\" \/><\/p>\n<p>100% polyester<br \/>\nRespirant, s\u00e9chage rapide<br \/>\nTechnologie COOLMESH<br \/>\nOeko Tex 100<\/p>","protected":false},"excerpt":{"rendered":"<p style=\"font-weight: 400;\">Le \"Country Shirt \"GREECE\" de la collection Adventure Country Tracks.<\/p>\n<p style=\"font-weight: 400;\">Tu pr\u00e9pares ton voyage en GRECE ou tu l'as d\u00e9j\u00e0 fait ?<\/p>\n<p style=\"font-weight: 400;\">comment ton \u00e9quipe que tu as \u00e9t\u00e9 sur la route et que tu as ma\u00eetris\u00e9 la piste en Gr\u00e8ce et que tu as fait tes preuves sur l'une des derni\u00e8res pistes d'aventure en Europe. Une exp\u00e9rience d'un genre particulier, l'une des derni\u00e8res aventures en Europe.<\/p>","protected":false},"featured_media":31043,"comment_status":"open","ping_status":"closed","template":"","meta":{"_acf_changed":false},"product_brand":[],"product_cat":[166,89,164],"product_tag":[],"class_list":{"0":"post-30205","1":"product","2":"type-product","3":"status-publish","4":"has-post-thumbnail","6":"product_cat-act-t-shirts","7":"product_cat-apparel","8":"product_cat-act-country-shirts","9":"pa_size-m","10":"pa_size-l","11":"pa_size-xl","12":"pa_size-xxl","13":"pa_size-4xl","14":"pa_size-5xl","15":"pa_size-xs","16":"pa_size-3xl","17":"pa_size-s","19":"first","20":"instock","21":"taxable","22":"shipping-taxable","23":"purchasable","24":"product-type-variable"},"acf":[],"_links":{"self":[{"href":"https:\/\/adventurecountrytracks.com\/fr\/wp-json\/wp\/v2\/product\/30205","targetHints":{"allow":["GET"]}}],"collection":[{"href":"https:\/\/adventurecountrytracks.com\/fr\/wp-json\/wp\/v2\/product"}],"about":[{"href":"https:\/\/adventurecountrytracks.com\/fr\/wp-json\/wp\/v2\/types\/product"}],"replies":[{"embeddable":true,"href":"https:\/\/adventurecountrytracks.com\/fr\/wp-json\/wp\/v2\/comments?post=30205"}],"wp:featuredmedia":[{"embeddable":true,"href":"https:\/\/adventurecountrytracks.com\/fr\/wp-json\/wp\/v2\/media\/31043"}],"wp:attachment":[{"href":"https:\/\/adventurecountrytracks.com\/fr\/wp-json\/wp\/v2\/media?parent=30205"}],"wp:term":[{"taxonomy":"product_brand","embeddable":true,"href":"https:\/\/adventurecountrytracks.com\/fr\/wp-json\/wp\/v2\/product_brand?post=30205"},{"taxonomy":"product_cat","embeddable":true,"href":"https:\/\/adventurecountrytracks.com\/fr\/wp-json\/wp\/v2\/product_cat?post=30205"},{"taxonomy":"product_tag","embeddable":true,"href":"https:\/\/adventurecountrytracks.com\/fr\/wp-json\/wp\/v2\/product_tag?post=30205"}],"curies":[{"name":"wp","href":"https:\/\/api.w.org\/{rel}","templated":true}]}}