{"id":30225,"date":"2023-12-22T11:02:07","date_gmt":"2023-12-22T10:02:07","guid":{"rendered":"https:\/\/adventurecountrytracks.com\/product\/act-italy-jersey-new\/"},"modified":"2026-04-15T15:58:59","modified_gmt":"2026-04-15T13:58:59","slug":"act-italy-jersey-new","status":"publish","type":"product","link":"https:\/\/adventurecountrytracks.com\/fr\/product\/act-italy-jersey-new\/","title":{"rendered":"ACT ITALY Jersey NEW fit 2024 Collection"},"content":{"rendered":"<h2>Description<\/h2>\n<p>Le maillot ACT ITALY incarne les teintes vibrantes du drapeau et des couleurs de l'Italie, avec le logo ACT audacieux sur la poitrine et dans le dos, aux c\u00f4t\u00e9s du nom du pays, dans un design frappant sp\u00e9cifique au pays.<\/p>\n<p>Con\u00e7u pour les aventuriers audacieux, ce maillot allie un confort l\u00e9ger \u00e0 une circulation d'air optimale et \u00e0 des mat\u00e9riaux souples et respirants. C'est le maillot id\u00e9al pour les journ\u00e9es torrides sur la route. Con\u00e7u pour un ajustement impeccable qui am\u00e9liore les performances en r\u00e9duisant la transpiration, ce qui te permet de repousser tes limites sur le v\u00e9lo. Lorsque le temps se rafra\u00eechit, superpose-le \u00e0 ton \u00e9quipement de base pour am\u00e9liorer la circulation de l'air et contr\u00f4ler l'humidit\u00e9. Tu as besoin de rouler avec Body Armour ? Il suffit de commander une taille au-dessus pour un ajustement parfait.<\/p>\n<p>Un ajout exceptionnel au tr\u00e9sor de tout collectionneur - conquiers chaque piste et construis ta collection de pays. Montre ton all\u00e9geance \u00e0 l'un des projets les plus cool d'Europe pour les coureurs d'aventure. Tu n'es pas qu'un simple spectateur, tu fais partie int\u00e9grante de cette communaut\u00e9. Fabriqu\u00e9 en coton durable de premi\u00e8re qualit\u00e9, ce maillot classique \u00e0 manches courtes te permet d'afficher fi\u00e8rement tes aventures et ton soutien.<\/p>\n<p><strong>Pour celles qui optent pour le porter par-dessus Armor, nous recommandons de choisir au moins une taille au-dessus pour un confort et un ajustement optimaux.<\/strong><\/p>\n<p>&nbsp;<\/p>\n<p><img fetchpriority=\"high\" decoding=\"async\" class=\"alignnone size-medium wp-image-27948\" src=\"https:\/\/adventurecountrytracks.com\/wp-content\/uploads\/2022\/12\/Bildschirmfoto-2022-12-22-um-17.36.19-800x218.png\" sizes=\"(max-width: 800px) 100vw, 800px\" srcset=\"https:\/\/adventurecountrytracks.com\/wp-content\/uploads\/2022\/12\/Bildschirmfoto-2022-12-22-um-17.36.19-800x218.png 800w, https:\/\/adventurecountrytracks.com\/wp-content\/uploads\/2022\/12\/Bildschirmfoto-2022-12-22-um-17.36.19-1024x279.png 1024w, https:\/\/adventurecountrytracks.com\/wp-content\/uploads\/2022\/12\/Bildschirmfoto-2022-12-22-um-17.36.19-768x209.png 768w, https:\/\/adventurecountrytracks.com\/wp-content\/uploads\/2022\/12\/Bildschirmfoto-2022-12-22-um-17.36.19-18x5.png 18w, https:\/\/adventurecountrytracks.com\/wp-content\/uploads\/2022\/12\/Bildschirmfoto-2022-12-22-um-17.36.19-600x163.png 600w, https:\/\/adventurecountrytracks.com\/wp-content\/uploads\/2022\/12\/Bildschirmfoto-2022-12-22-um-17.36.19-300x82.png 300w, https:\/\/adventurecountrytracks.com\/wp-content\/uploads\/2022\/12\/Bildschirmfoto-2022-12-22-um-17.36.19.png 1116w\" alt=\"\" width=\"800\" height=\"218\" \/><\/p>\n<p>100% polyester<br \/>\nRespirant, s\u00e9chage rapide<br \/>\nTechnologie COOLMESH<br \/>\nOeko Tex 100<\/p>","protected":false},"excerpt":{"rendered":"<p>Le \"Country Jersey Italy\" de la collection Adventure Country Tracks avec la NOUVELLE coupe est ici !<\/p>\n<p>Tu pr\u00e9pares ton aventure sur les pistes italiennes ou tu l'as d\u00e9j\u00e0 conquise ?<\/p>\n<p>Imaginez votre \u00e9quipe sur les routes et \u00e0 la conqu\u00eate des pistes de la Toscane et de l'arri\u00e8re-pays italien. Vous avez savour\u00e9 la cuisine locale dans des trattorias pittoresques, lutt\u00e9 contre un temps impr\u00e9visible et triomph\u00e9 sur l'une des derni\u00e8res pistes d'aventure d'Europe. C'est une exp\u00e9rience extraordinaire, l'une des derni\u00e8res grandes aventures sur le continent.<\/p>","protected":false},"featured_media":30554,"comment_status":"open","ping_status":"closed","template":"","meta":{"_acf_changed":false},"product_brand":[],"product_cat":[89,164],"product_tag":[],"class_list":{"0":"post-30225","1":"product","2":"type-product","3":"status-publish","4":"has-post-thumbnail","6":"product_cat-apparel","7":"product_cat-act-country-shirts","8":"pa_size-xl","9":"pa_size-xxl","10":"pa_size-4xl","11":"pa_size-5xl","12":"pa_size-xs","13":"pa_size-3xl","14":"pa_size-s","15":"pa_size-m","16":"pa_size-l","18":"first","19":"instock","20":"taxable","21":"shipping-taxable","22":"purchasable","23":"product-type-variable"},"acf":[],"_links":{"self":[{"href":"https:\/\/adventurecountrytracks.com\/fr\/wp-json\/wp\/v2\/product\/30225","targetHints":{"allow":["GET"]}}],"collection":[{"href":"https:\/\/adventurecountrytracks.com\/fr\/wp-json\/wp\/v2\/product"}],"about":[{"href":"https:\/\/adventurecountrytracks.com\/fr\/wp-json\/wp\/v2\/types\/product"}],"replies":[{"embeddable":true,"href":"https:\/\/adventurecountrytracks.com\/fr\/wp-json\/wp\/v2\/comments?post=30225"}],"wp:featuredmedia":[{"embeddable":true,"href":"https:\/\/adventurecountrytracks.com\/fr\/wp-json\/wp\/v2\/media\/30554"}],"wp:attachment":[{"href":"https:\/\/adventurecountrytracks.com\/fr\/wp-json\/wp\/v2\/media?parent=30225"}],"wp:term":[{"taxonomy":"product_brand","embeddable":true,"href":"https:\/\/adventurecountrytracks.com\/fr\/wp-json\/wp\/v2\/product_brand?post=30225"},{"taxonomy":"product_cat","embeddable":true,"href":"https:\/\/adventurecountrytracks.com\/fr\/wp-json\/wp\/v2\/product_cat?post=30225"},{"taxonomy":"product_tag","embeddable":true,"href":"https:\/\/adventurecountrytracks.com\/fr\/wp-json\/wp\/v2\/product_tag?post=30225"}],"curies":[{"name":"wp","href":"https:\/\/api.w.org\/{rel}","templated":true}]}}