{"id":30245,"date":"2023-12-22T11:02:07","date_gmt":"2023-12-22T10:02:07","guid":{"rendered":"https:\/\/adventurecountrytracks.com\/product\/act-italy-t-shirt-new\/"},"modified":"2026-03-29T11:07:20","modified_gmt":"2026-03-29T09:07:20","slug":"act-italy-t-shirt-new","status":"publish","type":"product","link":"https:\/\/adventurecountrytracks.com\/fr\/product\/act-italy-t-shirt-new\/","title":{"rendered":"ACT ITALY T-Shirt d'\u00e9quitation NOUVEAU 2024"},"content":{"rendered":"<p>Voici le maillot de l'Italie, qui arbore les couleurs embl\u00e9matiques du drapeau italien, ainsi que l'audacieux logo ACT sur la poitrine et dans le dos, et le nom du pays \u00e9l\u00e9gamment affich\u00e9 dans notre logo de pays unique.<\/p>\n<p>Un must pour les collectionneurs avides - conquiers les pistes une \u00e0 une et construis ta collection de pays ultime. Rejoins la ligue des aventuriers qui soutiennent l'un des projets les plus palpitants pour les cavaliers \u00e0 travers l'Europe.<\/p>\n<p>Gr\u00e2ce \u00e0 notre technique d'impression par sublimation de pointe, respire en toute tranquillit\u00e9 en sachant que la respirabilit\u00e9 n'est pas affect\u00e9e. Les encres se fondent parfaitement dans le tissu, restent indiscernables et compl\u00e8tement lavables, ce qui garantit un design vibrant et durable. Gr\u00e2ce \u00e0 la technologie CoolMesh, l'humidit\u00e9 est rapidement \u00e9vacu\u00e9e pour que tu te sentes fra\u00eeche \u00e0 chaque sortie.<\/p>\n<p><img fetchpriority=\"high\" decoding=\"async\" class=\"alignnone size-medium wp-image-27949\" src=\"https:\/\/adventurecountrytracks.com\/wp-content\/uploads\/2022\/12\/Bildschirmfoto-2022-12-22-um-17.38.33-800x232.png\" alt=\"\" width=\"800\" height=\"232\" srcset=\"https:\/\/adventurecountrytracks.com\/wp-content\/uploads\/2022\/12\/Bildschirmfoto-2022-12-22-um-17.38.33-800x232.png 800w, https:\/\/adventurecountrytracks.com\/wp-content\/uploads\/2022\/12\/Bildschirmfoto-2022-12-22-um-17.38.33-600x174-600x174-600x174-600x174.png 600w, https:\/\/adventurecountrytracks.com\/wp-content\/uploads\/2022\/12\/Bildschirmfoto-2022-12-22-um-17.38.33-1024x297.png 1024w, https:\/\/adventurecountrytracks.com\/wp-content\/uploads\/2022\/12\/Bildschirmfoto-2022-12-22-um-17.38.33-768x223.png 768w, https:\/\/adventurecountrytracks.com\/wp-content\/uploads\/2022\/12\/Bildschirmfoto-2022-12-22-um-17.38.33-18x5.png 18w, https:\/\/adventurecountrytracks.com\/wp-content\/uploads\/2022\/12\/Bildschirmfoto-2022-12-22-um-17.38.33.png 1110w\" sizes=\"(max-width: 800px) 100vw, 800px\" \/><\/p>\n<p>Fabriqu\u00e9e en polyester 100%, cette chemise offre une respirabilit\u00e9 imbattable et des propri\u00e9t\u00e9s de s\u00e9chage rapide. Adopte la technologie COOLMESH pour une exp\u00e9rience de conduite in\u00e9gal\u00e9e. De plus, il est certifi\u00e9 Oeko Tex 100 pour ta tranquillit\u00e9 d'esprit.<\/p>","protected":false},"excerpt":{"rendered":"<p>Le \"Country T-Shirt Italy\" de la collection Adventure Country Tracks est arriv\u00e9 !<\/p>\n<p>Tu pr\u00e9pares ton aventure sur les pistes italiennes ou tu l'as d\u00e9j\u00e0 conquise ?<\/p>\n<p>Imaginez votre \u00e9quipe sur les routes et \u00e0 la conqu\u00eate des pistes de la Toscane et de l'arri\u00e8re-pays italien. Vous avez savour\u00e9 la cuisine locale dans des trattorias pittoresques, lutt\u00e9 contre un temps impr\u00e9visible et triomph\u00e9 sur l'une des derni\u00e8res pistes d'aventure d'Europe. C'est une exp\u00e9rience extraordinaire, l'une des derni\u00e8res grandes aventures sur le continent.<\/p>","protected":false},"featured_media":31042,"comment_status":"open","ping_status":"closed","template":"","meta":{"_acf_changed":false},"product_brand":[],"product_cat":[89,164,166],"product_tag":[],"class_list":{"0":"post-30245","1":"product","2":"type-product","3":"status-publish","4":"has-post-thumbnail","6":"product_cat-apparel","7":"product_cat-act-country-shirts","8":"product_cat-act-t-shirts","9":"pa_size-xs","10":"pa_size-3xl","11":"pa_size-s","12":"pa_size-m","13":"pa_size-l","14":"pa_size-xl","15":"pa_size-xxl","16":"pa_size-4xl","17":"pa_size-5xl","19":"first","20":"instock","21":"taxable","22":"shipping-taxable","23":"purchasable","24":"product-type-variable"},"acf":[],"_links":{"self":[{"href":"https:\/\/adventurecountrytracks.com\/fr\/wp-json\/wp\/v2\/product\/30245","targetHints":{"allow":["GET"]}}],"collection":[{"href":"https:\/\/adventurecountrytracks.com\/fr\/wp-json\/wp\/v2\/product"}],"about":[{"href":"https:\/\/adventurecountrytracks.com\/fr\/wp-json\/wp\/v2\/types\/product"}],"replies":[{"embeddable":true,"href":"https:\/\/adventurecountrytracks.com\/fr\/wp-json\/wp\/v2\/comments?post=30245"}],"wp:featuredmedia":[{"embeddable":true,"href":"https:\/\/adventurecountrytracks.com\/fr\/wp-json\/wp\/v2\/media\/31042"}],"wp:attachment":[{"href":"https:\/\/adventurecountrytracks.com\/fr\/wp-json\/wp\/v2\/media?parent=30245"}],"wp:term":[{"taxonomy":"product_brand","embeddable":true,"href":"https:\/\/adventurecountrytracks.com\/fr\/wp-json\/wp\/v2\/product_brand?post=30245"},{"taxonomy":"product_cat","embeddable":true,"href":"https:\/\/adventurecountrytracks.com\/fr\/wp-json\/wp\/v2\/product_cat?post=30245"},{"taxonomy":"product_tag","embeddable":true,"href":"https:\/\/adventurecountrytracks.com\/fr\/wp-json\/wp\/v2\/product_tag?post=30245"}],"curies":[{"name":"wp","href":"https:\/\/api.w.org\/{rel}","templated":true}]}}