{"id":30347,"date":"2023-12-22T11:02:06","date_gmt":"2023-12-22T10:02:06","guid":{"rendered":"https:\/\/adventurecountrytracks.com\/product\/act-t-shirt-all-black-new\/"},"modified":"2026-05-13T00:36:24","modified_gmt":"2026-05-12T22:36:24","slug":"act-t-shirt-all-black-nouveau","status":"publish","type":"product","link":"https:\/\/adventurecountrytracks.com\/fr\/product\/act-t-shirt-all-black-new\/","title":{"rendered":"T-Shirt ACT Rider \"tout noir\" Nouveau 2024"},"content":{"rendered":"<p>Entre dans le monde de l'aventure avec le Rider Shirt \"all black\" dans ce m\u00e9lange de couleurs captivant qui \u00e9voque l'allure myst\u00e9rieuse des for\u00eats sombres de Roumanie, les contreforts enchanteurs des Pyr\u00e9n\u00e9es et les prairies verdoyantes du Pays de Galles - immerge-toi au c\u0153ur de ton aventure palpitante.<\/p>\n<p>La couleur n'a pas d'importance tant qu'elle est noire - si c'est ton cas, cette chemise est la bonne -<\/p>\n<p>Notre technique avanc\u00e9e d'impression par sublimation pr\u00e9serve la respirabilit\u00e9 de la chemise, en fondant parfaitement les encres dans le tissu pour un design imperceptible et enti\u00e8rement lavable. Gr\u00e2ce \u00e0 la technologie innovante CoolMesh, fais l'exp\u00e9rience d'un transport rapide de l'humidit\u00e9, ce qui te permet de rester \u00e0 l'aise et au sec tout au long de tes escapades.<\/p>\n<p><img fetchpriority=\"high\" decoding=\"async\" class=\"alignnone size-medium wp-image-27949\" src=\"https:\/\/adventurecountrytracks.com\/wp-content\/uploads\/2022\/12\/Bildschirmfoto-2022-12-22-um-17.38.33-800x232.png\" alt=\"\" width=\"800\" height=\"232\" srcset=\"https:\/\/adventurecountrytracks.com\/wp-content\/uploads\/2022\/12\/Bildschirmfoto-2022-12-22-um-17.38.33-800x232.png 800w, https:\/\/adventurecountrytracks.com\/wp-content\/uploads\/2022\/12\/Bildschirmfoto-2022-12-22-um-17.38.33-600x174-600x174-600x174-600x174.png 600w, https:\/\/adventurecountrytracks.com\/wp-content\/uploads\/2022\/12\/Bildschirmfoto-2022-12-22-um-17.38.33-1024x297.png 1024w, https:\/\/adventurecountrytracks.com\/wp-content\/uploads\/2022\/12\/Bildschirmfoto-2022-12-22-um-17.38.33-768x223.png 768w, https:\/\/adventurecountrytracks.com\/wp-content\/uploads\/2022\/12\/Bildschirmfoto-2022-12-22-um-17.38.33-18x5.png 18w, https:\/\/adventurecountrytracks.com\/wp-content\/uploads\/2022\/12\/Bildschirmfoto-2022-12-22-um-17.38.33.png 1110w\" sizes=\"(max-width: 800px) 100vw, 800px\" \/><\/p>\n<p>Fabriqu\u00e9e en polyester 100%, cette chemise n'est pas qu'une question de style ; elle est con\u00e7ue pour une respirabilit\u00e9 optimale et un s\u00e9chage rapide. Embrasse la technologie COOLMESH qui la distingue, tout en veillant \u00e0 ce qu'elle r\u00e9ponde aux normes Oeko Tex 100 pour une qualit\u00e9 et un confort de premier ordre. Pr\u00e9pare-toi \u00e0 canaliser l'essence de divers paysages lorsque tu te lanceras dans ta prochaine aventure palpitante avec style gr\u00e2ce \u00e0 cette chemise Rider exceptionnelle.<\/p>","protected":false},"excerpt":{"rendered":"<p>Voici la chemise fonctionnelle \"all black\" con\u00e7ue pour les aventuriers audacieux. Con\u00e7ue pour l'agilit\u00e9 avec un toucher l\u00e9ger comme une plume, elle b\u00e9n\u00e9ficie d'une ventilation optimale et de mat\u00e9riaux extensibles respirants. Dans la fusion intemporelle ACT noir et noir, d\u00e9couvre les montagnes embl\u00e9matiques ACT associ\u00e9es aux lettres audacieuses \"Adventure Country Tracks\" sur la poitrine. Et dans le dos, saisis la lumi\u00e8re des projecteurs avec la d\u00e9claration retentissante : Ride - Respect - Enjoy.<\/p>\n<p>Ce n'est pas seulement une chemise, c'est un \u00e9quipement performant taill\u00e9 pour ceux qui recherchent des escapades palpitantes. La combinaison de couleurs classiques rend hommage \u00e0 l'essence d'ACT tout en assurant confort et flexibilit\u00e9 lors de tes aventures. \u00c9levez votre conduite et faites une d\u00e9claration \u00e0 chaque mouvement - il est temps d'embrasser le \"tout noir\" et de lib\u00e9rer votre esprit d'aventure.<\/p>","protected":false},"featured_media":31037,"comment_status":"open","ping_status":"closed","template":"","meta":{"_acf_changed":false},"product_brand":[],"product_cat":[89,165,166],"product_tag":[],"class_list":{"0":"post-30347","1":"product","2":"type-product","3":"status-publish","4":"has-post-thumbnail","6":"product_cat-apparel","7":"product_cat-act-originals","8":"product_cat-act-t-shirts","9":"pa_size-3xl","10":"pa_size-s","11":"pa_size-m","12":"pa_size-l","13":"pa_size-xl","14":"pa_size-xxl","15":"pa_size-4xl","16":"pa_size-5xl","17":"pa_size-xs","19":"first","20":"instock","21":"taxable","22":"shipping-taxable","23":"purchasable","24":"product-type-variable"},"acf":[],"_links":{"self":[{"href":"https:\/\/adventurecountrytracks.com\/fr\/wp-json\/wp\/v2\/product\/30347","targetHints":{"allow":["GET"]}}],"collection":[{"href":"https:\/\/adventurecountrytracks.com\/fr\/wp-json\/wp\/v2\/product"}],"about":[{"href":"https:\/\/adventurecountrytracks.com\/fr\/wp-json\/wp\/v2\/types\/product"}],"replies":[{"embeddable":true,"href":"https:\/\/adventurecountrytracks.com\/fr\/wp-json\/wp\/v2\/comments?post=30347"}],"wp:featuredmedia":[{"embeddable":true,"href":"https:\/\/adventurecountrytracks.com\/fr\/wp-json\/wp\/v2\/media\/31037"}],"wp:attachment":[{"href":"https:\/\/adventurecountrytracks.com\/fr\/wp-json\/wp\/v2\/media?parent=30347"}],"wp:term":[{"taxonomy":"product_brand","embeddable":true,"href":"https:\/\/adventurecountrytracks.com\/fr\/wp-json\/wp\/v2\/product_brand?post=30347"},{"taxonomy":"product_cat","embeddable":true,"href":"https:\/\/adventurecountrytracks.com\/fr\/wp-json\/wp\/v2\/product_cat?post=30347"},{"taxonomy":"product_tag","embeddable":true,"href":"https:\/\/adventurecountrytracks.com\/fr\/wp-json\/wp\/v2\/product_tag?post=30347"}],"curies":[{"name":"wp","href":"https:\/\/api.w.org\/{rel}","templated":true}]}}