{"id":30440,"date":"2023-12-22T11:02:06","date_gmt":"2023-12-22T10:02:06","guid":{"rendered":"https:\/\/adventurecountrytracks.com\/product\/act-uk-jersey-new\/"},"modified":"2026-04-15T16:10:15","modified_gmt":"2026-04-15T14:10:15","slug":"act-uk-jersey-new","status":"publish","type":"product","link":"https:\/\/adventurecountrytracks.com\/fr\/product\/act-uk-jersey-new\/","title":{"rendered":"ACT UK Jersey NEW fit 2024 Collection"},"content":{"rendered":"<h2>Description<\/h2>\n<p>\u00c9quipe-toi du maillot ACT UK - une fusion des couleurs embl\u00e9matiques de l'Union Jack, estampill\u00e9e du logo ACT sur la poitrine et dans le dos, et du nom du pays dans un embl\u00e8me sur mesure.<\/p>\n<p>Con\u00e7u pour les \u00e2mes aventuri\u00e8res, ce maillot est ton billet pour un confort l\u00e9ger, une ventilation sup\u00e9rieure et des mat\u00e9riaux souples et respirants. Il s'agit du summum de l'ajustement et de la fonction, qui permet de tenir la sueur \u00e0 distance et de rehausser tes performances \u00e0 v\u00e9lo. Lorsque le froid s'installe, superpose-le \u00e0 ton \u00e9quipement de base pour am\u00e9liorer la circulation de l'air et contr\u00f4ler l'humidit\u00e9. Et oui, il est parfaitement taill\u00e9 pour Body Armour - il suffit de prendre une taille au-dessus pour obtenir la coupe id\u00e9ale.<\/p>\n<p>Pas seulement une chemise - une pi\u00e8ce de collection extraordinaire qui t'appelle \u00e0 conqu\u00e9rir des pistes et \u00e0 compl\u00e9ter ta collection de pays. Montre ton all\u00e9geance \u00e0 l'un des projets les plus palpitants d'Europe pour les cavaliers d'aventure. Tu n'es pas qu'un simple spectateur, tu fais partie de cette tribu. Fabriqu\u00e9 \u00e0 partir d'un coton solide de premier ordre, ce maillot classique \u00e0 manches courtes en dit long sur ton parcours et ton soutien.<\/p>\n<p><strong>Pour ceux qui optent pour Armor, monte d'une taille pour un ajustement optimal qui crie style et confort.<\/strong><\/p>\n<p><img fetchpriority=\"high\" decoding=\"async\" class=\"alignnone size-medium wp-image-27948\" src=\"https:\/\/adventurecountrytracks.com\/wp-content\/uploads\/2022\/12\/Bildschirmfoto-2022-12-22-um-17.36.19-800x218.png\" sizes=\"(max-width: 800px) 100vw, 800px\" srcset=\"https:\/\/adventurecountrytracks.com\/wp-content\/uploads\/2022\/12\/Bildschirmfoto-2022-12-22-um-17.36.19-800x218.png 800w, https:\/\/adventurecountrytracks.com\/wp-content\/uploads\/2022\/12\/Bildschirmfoto-2022-12-22-um-17.36.19-1024x279.png 1024w, https:\/\/adventurecountrytracks.com\/wp-content\/uploads\/2022\/12\/Bildschirmfoto-2022-12-22-um-17.36.19-768x209.png 768w, https:\/\/adventurecountrytracks.com\/wp-content\/uploads\/2022\/12\/Bildschirmfoto-2022-12-22-um-17.36.19-18x5.png 18w, https:\/\/adventurecountrytracks.com\/wp-content\/uploads\/2022\/12\/Bildschirmfoto-2022-12-22-um-17.36.19-600x163.png 600w, https:\/\/adventurecountrytracks.com\/wp-content\/uploads\/2022\/12\/Bildschirmfoto-2022-12-22-um-17.36.19-300x82.png 300w, https:\/\/adventurecountrytracks.com\/wp-content\/uploads\/2022\/12\/Bildschirmfoto-2022-12-22-um-17.36.19.png 1116w\" alt=\"\" width=\"800\" height=\"218\" \/><\/p>\n<p>100% polyester<br \/>\nRespirant, s\u00e9chage rapide<br \/>\nTechnologie COOLMESH<br \/>\nOeko Tex 100<\/p>","protected":false},"excerpt":{"rendered":"<p>Voici le maillot de pays \"United Kingdom\" de notre collection Adventure Country Tracks, maintenant r\u00e9organis\u00e9 avec une marque...<strong> NOUVELLE forme<\/strong>!<\/p>\n<p>Tu te pr\u00e9pares pour ton aventure sur les pistes du Royaume-Uni ou tu l'as d\u00e9j\u00e0 conquise ?<\/p>\n<p>Imagine ton \u00e9quipe, prenant la route et conqu\u00e9rant des pistes \u00e0 travers le Pays de Galles, l'\u00eele de Man et le nord de l'Angleterre. De la navigation dans les pubs anglais \u00e0 la lutte contre le temps impr\u00e9visible, vous vous \u00eates forg\u00e9 un chemin \u00e0 travers tout cela, prouvant votre courage sur l'une des derni\u00e8res pistes d'aventure d'Europe. C'est une exp\u00e9rience extraordinaire, une fois dans la vie, parmi les derni\u00e8res aventures \u00e9piques que l'Europe a \u00e0 offrir.<\/p>\n<p>&nbsp;<\/p>","protected":false},"featured_media":30562,"comment_status":"open","ping_status":"closed","template":"","meta":{"_acf_changed":false},"product_brand":[],"product_cat":[89,164],"product_tag":[],"class_list":{"0":"post-30440","1":"product","2":"type-product","3":"status-publish","4":"has-post-thumbnail","6":"product_cat-apparel","7":"product_cat-act-country-shirts","8":"pa_size-xs","9":"pa_size-3xl","10":"pa_size-s","11":"pa_size-m","12":"pa_size-l","13":"pa_size-xl","14":"pa_size-xxl","15":"pa_size-4xl","16":"pa_size-5xl","18":"first","19":"instock","20":"taxable","21":"shipping-taxable","22":"purchasable","23":"product-type-variable"},"acf":[],"_links":{"self":[{"href":"https:\/\/adventurecountrytracks.com\/fr\/wp-json\/wp\/v2\/product\/30440","targetHints":{"allow":["GET"]}}],"collection":[{"href":"https:\/\/adventurecountrytracks.com\/fr\/wp-json\/wp\/v2\/product"}],"about":[{"href":"https:\/\/adventurecountrytracks.com\/fr\/wp-json\/wp\/v2\/types\/product"}],"replies":[{"embeddable":true,"href":"https:\/\/adventurecountrytracks.com\/fr\/wp-json\/wp\/v2\/comments?post=30440"}],"wp:featuredmedia":[{"embeddable":true,"href":"https:\/\/adventurecountrytracks.com\/fr\/wp-json\/wp\/v2\/media\/30562"}],"wp:attachment":[{"href":"https:\/\/adventurecountrytracks.com\/fr\/wp-json\/wp\/v2\/media?parent=30440"}],"wp:term":[{"taxonomy":"product_brand","embeddable":true,"href":"https:\/\/adventurecountrytracks.com\/fr\/wp-json\/wp\/v2\/product_brand?post=30440"},{"taxonomy":"product_cat","embeddable":true,"href":"https:\/\/adventurecountrytracks.com\/fr\/wp-json\/wp\/v2\/product_cat?post=30440"},{"taxonomy":"product_tag","embeddable":true,"href":"https:\/\/adventurecountrytracks.com\/fr\/wp-json\/wp\/v2\/product_tag?post=30440"}],"curies":[{"name":"wp","href":"https:\/\/api.w.org\/{rel}","templated":true}]}}