{"id":30616,"date":"2023-11-06T11:44:21","date_gmt":"2023-11-06T10:44:21","guid":{"rendered":"https:\/\/adventurecountrytracks.com\/product\/act-jersey-the-forest-new\/"},"modified":"2025-10-25T09:03:17","modified_gmt":"2025-10-25T07:03:17","slug":"act-jersey-the-forest-new","status":"publish","type":"product","link":"https:\/\/adventurecountrytracks.com\/fr\/product\/act-jersey-the-forest-new\/","title":{"rendered":"ACT Jersey \"la for\u00eat\" NEW Fit Collection 2024"},"content":{"rendered":"<p><span style=\"font-weight: 400;\">Soutiens l'ACT e.V. et transmets le message au monde entier. Procure-toi ton maillot Rider d\u00e8s maintenant !<\/span><\/p>\n<p>Le processus d'impression par sublimation n'affecte en rien la respirabilit\u00e9.<br \/>\nLes encres d'impression font partie du tissu, ne se remarquent pas et sont absolument lavables.<br \/>\nLa technologie CoolMesh assure un transport rapide de l'humidit\u00e9.<\/p>\n<p><strong>Si tu veux le porter au-dessus d'une armure, choisis au moins une taille de plus -<\/strong><\/p>\n<p><img fetchpriority=\"high\" decoding=\"async\" class=\"alignnone size-medium wp-image-27948\" src=\"https:\/\/adventurecountrytracks.com\/wp-content\/uploads\/2022\/12\/Bildschirmfoto-2022-12-22-um-17.36.19-800x218.png\" alt=\"\" width=\"800\" height=\"218\" srcset=\"https:\/\/adventurecountrytracks.com\/wp-content\/uploads\/2022\/12\/Bildschirmfoto-2022-12-22-um-17.36.19-800x218.png 800w, https:\/\/adventurecountrytracks.com\/wp-content\/uploads\/2022\/12\/Bildschirmfoto-2022-12-22-um-17.36.19-600x163.png 600w, https:\/\/adventurecountrytracks.com\/wp-content\/uploads\/2022\/12\/Bildschirmfoto-2022-12-22-um-17.36.19-1024x279.png 1024w, https:\/\/adventurecountrytracks.com\/wp-content\/uploads\/2022\/12\/Bildschirmfoto-2022-12-22-um-17.36.19-768x209.png 768w, https:\/\/adventurecountrytracks.com\/wp-content\/uploads\/2022\/12\/Bildschirmfoto-2022-12-22-um-17.36.19-18x5.png 18w, https:\/\/adventurecountrytracks.com\/wp-content\/uploads\/2022\/12\/Bildschirmfoto-2022-12-22-um-17.36.19.png 1116w\" sizes=\"(max-width: 800px) 100vw, 800px\" \/><\/p>\n<p>100% polyester<br \/>\nRespirant, s\u00e9chage rapide<br \/>\nTechnologie COOLMESH<br \/>\nOeko Tex 100<\/p>","protected":false},"excerpt":{"rendered":"<p style=\"font-weight: 400;\">La chemise de cavalier pour les journ\u00e9es chaudes. Optimal <strong>nouveau<\/strong> Un ajustement avec une fonction absolue. Moins de transpiration, plus de performance sur le v\u00e9lo.<\/p>\n<p style=\"font-weight: 400;\">Logo pro\u00e9minent sur la poitrine, d\u00e9claration d'ACT au dos : Ride - Respect - Enjoy au dos. Les montagnes originales du logo ACT sont stylis\u00e9es dans leur forme naturelle, rugueuse, sauvage et isol\u00e9e, comme devrait l'\u00eatre une piste d'aventure.<\/p>\n<p style=\"font-weight: 400;\">C'est ainsi que tu montres ton attitude envers les gens, les animaux et la nature. Selon notre code, nous respectons les conditions locales lorsque nous parcourons les derni\u00e8res pistes d'aventure d'Europe et nous faisons tout pour pr\u00e9server ces pistes.<\/p>","protected":false},"featured_media":28392,"comment_status":"open","ping_status":"closed","template":"","meta":{"_acf_changed":false},"product_brand":[],"product_cat":[89,165],"product_tag":[],"class_list":{"0":"post-30616","1":"product","2":"type-product","3":"status-publish","4":"has-post-thumbnail","6":"product_cat-apparel","7":"product_cat-act-originals","8":"pa_size-xs","9":"pa_size-3xl","10":"pa_size-s","11":"pa_size-m","12":"pa_size-l","13":"pa_size-xl","14":"pa_size-xxl","15":"pa_size-4xl","16":"pa_size-5xl","18":"first","19":"instock","20":"taxable","21":"shipping-taxable","22":"purchasable","23":"product-type-variable"},"acf":[],"_links":{"self":[{"href":"https:\/\/adventurecountrytracks.com\/fr\/wp-json\/wp\/v2\/product\/30616","targetHints":{"allow":["GET"]}}],"collection":[{"href":"https:\/\/adventurecountrytracks.com\/fr\/wp-json\/wp\/v2\/product"}],"about":[{"href":"https:\/\/adventurecountrytracks.com\/fr\/wp-json\/wp\/v2\/types\/product"}],"replies":[{"embeddable":true,"href":"https:\/\/adventurecountrytracks.com\/fr\/wp-json\/wp\/v2\/comments?post=30616"}],"wp:featuredmedia":[{"embeddable":true,"href":"https:\/\/adventurecountrytracks.com\/fr\/wp-json\/wp\/v2\/media\/28392"}],"wp:attachment":[{"href":"https:\/\/adventurecountrytracks.com\/fr\/wp-json\/wp\/v2\/media?parent=30616"}],"wp:term":[{"taxonomy":"product_brand","embeddable":true,"href":"https:\/\/adventurecountrytracks.com\/fr\/wp-json\/wp\/v2\/product_brand?post=30616"},{"taxonomy":"product_cat","embeddable":true,"href":"https:\/\/adventurecountrytracks.com\/fr\/wp-json\/wp\/v2\/product_cat?post=30616"},{"taxonomy":"product_tag","embeddable":true,"href":"https:\/\/adventurecountrytracks.com\/fr\/wp-json\/wp\/v2\/product_tag?post=30616"}],"curies":[{"name":"wp","href":"https:\/\/api.w.org\/{rel}","templated":true}]}}