{"id":30656,"date":"2023-11-06T11:44:50","date_gmt":"2023-11-06T10:44:50","guid":{"rendered":"https:\/\/adventurecountrytracks.com\/product\/act-jersey-the-sunrise-new\/"},"modified":"2026-04-04T14:38:25","modified_gmt":"2026-04-04T12:38:25","slug":"act-jersey-the-sunrise-new","status":"publish","type":"product","link":"https:\/\/adventurecountrytracks.com\/fr\/product\/act-jersey-the-sunrise-new\/","title":{"rendered":"ACT Jersey \"le lever du soleil\" NEW FIT Collection 2024"},"content":{"rendered":"<p>Rejoins le mouvement et amplifie le message avec l'ACT e.V. Soutiens la cause et fais passer le mot en enfilant ton maillot Rider d\u00e8s aujourd'hui !<\/p>\n<p>Plonge dans ce maillot perfectionn\u00e9 o\u00f9 l'impression par sublimation s'int\u00e8gre parfaitement \u00e0 la respirabilit\u00e9, assurant un flux d'air non perturb\u00e9. Les encres se fondent dans le tissu, restant invisibles et compl\u00e8tement lavables, ce qui te permet d'afficher fi\u00e8rement ton soutien sans compromis. Gr\u00e2ce \u00e0 la technologie innovante CoolMesh, l'humidit\u00e9 est rapidement transport\u00e9e, te gardant au sec et \u00e0 l'aise tout au long de tes aventures.<\/p>\n<p><strong>Pour ceux qui choisissent de le superposer au-dessus d'Armor, nous recommandons de choisir au moins une taille au-dessus pour un ajustement parfait et un confort optimal.<\/strong><\/p>\n<p>Con\u00e7u pour refl\u00e9ter ton d\u00e9vouement, ce maillot t\u00e9moigne \u00e0 la fois du style et de l'objectif. Fais-toi remarquer tout en roulant dans un confort supr\u00eame - procure-toi ton maillot Rider et sois la voix de la cause !<\/p>\n<p><img fetchpriority=\"high\" decoding=\"async\" class=\"alignnone size-medium wp-image-27948\" src=\"https:\/\/adventurecountrytracks.com\/wp-content\/uploads\/2022\/12\/Bildschirmfoto-2022-12-22-um-17.36.19-800x218.png\" alt=\"\" width=\"800\" height=\"218\" srcset=\"https:\/\/adventurecountrytracks.com\/wp-content\/uploads\/2022\/12\/Bildschirmfoto-2022-12-22-um-17.36.19-800x218.png 800w, https:\/\/adventurecountrytracks.com\/wp-content\/uploads\/2022\/12\/Bildschirmfoto-2022-12-22-um-17.36.19-600x163.png 600w, https:\/\/adventurecountrytracks.com\/wp-content\/uploads\/2022\/12\/Bildschirmfoto-2022-12-22-um-17.36.19-1024x279.png 1024w, https:\/\/adventurecountrytracks.com\/wp-content\/uploads\/2022\/12\/Bildschirmfoto-2022-12-22-um-17.36.19-768x209.png 768w, https:\/\/adventurecountrytracks.com\/wp-content\/uploads\/2022\/12\/Bildschirmfoto-2022-12-22-um-17.36.19-18x5.png 18w, https:\/\/adventurecountrytracks.com\/wp-content\/uploads\/2022\/12\/Bildschirmfoto-2022-12-22-um-17.36.19.png 1116w\" sizes=\"(max-width: 800px) 100vw, 800px\" \/><\/p>\n<p>100% polyester<br \/>\nRespirant, s\u00e9chage rapide<br \/>\nTechnologie COOLMESH<br \/>\nOeko Tex 100<\/p>","protected":false},"excerpt":{"rendered":"<p>Voici l'arme ultime du cycliste pour les journ\u00e9es torrides. Con\u00e7ue pour une <strong>nouveau<\/strong> C'est ton arme secr\u00e8te contre la sueur, qui te permet de lib\u00e9rer tout ton potentiel sur le v\u00e9lo.<\/p>\n<p>Arborant un logo remarquable sur la poitrine et le mantra ACT \"Ride - Respect - Enjoy\" grav\u00e9 au dos, ce t-shirt incarne l'essence brute de l'aventure. Les montagnes sauvages et accident\u00e9es du logo original d'ACT prennent vie, refl\u00e9tant l'excitation des pistes vierges - accident\u00e9es, sauvages et \u00e9loign\u00e9es, comme toute aventure devrait l'\u00eatre.<\/p>\n<p>Ce n'est pas seulement un v\u00eatement, c'est une d\u00e9claration de ton \u00e9thique envers les gens, les animaux et la nature. En accord avec notre code, nous honorons et pr\u00e9servons l'essence des derni\u00e8res pistes d'aventure en Europe. Porte cette chemise et laisse ton attitude rugir en tant que champion de l'\u00e9quitation d'aventure responsable. Ce n'est pas seulement une chemise, c'est une d\u00e9claration d'intention.<\/p>","protected":false},"featured_media":28400,"comment_status":"open","ping_status":"closed","template":"","meta":{"_acf_changed":false},"product_brand":[],"product_cat":[165,89],"product_tag":[],"class_list":{"0":"post-30656","1":"product","2":"type-product","3":"status-publish","4":"has-post-thumbnail","6":"product_cat-act-originals","7":"product_cat-apparel","8":"pa_size-4xl","9":"pa_size-xs","10":"pa_size-3xl","11":"pa_size-s","12":"pa_size-m","13":"pa_size-l","14":"pa_size-xl","15":"pa_size-xxl","17":"first","18":"instock","19":"taxable","20":"shipping-taxable","21":"purchasable","22":"product-type-variable"},"acf":[],"_links":{"self":[{"href":"https:\/\/adventurecountrytracks.com\/fr\/wp-json\/wp\/v2\/product\/30656","targetHints":{"allow":["GET"]}}],"collection":[{"href":"https:\/\/adventurecountrytracks.com\/fr\/wp-json\/wp\/v2\/product"}],"about":[{"href":"https:\/\/adventurecountrytracks.com\/fr\/wp-json\/wp\/v2\/types\/product"}],"replies":[{"embeddable":true,"href":"https:\/\/adventurecountrytracks.com\/fr\/wp-json\/wp\/v2\/comments?post=30656"}],"wp:featuredmedia":[{"embeddable":true,"href":"https:\/\/adventurecountrytracks.com\/fr\/wp-json\/wp\/v2\/media\/28400"}],"wp:attachment":[{"href":"https:\/\/adventurecountrytracks.com\/fr\/wp-json\/wp\/v2\/media?parent=30656"}],"wp:term":[{"taxonomy":"product_brand","embeddable":true,"href":"https:\/\/adventurecountrytracks.com\/fr\/wp-json\/wp\/v2\/product_brand?post=30656"},{"taxonomy":"product_cat","embeddable":true,"href":"https:\/\/adventurecountrytracks.com\/fr\/wp-json\/wp\/v2\/product_cat?post=30656"},{"taxonomy":"product_tag","embeddable":true,"href":"https:\/\/adventurecountrytracks.com\/fr\/wp-json\/wp\/v2\/product_tag?post=30656"}],"curies":[{"name":"wp","href":"https:\/\/api.w.org\/{rel}","templated":true}]}}