{"id":33022,"date":"2024-10-29T13:46:35","date_gmt":"2024-10-29T12:46:35","guid":{"rendered":"https:\/\/adventurecountrytracks.com\/product\/earpeace\/"},"modified":"2026-05-02T17:20:33","modified_gmt":"2026-05-02T15:20:33","slug":"espace-auriculaire","status":"publish","type":"product","link":"https:\/\/adventurecountrytracks.com\/fr\/product\/earpeace\/","title":{"rendered":"Bouchon d'oreille Earpeace ACT Edition"},"content":{"rendered":"<p>Le bruit du vent ? <strong>MOTO <\/strong>est con\u00e7u avec pr\u00e9cision et pour le confort. Nos bouchons d'oreille sont l'\u00e9quipement dont tu ne savais pas que tu avais besoin. R\u00e9duis le bruit du vent et la fatigue. Fais de ton mieux pour rouler.<\/p>","protected":false},"excerpt":{"rendered":"<p>Le bruit du vent ? <strong>MOTO <\/strong>est con\u00e7u avec pr\u00e9cision et pour le confort. Nos bouchons d'oreille sont l'\u00e9quipement dont tu ne savais pas que tu avais besoin. R\u00e9duis le bruit du vent et la fatigue. Fais de ton mieux pour rouler.<\/p>\n<p>Ce qui est inclus<\/p>\n<p>1 jeu de bouchons d'oreille<br \/>\n1 mallette de transport en aluminium<\/p>\n<p>Entretien et utilisation<\/p>\n<p>Essuie les bouchons d'oreille avec un chiffon humide chaque fois que tu les portes. S'ils sont particuli\u00e8rement sales, tu peux les laver dans de l'eau chaude savonneuse, mais retire le filtre d'att\u00e9nuation avant de plonger le bouchon d'oreille dans l'eau. Ne remets le filtre en place qu'une fois que les bouchons d'oreille ont compl\u00e8tement s\u00e9ch\u00e9.<\/p>\n<p>Voir notre\u00a0<a title=\"\/pages\/instructions pour l&#039;utilisation\" href=\"https:\/\/www.earpeace.co.uk\/pages\/instructions-for-use\">vid\u00e9o p\u00e9dagogique<\/a>\u00a0sur la fa\u00e7on d'ins\u00e9rer correctement EARPEACE.<\/p>\n<p>Remarque : les bouchons d'oreille doivent \u00eatre remplac\u00e9s \u00e0 tout signe d'usure.<\/p>","protected":false},"featured_media":32976,"comment_status":"open","ping_status":"closed","template":"","meta":{"_acf_changed":false},"product_brand":[],"product_cat":[89,128,129,165],"product_tag":[],"class_list":{"0":"post-33022","1":"product","2":"type-product","3":"status-publish","4":"has-post-thumbnail","6":"product_cat-apparel","7":"product_cat-act-accessories","8":"product_cat-act-gear","9":"product_cat-act-originals","11":"first","12":"instock","13":"taxable","14":"shipping-taxable","15":"purchasable","16":"product-type-simple"},"acf":[],"_links":{"self":[{"href":"https:\/\/adventurecountrytracks.com\/fr\/wp-json\/wp\/v2\/product\/33022","targetHints":{"allow":["GET"]}}],"collection":[{"href":"https:\/\/adventurecountrytracks.com\/fr\/wp-json\/wp\/v2\/product"}],"about":[{"href":"https:\/\/adventurecountrytracks.com\/fr\/wp-json\/wp\/v2\/types\/product"}],"replies":[{"embeddable":true,"href":"https:\/\/adventurecountrytracks.com\/fr\/wp-json\/wp\/v2\/comments?post=33022"}],"wp:featuredmedia":[{"embeddable":true,"href":"https:\/\/adventurecountrytracks.com\/fr\/wp-json\/wp\/v2\/media\/32976"}],"wp:attachment":[{"href":"https:\/\/adventurecountrytracks.com\/fr\/wp-json\/wp\/v2\/media?parent=33022"}],"wp:term":[{"taxonomy":"product_brand","embeddable":true,"href":"https:\/\/adventurecountrytracks.com\/fr\/wp-json\/wp\/v2\/product_brand?post=33022"},{"taxonomy":"product_cat","embeddable":true,"href":"https:\/\/adventurecountrytracks.com\/fr\/wp-json\/wp\/v2\/product_cat?post=33022"},{"taxonomy":"product_tag","embeddable":true,"href":"https:\/\/adventurecountrytracks.com\/fr\/wp-json\/wp\/v2\/product_tag?post=33022"}],"curies":[{"name":"wp","href":"https:\/\/api.w.org\/{rel}","templated":true}]}}