{"id":35474,"date":"2025-10-09T09:41:32","date_gmt":"2025-10-09T07:41:32","guid":{"rendered":"https:\/\/adventurecountrytracks.com\/?post_type=product&#038;p=35474"},"modified":"2026-04-10T12:11:35","modified_gmt":"2026-04-10T10:11:35","slug":"francejersey","status":"publish","type":"product","link":"https:\/\/adventurecountrytracks.com\/fr\/product\/francejersey\/","title":{"rendered":"Maillot ACT France"},"content":{"rendered":"<div>\n<div>\n<p><strong>Maillot ACT France\u00a0<\/strong><\/p>\n<p>Le maillot ACT France combine une qualit\u00e9 sup\u00e9rieure avec un design inspir\u00e9 des couleurs nationales du pays qui a d\u00e9clench\u00e9 cette aventure. Que tu roules dans l'arri\u00e8re-pays fran\u00e7ais ou que tu c\u00e9l\u00e9bres simplement ton voyage par la suite - ce maillot te couvre.<\/p>\n<p>Dot\u00e9 d'une palette de couleurs harmonieuse qui refl\u00e8te l'esprit d'ACT France, il est d\u00e9taill\u00e9 avec le logo de la piste sur la poitrine gauche et dans le dos - un v\u00e9ritable accroche-regard. Le nom de la piste \"France\" est imprim\u00e9 sur la manche gauche, tandis que la marque ACT sur la manche droite compl\u00e8te le look avec pr\u00e9cision.<\/p>\n<p>Fabriqu\u00e9 dans un tissu performant respirant et durable, ce maillot offre une coupe parfaite pour un maximum de confort et de libert\u00e9 de mouvement - \u00e0 la fois sur le v\u00e9lo et en dehors.<\/p>\n<\/div>\n<div><\/div>\n<div>Les tailles \u00e0 partir de 4XL ne peuvent \u00eatre command\u00e9es que sur demande sp\u00e9ciale. Pour plus d'informations, envoie un e-mail \u00e0 <a href=\"mailto:info@adventurecountrytracks.com\">info@adventurecountrytracks.com<\/a>.<\/div>\n<\/div>\n<div><\/div>\n<div><\/div>\n<div><img fetchpriority=\"high\" decoding=\"async\" class=\"alignnone size-medium wp-image-34674\" src=\"https:\/\/adventurecountrytracks.com\/wp-content\/uploads\/2024\/10\/Sizing-Jersey-800x217.png\" alt=\"\" width=\"800\" height=\"217\" srcset=\"https:\/\/adventurecountrytracks.com\/wp-content\/uploads\/2024\/10\/Sizing-Jersey-800x217.png 800w, https:\/\/adventurecountrytracks.com\/wp-content\/uploads\/2024\/10\/Sizing-Jersey-1024x278.png 1024w, https:\/\/adventurecountrytracks.com\/wp-content\/uploads\/2024\/10\/Sizing-Jersey-768x208.png 768w, https:\/\/adventurecountrytracks.com\/wp-content\/uploads\/2024\/10\/Sizing-Jersey-1536x417.png 1536w, https:\/\/adventurecountrytracks.com\/wp-content\/uploads\/2024\/10\/Sizing-Jersey-18x5.png 18w, https:\/\/adventurecountrytracks.com\/wp-content\/uploads\/2024\/10\/Sizing-Jersey-600x163.png 600w, https:\/\/adventurecountrytracks.com\/wp-content\/uploads\/2024\/10\/Sizing-Jersey.png 1600w\" sizes=\"(max-width: 800px) 100vw, 800px\" \/><\/div>\n<div><\/div>\n<div><\/div>\n<div>100% polyester<br \/>\nRespirant, s\u00e9chage rapide<br \/>\nTechnologie COOLMESH<br \/>\nOeko Tex 100<\/div>","protected":false},"excerpt":{"rendered":"<p>Le maillot ACT France combine une qualit\u00e9 sup\u00e9rieure avec un design inspir\u00e9 des couleurs nationales du pays qui a d\u00e9clench\u00e9 cette aventure. Que tu roules dans l'arri\u00e8re-pays fran\u00e7ais ou que tu c\u00e9l\u00e9bres simplement ton voyage par la suite - ce maillot te couvre.<\/p>","protected":false},"featured_media":35470,"comment_status":"open","ping_status":"closed","template":"","meta":{"_acf_changed":false},"product_brand":[],"product_cat":[89,164],"product_tag":[],"class_list":{"0":"post-35474","1":"product","2":"type-product","3":"status-publish","4":"has-post-thumbnail","6":"product_cat-apparel","7":"product_cat-act-country-shirts","8":"pa_size-s","9":"pa_size-m","10":"pa_size-l","11":"pa_size-xl","12":"pa_size-xxl","13":"pa_size-4xl","14":"pa_size-5xl","15":"pa_size-xs","16":"pa_size-3xl","18":"first","19":"instock","20":"taxable","21":"shipping-taxable","22":"purchasable","23":"product-type-variable"},"acf":[],"_links":{"self":[{"href":"https:\/\/adventurecountrytracks.com\/fr\/wp-json\/wp\/v2\/product\/35474","targetHints":{"allow":["GET"]}}],"collection":[{"href":"https:\/\/adventurecountrytracks.com\/fr\/wp-json\/wp\/v2\/product"}],"about":[{"href":"https:\/\/adventurecountrytracks.com\/fr\/wp-json\/wp\/v2\/types\/product"}],"replies":[{"embeddable":true,"href":"https:\/\/adventurecountrytracks.com\/fr\/wp-json\/wp\/v2\/comments?post=35474"}],"wp:featuredmedia":[{"embeddable":true,"href":"https:\/\/adventurecountrytracks.com\/fr\/wp-json\/wp\/v2\/media\/35470"}],"wp:attachment":[{"href":"https:\/\/adventurecountrytracks.com\/fr\/wp-json\/wp\/v2\/media?parent=35474"}],"wp:term":[{"taxonomy":"product_brand","embeddable":true,"href":"https:\/\/adventurecountrytracks.com\/fr\/wp-json\/wp\/v2\/product_brand?post=35474"},{"taxonomy":"product_cat","embeddable":true,"href":"https:\/\/adventurecountrytracks.com\/fr\/wp-json\/wp\/v2\/product_cat?post=35474"},{"taxonomy":"product_tag","embeddable":true,"href":"https:\/\/adventurecountrytracks.com\/fr\/wp-json\/wp\/v2\/product_tag?post=35474"}],"curies":[{"name":"wp","href":"https:\/\/api.w.org\/{rel}","templated":true}]}}