{"id":35487,"date":"2025-10-09T11:36:44","date_gmt":"2025-10-09T09:36:44","guid":{"rendered":"https:\/\/adventurecountrytracks.com\/?post_type=product&#038;p=35487"},"modified":"2026-05-10T21:51:52","modified_gmt":"2026-05-10T19:51:52","slug":"act-france-riding-t-shirt","status":"publish","type":"product","link":"https:\/\/adventurecountrytracks.com\/fr\/product\/act-france-riding-t-shirt\/","title":{"rendered":"T-shirt d'\u00e9quitation ACT France"},"content":{"rendered":"<p data-start=\"164\" data-end=\"209\"><strong data-start=\"164\" data-end=\"209\">Chemise d'\u00e9quitation ACT France\u00a0<\/strong><\/p>\n<p data-start=\"218\" data-end=\"379\">Avec des tons bleu marine profonds, un col rouge audacieux et un design alpin \u00e9poustouflant, la chemise d'\u00e9quitation ACT France capture l'essence de l'aventure fran\u00e7aise dans l'arri\u00e8re-pays.<\/p>\n<p data-start=\"381\" data-end=\"687\">Le devant pr\u00e9sente un paysage spectaculaire de montagnes et de for\u00eats en blanc, rouge et noir - \u00e9voquant la beaut\u00e9 brute d'ACT France. Le logo officiel de la piste ACT France tr\u00f4ne fi\u00e8rement sur la poitrine, tandis que le dos pr\u00e9sente l'\u00e9cusson complet ainsi que tous les partenaires de la marque qui la soutiennent, ce qui en fait une v\u00e9ritable pi\u00e8ce de collection.<\/p>\n<p data-start=\"689\" data-end=\"942\">Gr\u00e2ce \u00e0 l'impression par sublimation, l'\u0153uvre d'art fait partie int\u00e9grante du tissu : elle est enti\u00e8rement respirante, ultra-l\u00e9g\u00e8re et durable.<br data-start=\"812\" data-end=\"815\" \/>Le tissu CoolMesh garantit un transport rapide de l'humidit\u00e9, ce qui rend ce tee-shirt parfait pour les randonn\u00e9es intenses comme pour les moments de d\u00e9tente.<\/p>\n<p data-start=\"944\" data-end=\"1046\">Fait partie de la collection officielle ACT Country - \u00e9quipe-toi, roule fi\u00e8rement et compl\u00e8te ton ensemble d'aventures !<\/p>\n<p><img fetchpriority=\"high\" decoding=\"async\" class=\"alignnone size-medium wp-image-27949\" src=\"https:\/\/adventurecountrytracks.com\/wp-content\/uploads\/2022\/12\/Bildschirmfoto-2022-12-22-um-17.38.33-800x232.png\" alt=\"\" width=\"800\" height=\"232\" srcset=\"https:\/\/adventurecountrytracks.com\/wp-content\/uploads\/2022\/12\/Bildschirmfoto-2022-12-22-um-17.38.33-800x232.png 800w, https:\/\/adventurecountrytracks.com\/wp-content\/uploads\/2022\/12\/Bildschirmfoto-2022-12-22-um-17.38.33-600x174-600x174-600x174-600x174.png 600w, https:\/\/adventurecountrytracks.com\/wp-content\/uploads\/2022\/12\/Bildschirmfoto-2022-12-22-um-17.38.33-1024x297.png 1024w, https:\/\/adventurecountrytracks.com\/wp-content\/uploads\/2022\/12\/Bildschirmfoto-2022-12-22-um-17.38.33-768x223.png 768w, https:\/\/adventurecountrytracks.com\/wp-content\/uploads\/2022\/12\/Bildschirmfoto-2022-12-22-um-17.38.33-18x5.png 18w, https:\/\/adventurecountrytracks.com\/wp-content\/uploads\/2022\/12\/Bildschirmfoto-2022-12-22-um-17.38.33.png 1110w\" sizes=\"(max-width: 800px) 100vw, 800px\" \/><\/p>\n<p>100% polyester<br \/>\nRespirant, s\u00e9chage rapide<br \/>\nTechnologie COOLMESH<br \/>\nOeko Tex 100<\/p>","protected":false},"excerpt":{"rendered":"<p style=\"font-weight: 400;\">\ud83c\uddeb\ud83c\uddf7<strong data-start=\"130\" data-end=\"190\">Chemise d'\u00e9quitation ACT France - L'esprit alpin rencontre l'aventure.<\/strong><\/p>\n<p style=\"font-weight: 400;\">Design montagneux audacieux, bleu marine profond, col rouge - le maillot officiel de l'ACT France donne vie \u00e0 la piste.<br data-start=\"299\" data-end=\"302\" \/>Tissu CoolMesh respirant. Impression sublim\u00e9e. Logos officiels des partenaires dans le dos.<\/p>","protected":false},"featured_media":35486,"comment_status":"open","ping_status":"closed","template":"","meta":{"_acf_changed":false},"product_brand":[],"product_cat":[89,164,166],"product_tag":[],"class_list":{"0":"post-35487","1":"product","2":"type-product","3":"status-publish","4":"has-post-thumbnail","6":"product_cat-apparel","7":"product_cat-act-country-shirts","8":"product_cat-act-t-shirts","9":"pa_size-m","10":"pa_size-l","11":"pa_size-xl","12":"pa_size-xxl","13":"pa_size-4xl","14":"pa_size-5xl","15":"pa_size-xs","16":"pa_size-3xl","17":"pa_size-s","19":"first","20":"instock","21":"taxable","22":"shipping-taxable","23":"purchasable","24":"product-type-variable"},"acf":[],"_links":{"self":[{"href":"https:\/\/adventurecountrytracks.com\/fr\/wp-json\/wp\/v2\/product\/35487","targetHints":{"allow":["GET"]}}],"collection":[{"href":"https:\/\/adventurecountrytracks.com\/fr\/wp-json\/wp\/v2\/product"}],"about":[{"href":"https:\/\/adventurecountrytracks.com\/fr\/wp-json\/wp\/v2\/types\/product"}],"replies":[{"embeddable":true,"href":"https:\/\/adventurecountrytracks.com\/fr\/wp-json\/wp\/v2\/comments?post=35487"}],"wp:featuredmedia":[{"embeddable":true,"href":"https:\/\/adventurecountrytracks.com\/fr\/wp-json\/wp\/v2\/media\/35486"}],"wp:attachment":[{"href":"https:\/\/adventurecountrytracks.com\/fr\/wp-json\/wp\/v2\/media?parent=35487"}],"wp:term":[{"taxonomy":"product_brand","embeddable":true,"href":"https:\/\/adventurecountrytracks.com\/fr\/wp-json\/wp\/v2\/product_brand?post=35487"},{"taxonomy":"product_cat","embeddable":true,"href":"https:\/\/adventurecountrytracks.com\/fr\/wp-json\/wp\/v2\/product_cat?post=35487"},{"taxonomy":"product_tag","embeddable":true,"href":"https:\/\/adventurecountrytracks.com\/fr\/wp-json\/wp\/v2\/product_tag?post=35487"}],"curies":[{"name":"wp","href":"https:\/\/api.w.org\/{rel}","templated":true}]}}