{"id":36035,"date":"2026-01-30T09:55:36","date_gmt":"2026-01-30T08:55:36","guid":{"rendered":"https:\/\/adventurecountrytracks.com\/?post_type=product&#038;p=36035"},"modified":"2026-03-31T22:38:03","modified_gmt":"2026-03-31T20:38:03","slug":"36035","status":"publish","type":"product","link":"https:\/\/adventurecountrytracks.com\/fr\/product\/36035\/","title":{"rendered":"ACT Ride &amp; Train France 1\u00e8re \u00e9dition"},"content":{"rendered":"<p data-start=\"770\" data-end=\"987\">ACT Ride &amp; Train n'est pas un stage de formation classique ni un voyage touristique \u00e0 moto.<br data-start=\"856\" data-end=\"859\" \/>Il s'agit d'un \u00e9v\u00e9nement de conduite hors route guid\u00e9e qui combine une conduite r\u00e9elle avec un encadrement pratique et des commentaires directement sur le sentier.<\/p>\n<p data-start=\"989\" data-end=\"1005\">L'accent est mis sur :<\/p>\n<ul data-start=\"1006\" data-end=\"1142\">\n<li data-start=\"1006\" data-end=\"1033\">\n<p data-start=\"1008\" data-end=\"1033\">technique de conduite hors route<\/p>\n<\/li>\n<li data-start=\"1034\" data-end=\"1064\">\n<p data-start=\"1036\" data-end=\"1064\">contr\u00f4le du v\u00e9lo et choix de la ligne<\/p>\n<\/li>\n<li data-start=\"1065\" data-end=\"1112\">\n<p data-start=\"1067\" data-end=\"1112\">Rouler en toute s\u00e9curit\u00e9 et de mani\u00e8re responsable dans les r\u00e9gions isol\u00e9es<\/p>\n<\/li>\n<li data-start=\"1113\" data-end=\"1142\">\n<p data-start=\"1115\" data-end=\"1142\">apprendre par l'exp\u00e9rience<\/p>\n<\/li>\n<\/ul>\n<p data-start=\"1177\" data-end=\"1200\"><strong>La participation est obligatoire :<\/strong><\/p>\n<p data-start=\"1177\" data-end=\"1200\">ACT Ride &amp; Train France se d\u00e9roule sur 9 jours avec 6 jours d'\u00e9quitation. La journ\u00e9e de pr\u00e9paration suppl\u00e9mentaire est obligatoire.<\/p>\n<ul data-start=\"1201\" data-end=\"1409\">\n<li data-start=\"1201\" data-end=\"1235\">\n<p data-start=\"1203\" data-end=\"1235\">exp\u00e9rience de base en conduite hors route<\/p>\n<\/li>\n<li data-start=\"1236\" data-end=\"1296\">\n<p data-start=\"1238\" data-end=\"1296\">contr\u00f4le en toute confiance de la moto sur le gravier et les terrains non pav\u00e9s<\/p>\n<\/li>\n<li data-start=\"1297\" data-end=\"1351\">\n<p data-start=\"1299\" data-end=\"1351\">une bonne forme physique et mentale pour plusieurs jours d'\u00e9quitation<\/p>\n<\/li>\n<li data-start=\"1352\" data-end=\"1409\">\n<p data-start=\"1354\" data-end=\"1409\">une moto homologu\u00e9e pour la route, assur\u00e9e et techniquement saine<\/p>\n<\/li>\n<\/ul>\n<p data-start=\"1411\" data-end=\"1473\">*1 ou 2 jours de techniques de base d'\u00e9quitation - Terrain, si tu n'as pas d'exp\u00e9rience, envoie-nous un email pour en discuter.<\/p>\n<p data-start=\"1411\" data-end=\"1473\">ACT Ride &amp; Train n'est explicitement pas un cours de formation pour d\u00e9butants.<\/p>\n<p data-start=\"1501\" data-end=\"1523\"><strong>Compris dans le prix :<\/strong><\/p>\n<ul data-start=\"1524\" data-end=\"1857\">\n<li data-start=\"1524\" data-end=\"1560\">\n<p data-start=\"1526\" data-end=\"1560\">Exp\u00e9rience guid\u00e9e ACT Ride &amp; Train<\/p>\n<\/li>\n<li data-start=\"1561\" data-end=\"1613\">\n<p data-start=\"1563\" data-end=\"1613\">\u00e9l\u00e9ments int\u00e9gr\u00e9s de formation et d'entra\u00eenement hors route<\/p>\n<\/li>\n<li data-start=\"1614\" data-end=\"1665\">\n<p data-start=\"1616\" data-end=\"1665\">soutien par des instructeurs \/ guides ACT certifi\u00e9s<\/p>\n<\/li>\n<li data-start=\"1666\" data-end=\"1697\">\n<p data-start=\"1668\" data-end=\"1697\">planification d'itin\u00e9raires et navigation<\/p>\n<\/li>\n<li data-start=\"1698\" data-end=\"1734\">\n<p data-start=\"1700\" data-end=\"1734\">des briefings quotidiens pour les coureurs et des commentaires<\/p>\n<\/li>\n<li data-start=\"1735\" data-end=\"1774\">\n<p data-start=\"1737\" data-end=\"1774\">organisation et coordination sur place<\/p>\n<\/li>\n<li data-start=\"1775\" data-end=\"1790\">\n<p data-start=\"1777\" data-end=\"1790\">H\u00e9bergement 8 nuits<\/p>\n<\/li>\n<li data-start=\"1791\" data-end=\"1817\">\n<p data-start=\"1793\" data-end=\"1817\">deux repas du soir partag\u00e9s<\/p>\n<\/li>\n<li data-start=\"1818\" data-end=\"1857\">\n<p data-start=\"1820\" data-end=\"1857\">Autocollant ACT Finisher<\/p>\n<\/li>\n<\/ul>\n<p data-start=\"1859\" data-end=\"1872\"><strong>Non inclus :<\/strong><\/p>\n<ul data-start=\"1873\" data-end=\"2006\">\n<li data-start=\"1873\" data-end=\"1903\">\n<p data-start=\"1875\" data-end=\"1903\">les d\u00e9placements vers et depuis l'\u00e9v\u00e9nement<\/p>\n<\/li>\n<li data-start=\"1904\" data-end=\"1910\">\n<p data-start=\"1906\" data-end=\"1910\">carburant<\/p>\n<\/li>\n<li data-start=\"1911\" data-end=\"1940\">\n<p data-start=\"1913\" data-end=\"1940\">repas et boissons suppl\u00e9mentaires<\/p>\n<\/li>\n<li data-start=\"1941\" data-end=\"1960\">\n<p data-start=\"1943\" data-end=\"1960\">location de motos<\/p>\n<\/li>\n<li data-start=\"1961\" data-end=\"1985\">\n<p data-start=\"1963\" data-end=\"1985\">pi\u00e8ces de rechange ou r\u00e9parations<\/p>\n<\/li>\n<li data-start=\"1986\" data-end=\"2006\">\n<p data-start=\"1988\" data-end=\"2006\">assurance personnelle<\/p>\n<\/li>\n<\/ul>\n<p data-start=\"2037\" data-end=\"2171\"><strong>S\u00e9curit\u00e9 et ex\u00e9cution<\/strong><\/p>\n<p data-start=\"2037\" data-end=\"2171\">ACT Ride &amp; Train est une randonn\u00e9e de groupe guid\u00e9e, et non une comp\u00e9tition.<br data-start=\"2096\" data-end=\"2099\" \/>Toutes les instructions donn\u00e9es par les instructeurs doivent \u00eatre suivies \u00e0 tout moment.<\/p>\n<p data-start=\"2173\" data-end=\"2326\">Certaines parties de l'\u00e9v\u00e9nement se d\u00e9roulent dans des zones recul\u00e9es o\u00f9 l'infrastructure est limit\u00e9e.<br data-start=\"2247\" data-end=\"2250\" \/>Les soins m\u00e9dicaux continus, le r\u00e9tablissement ou le transport de retour ne peuvent pas \u00eatre garantis.<\/p>\n<p data-start=\"2376\" data-end=\"2486\"><strong>Annulation et mentions l\u00e9gales (r\u00e9sum\u00e9 seulement)<\/strong><\/p>\n<p data-start=\"2376\" data-end=\"2486\">Les participants peuvent se retirer du contrat \u00e0 tout moment.<br data-start=\"2432\" data-end=\"2435\" \/>Les frais d'annulation d\u00e9pendent de la date de retrait.<\/p>\n<p data-start=\"2573\" data-end=\"2659\">ACT recommande vivement de souscrire une assurance annulation de voyage ou une assurance \u00e9v\u00e9nement appropri\u00e9e.<\/p>\n<p data-start=\"2666\" data-end=\"2687\"><strong>Informations juridiques<\/strong><\/p>\n<ul data-start=\"2689\" data-end=\"2950\">\n<li data-start=\"2689\" data-end=\"2742\">\n<p data-start=\"2691\" data-end=\"2742\">Organisateur : Adventure Country Tracks e.V. (ACT e.V.)<\/p>\n<\/li>\n<li data-start=\"2850\" data-end=\"2950\">\n<p data-start=\"2852\" data-end=\"2950\">L'\u00e9v\u00e9nement peut faire l'objet de modifications ou d'annulations pour cause de force majeure ou de restrictions officielles.<\/p>\n<\/li>\n<li data-start=\"2850\" data-end=\"2950\">\n<p data-start=\"561\" data-end=\"821\">En r\u00e9servant cet \u00e9v\u00e9nement, le <strong data-start=\"614\" data-end=\"646\">Conditions g\u00e9n\u00e9rales d'utilisation<\/strong> d'Adventure Country Tracks e.V. s'appliquent.<br data-start=\"686\" data-end=\"689\" \/>La participation est soumise \u00e0 la <strong data-start=\"723\" data-end=\"768\">Conditions de participation \u00e0 ACT Ride &amp; Train<\/strong> et exige l'acceptation de la <strong data-start=\"800\" data-end=\"820\">Renonciation \u00e0 la responsabilit\u00e9<\/strong>.<\/p>\n<\/li>\n<li data-start=\"2850\" data-end=\"2950\">Cette offre est un voyage \u00e0 forfait au sens de l'article 651a du code civil allemand (BGB). La fiche d'information juridique standard et nos conditions de voyage se trouvent dans la description.<\/li>\n<li data-start=\"2850\" data-end=\"2950\"><a href=\"https:\/\/adventurecountrytracks.com\/fr\/conditions-generales\/\">Conditions g\u00e9n\u00e9rales d'utilisation<\/a><\/li>\n<li data-start=\"2850\" data-end=\"2950\"><a href=\"https:\/\/adventurecountrytracks.com\/fr\/conditions-de-participation-ridetrain\/\">Conditions de participation \u00e0 ACT Ride &amp; Train<\/a><\/li>\n<li data-start=\"2850\" data-end=\"2950\"><a href=\"https:\/\/adventurecountrytracks.com\/wp-content\/uploads\/2023\/06\/ACT_Ride_Train_StandardinformationDE_EN.pdf\">Fiche d'information standard<\/a><\/li>\n<li data-start=\"2850\" data-end=\"2950\"><a href=\"https:\/\/adventurecountrytracks.com\/fr\/exoneration-de-responsabilite-acte-ride-train\/\">Renonciation \u00e0 la responsabilit\u00e9 de ACT Ride &amp; Train<\/a><\/li>\n<\/ul>\n<p><strong>Les r\u00e9servations sont closes 10 jours avant le d\u00e9but de l'\u00e9v\u00e9nement. Les r\u00e9servations tardives ne sont pas possibles.<\/strong><\/p>","protected":false},"excerpt":{"rendered":"<p data-start=\"354\" data-end=\"636\">ACT Ride &amp; Train France est un \u00e9v\u00e9nement de moto tout-terrain guid\u00e9 avec des \u00e9l\u00e9ments de formation et de coaching int\u00e9gr\u00e9s.<br data-start=\"463\" data-end=\"466\" \/>Le format est con\u00e7u pour les cavaliers d'aventure exp\u00e9riment\u00e9s qui veulent am\u00e9liorer leurs comp\u00e9tences en mati\u00e8re d'\u00e9quitation tout en explorant un terrain exigeant dans un cadre responsable et structur\u00e9.<\/p>\n<p data-start=\"354\" data-end=\"636\"><strong>Une v\u00e9ritable exp\u00e9rience de train et de man\u00e8ge.<\/strong><\/p>\n<p data-start=\"1177\" data-end=\"1200\">ACT Ride &amp; Train France se d\u00e9roule sur 9 jours avec 6 jours d'\u00e9quitation. La journ\u00e9e de pr\u00e9paration suppl\u00e9mentaire est obligatoire.<\/p>\n<p>&nbsp;<\/p>\n<p data-start=\"1177\" data-end=\"1200\"><strong>La participation est obligatoire :<\/strong><\/p>\n<p data-start=\"1177\" data-end=\"1200\">ACT Ride &amp; Train France se d\u00e9roule sur 9 jours. 1 Arriv\u00e9e, 1 D\u00e9part, 1 journ\u00e9e de pr\u00e9paration, 6 jours avec conduite quotidienne hors route. La journ\u00e9e de pr\u00e9paration est obligatoire.<\/p>\n<ul data-start=\"1201\" data-end=\"1409\">\n<li data-start=\"1201\" data-end=\"1235\">\n<p data-start=\"1203\" data-end=\"1235\">exp\u00e9rience de base en conduite hors route*<\/p>\n<\/li>\n<li data-start=\"1236\" data-end=\"1296\">\n<p data-start=\"1238\" data-end=\"1296\">contr\u00f4le en toute confiance de la moto sur le gravier et les terrains non pav\u00e9s<\/p>\n<\/li>\n<li data-start=\"1297\" data-end=\"1351\">\n<p data-start=\"1299\" data-end=\"1351\">une bonne forme physique et mentale pour plusieurs jours d'\u00e9quitation<\/p>\n<\/li>\n<li data-start=\"1352\" data-end=\"1409\">\n<p data-start=\"1354\" data-end=\"1409\">une moto homologu\u00e9e pour la route, assur\u00e9e et techniquement saine<\/p>\n<\/li>\n<\/ul>\n<p data-start=\"1411\" data-end=\"1473\">ACT Ride &amp; Train n'est explicitement pas un cours de formation pour d\u00e9butants.<\/p>\n<p data-start=\"1411\" data-end=\"1473\">*Si tu n'as pas d'exp\u00e9rience, envoie-nous un courriel pour en discuter.<\/p>\n<p data-start=\"1501\" data-end=\"1523\"><strong>Compris dans le prix :<\/strong><\/p>\n<ul data-start=\"1524\" data-end=\"1857\">\n<li data-start=\"1524\" data-end=\"1560\">\n<p data-start=\"1526\" data-end=\"1560\">Exp\u00e9rience guid\u00e9e ACT Ride &amp; Train<\/p>\n<\/li>\n<li data-start=\"1561\" data-end=\"1613\">\n<p data-start=\"1563\" data-end=\"1613\">\u00e9l\u00e9ments int\u00e9gr\u00e9s de formation et d'entra\u00eenement hors route<\/p>\n<\/li>\n<li data-start=\"1614\" data-end=\"1665\">\n<p data-start=\"1616\" data-end=\"1665\">soutien par des instructeurs \/ guides ACT certifi\u00e9s<\/p>\n<\/li>\n<li data-start=\"1666\" data-end=\"1697\">\n<p data-start=\"1668\" data-end=\"1697\">planification d'itin\u00e9raires et navigation<\/p>\n<\/li>\n<li data-start=\"1698\" data-end=\"1734\">\n<p data-start=\"1700\" data-end=\"1734\">des briefings quotidiens pour les coureurs et des commentaires<\/p>\n<\/li>\n<li data-start=\"1735\" data-end=\"1774\">\n<p data-start=\"1737\" data-end=\"1774\">organisation et coordination sur place<\/p>\n<\/li>\n<li data-start=\"1775\" data-end=\"1790\">\n<p data-start=\"1777\" data-end=\"1790\">h\u00e9bergement<\/p>\n<\/li>\n<li data-start=\"1791\" data-end=\"1817\">\n<p data-start=\"1793\" data-end=\"1817\">deux repas du soir partag\u00e9s<\/p>\n<\/li>\n<li data-start=\"1818\" data-end=\"1857\">\n<p data-start=\"1820\" data-end=\"1857\">Autocollant ACT Finisher<\/p>\n<\/li>\n<\/ul>\n<p data-start=\"1859\" data-end=\"1872\"><strong>Non inclus :<\/strong><\/p>\n<ul data-start=\"1873\" data-end=\"2006\">\n<li data-start=\"1873\" data-end=\"1903\">\n<p data-start=\"1875\" data-end=\"1903\">les d\u00e9placements vers et depuis l'\u00e9v\u00e9nement<\/p>\n<\/li>\n<li data-start=\"1904\" data-end=\"1910\">\n<p data-start=\"1906\" data-end=\"1910\">carburant<\/p>\n<\/li>\n<li data-start=\"1911\" data-end=\"1940\">\n<p data-start=\"1913\" data-end=\"1940\">repas et boissons suppl\u00e9mentaires<\/p>\n<\/li>\n<li data-start=\"1941\" data-end=\"1960\">\n<p data-start=\"1943\" data-end=\"1960\">location de motos<\/p>\n<\/li>\n<li data-start=\"1961\" data-end=\"1985\">\n<p data-start=\"1963\" data-end=\"1985\">pi\u00e8ces de rechange ou r\u00e9parations<\/p>\n<\/li>\n<li data-start=\"1986\" data-end=\"2006\">\n<p data-start=\"1988\" data-end=\"2006\">assurance personnelle<\/p>\n<\/li>\n<\/ul>\n<p data-start=\"2666\" data-end=\"2687\"><strong>Informations juridiques<\/strong><\/p>\n<ul data-start=\"2689\" data-end=\"2950\">\n<li data-start=\"2689\" data-end=\"2742\">\n<p data-start=\"2691\" data-end=\"2742\">Organisateur : Adventure Country Tracks e.V. (ACT e.V.)<\/p>\n<\/li>\n<li data-start=\"2850\" data-end=\"2950\">\n<p data-start=\"2852\" data-end=\"2950\">L'\u00e9v\u00e9nement peut faire l'objet de modifications ou d'annulations pour cause de force majeure ou de restrictions officielles.<\/p>\n<\/li>\n<li data-start=\"2850\" data-end=\"2950\">\n<p data-start=\"561\" data-end=\"821\">En r\u00e9servant cet \u00e9v\u00e9nement, le <strong data-start=\"614\" data-end=\"646\">Conditions g\u00e9n\u00e9rales d'utilisation<\/strong> d'Adventure Country Tracks e.V. s'appliquent.<br data-start=\"686\" data-end=\"689\" \/>La participation est soumise \u00e0 la <strong data-start=\"723\" data-end=\"768\">Conditions de participation \u00e0 ACT Ride &amp; Train<\/strong> et exige l'acceptation de la <strong data-start=\"800\" data-end=\"820\">Renonciation \u00e0 la responsabilit\u00e9<\/strong>.<\/p>\n<p data-start=\"826\" data-end=\"927\">- <a href=\"https:\/\/adventurecountrytracks.com\/fr\/conditions-generales\/\">Conditions g\u00e9n\u00e9rales d'utilisation<\/a><br data-start=\"856\" data-end=\"859\" \/>- <a href=\"https:\/\/adventurecountrytracks.com\/fr\/conditions-de-participation-ridetrain\/\">Conditions de participation \u00e0 ACT Ride &amp; Train<\/a><br data-start=\"904\" data-end=\"907\" \/>- <a href=\"https:\/\/adventurecountrytracks.com\/fr\/exoneration-de-responsabilite-acte-ride-train\/\">Renonciation \u00e0 la responsabilit\u00e9 de ACT Ride &amp; Train<\/a><\/p>\n<\/li>\n<\/ul>\n<p>Tu trouveras une description compl\u00e8te plus bas<\/p>","protected":false},"featured_media":36024,"comment_status":"closed","ping_status":"closed","template":"","meta":{"_acf_changed":false},"product_brand":[],"product_cat":[185],"product_tag":[],"class_list":{"0":"post-36035","1":"product","2":"type-product","3":"status-publish","4":"has-post-thumbnail","6":"product_cat-act-ride-train","8":"first","9":"instock","10":"virtual","11":"purchasable","12":"product-type-ovatb_tour"},"acf":[],"_links":{"self":[{"href":"https:\/\/adventurecountrytracks.com\/fr\/wp-json\/wp\/v2\/product\/36035","targetHints":{"allow":["GET"]}}],"collection":[{"href":"https:\/\/adventurecountrytracks.com\/fr\/wp-json\/wp\/v2\/product"}],"about":[{"href":"https:\/\/adventurecountrytracks.com\/fr\/wp-json\/wp\/v2\/types\/product"}],"replies":[{"embeddable":true,"href":"https:\/\/adventurecountrytracks.com\/fr\/wp-json\/wp\/v2\/comments?post=36035"}],"wp:featuredmedia":[{"embeddable":true,"href":"https:\/\/adventurecountrytracks.com\/fr\/wp-json\/wp\/v2\/media\/36024"}],"wp:attachment":[{"href":"https:\/\/adventurecountrytracks.com\/fr\/wp-json\/wp\/v2\/media?parent=36035"}],"wp:term":[{"taxonomy":"product_brand","embeddable":true,"href":"https:\/\/adventurecountrytracks.com\/fr\/wp-json\/wp\/v2\/product_brand?post=36035"},{"taxonomy":"product_cat","embeddable":true,"href":"https:\/\/adventurecountrytracks.com\/fr\/wp-json\/wp\/v2\/product_cat?post=36035"},{"taxonomy":"product_tag","embeddable":true,"href":"https:\/\/adventurecountrytracks.com\/fr\/wp-json\/wp\/v2\/product_tag?post=36035"}],"curies":[{"name":"wp","href":"https:\/\/api.w.org\/{rel}","templated":true}]}}