{"id":36801,"date":"2026-03-31T09:31:23","date_gmt":"2026-03-31T07:31:23","guid":{"rendered":"https:\/\/adventurecountrytracks.com\/?post_type=product&#038;p=36801"},"modified":"2026-04-15T15:10:20","modified_gmt":"2026-04-15T13:10:20","slug":"gravel-teal","status":"publish","type":"product","link":"https:\/\/adventurecountrytracks.com\/fr\/product\/gravel-teal\/","title":{"rendered":"Gravier Sarcelle"},"content":{"rendered":"<div>\n<div>\n<p><strong>ACT Jersey Gravel Teal<\/strong><\/p>\n<p data-start=\"4211\" data-end=\"4331\">Modern, bold, and unmistakably ACT\u2014the Gravel Jersey in teal, black, and orange is built for riders who push boundaries.<\/p>\n<p data-start=\"4333\" data-end=\"4582\">The unique color combination reflects contrast and energy: calm exploration meets adrenaline-fueled riding. The teal base connects to nature and open landscapes, while the vibrant orange highlights the drive to go further, faster, and beyond limits.<\/p>\n<p data-start=\"4584\" data-end=\"4810\">Performance meets style with breathable, quick-drying fabric and a flexible fit designed for long days on the bike. It keeps you cool, dry, and ready\u2014whether you&#8217;re climbing technical sections or cruising endless gravel roads.<\/p>\n<p data-start=\"4812\" data-end=\"4874\">This jersey represents the new generation of adventure riders.<\/p>\n<p data-start=\"4876\" data-end=\"4919\"><strong data-start=\"4876\" data-end=\"4919\">Push limits. Ride bold. Stay different.<\/strong><\/p>\n<\/div>\n<div>Les tailles \u00e0 partir de 4XL ne peuvent \u00eatre command\u00e9es que sur demande sp\u00e9ciale. Pour plus d'informations, envoie un e-mail \u00e0 <a href=\"mailto:info@adventurecountrytracks.com\">info@adventurecountrytracks.com<\/a>.<\/div>\n<\/div>\n<div><\/div>\n<div><\/div>\n<div><img fetchpriority=\"high\" decoding=\"async\" class=\"alignnone size-medium wp-image-34674\" src=\"https:\/\/adventurecountrytracks.com\/wp-content\/uploads\/2024\/10\/Sizing-Jersey-800x217.png\" alt=\"\" width=\"800\" height=\"217\" srcset=\"https:\/\/adventurecountrytracks.com\/wp-content\/uploads\/2024\/10\/Sizing-Jersey-800x217.png 800w, https:\/\/adventurecountrytracks.com\/wp-content\/uploads\/2024\/10\/Sizing-Jersey-1024x278.png 1024w, https:\/\/adventurecountrytracks.com\/wp-content\/uploads\/2024\/10\/Sizing-Jersey-768x208.png 768w, https:\/\/adventurecountrytracks.com\/wp-content\/uploads\/2024\/10\/Sizing-Jersey-1536x417.png 1536w, https:\/\/adventurecountrytracks.com\/wp-content\/uploads\/2024\/10\/Sizing-Jersey-18x5.png 18w, https:\/\/adventurecountrytracks.com\/wp-content\/uploads\/2024\/10\/Sizing-Jersey-600x163.png 600w, https:\/\/adventurecountrytracks.com\/wp-content\/uploads\/2024\/10\/Sizing-Jersey.png 1600w\" sizes=\"(max-width: 800px) 100vw, 800px\" \/><\/div>\n<div><\/div>\n<div><\/div>\n<div>100% polyester<br \/>\nRespirant, s\u00e9chage rapide<br \/>\nTechnologie COOLMESH<br \/>\nOeko Tex 100<\/div>","protected":false},"excerpt":{"rendered":"<p>ACT Jersey Gravel Teal<\/p>\n<p data-start=\"4211\" data-end=\"4331\">Modern, bold, and unmistakably ACT\u2014the Gravel Jersey in teal, black, and orange is built for riders who push boundaries.<\/p>\n<p data-start=\"1688\" data-end=\"1967\">","protected":false},"featured_media":36766,"comment_status":"open","ping_status":"closed","template":"","meta":{"_acf_changed":false},"product_brand":[],"product_cat":[89],"product_tag":[],"class_list":{"0":"post-36801","1":"product","2":"type-product","3":"status-publish","4":"has-post-thumbnail","6":"product_cat-apparel","7":"pa_size-5xl","8":"pa_size-xs","9":"pa_size-3xl","10":"pa_size-s","11":"pa_size-m","12":"pa_size-l","13":"pa_size-xl","14":"pa_size-xxl","15":"pa_size-4xl","17":"first","18":"instock","19":"taxable","20":"shipping-taxable","21":"purchasable","22":"product-type-variable"},"acf":[],"_links":{"self":[{"href":"https:\/\/adventurecountrytracks.com\/fr\/wp-json\/wp\/v2\/product\/36801","targetHints":{"allow":["GET"]}}],"collection":[{"href":"https:\/\/adventurecountrytracks.com\/fr\/wp-json\/wp\/v2\/product"}],"about":[{"href":"https:\/\/adventurecountrytracks.com\/fr\/wp-json\/wp\/v2\/types\/product"}],"replies":[{"embeddable":true,"href":"https:\/\/adventurecountrytracks.com\/fr\/wp-json\/wp\/v2\/comments?post=36801"}],"wp:featuredmedia":[{"embeddable":true,"href":"https:\/\/adventurecountrytracks.com\/fr\/wp-json\/wp\/v2\/media\/36766"}],"wp:attachment":[{"href":"https:\/\/adventurecountrytracks.com\/fr\/wp-json\/wp\/v2\/media?parent=36801"}],"wp:term":[{"taxonomy":"product_brand","embeddable":true,"href":"https:\/\/adventurecountrytracks.com\/fr\/wp-json\/wp\/v2\/product_brand?post=36801"},{"taxonomy":"product_cat","embeddable":true,"href":"https:\/\/adventurecountrytracks.com\/fr\/wp-json\/wp\/v2\/product_cat?post=36801"},{"taxonomy":"product_tag","embeddable":true,"href":"https:\/\/adventurecountrytracks.com\/fr\/wp-json\/wp\/v2\/product_tag?post=36801"}],"curies":[{"name":"wp","href":"https:\/\/api.w.org\/{rel}","templated":true}]}}