{"id":36811,"date":"2026-03-31T09:37:43","date_gmt":"2026-03-31T07:37:43","guid":{"rendered":"https:\/\/adventurecountrytracks.com\/?post_type=product&#038;p=36811"},"modified":"2026-04-15T15:11:58","modified_gmt":"2026-04-15T13:11:58","slug":"gravel-forest","status":"publish","type":"product","link":"https:\/\/adventurecountrytracks.com\/fr\/product\/gravel-forest\/","title":{"rendered":"For\u00eat de gravier"},"content":{"rendered":"<div>\n<div>\n<p data-start=\"3403\" data-end=\"3536\"><strong>ACT Jersey Gravel Forest <\/strong><\/p>\n<p data-start=\"3403\" data-end=\"3536\">Inspired by dust, desert tracks, and endless horizons\u2014the ACT Gravel Jersey in sand and black is made for riders chasing the unknown.<\/p>\n<p data-start=\"3538\" data-end=\"3737\">The earthy tones mirror dry trails, rocky paths, and remote landscapes where true adventure begins. Its rugged design reflects the marks of every ride\u2014because getting dirty is part of the experience.<\/p>\n<p data-start=\"3739\" data-end=\"3988\">Built for versatility, the jersey features lightweight, breathable materials that regulate temperature and wick away moisture. Whether riding under the blazing sun or layering up for cooler conditions, it delivers consistent comfort and performance.<\/p>\n<p data-start=\"3990\" data-end=\"4028\">This is more than gear\u2014it\u2019s a mindset.<\/p>\n<p data-start=\"4030\" data-end=\"4089\"><strong data-start=\"4030\" data-end=\"4089\">Ride the unknown. Embrace the dust. Live the adventure.<\/strong><\/p>\n<\/div>\n<div>Les tailles \u00e0 partir de 4XL ne peuvent \u00eatre command\u00e9es que sur demande sp\u00e9ciale. Pour plus d'informations, envoie un e-mail \u00e0 <a href=\"mailto:info@adventurecountrytracks.com\">info@adventurecountrytracks.com<\/a>.<\/div>\n<\/div>\n<div><\/div>\n<div><\/div>\n<div><img fetchpriority=\"high\" decoding=\"async\" class=\"alignnone size-medium wp-image-34674\" src=\"https:\/\/adventurecountrytracks.com\/wp-content\/uploads\/2024\/10\/Sizing-Jersey-800x217.png\" alt=\"\" width=\"800\" height=\"217\" srcset=\"https:\/\/adventurecountrytracks.com\/wp-content\/uploads\/2024\/10\/Sizing-Jersey-800x217.png 800w, https:\/\/adventurecountrytracks.com\/wp-content\/uploads\/2024\/10\/Sizing-Jersey-1024x278.png 1024w, https:\/\/adventurecountrytracks.com\/wp-content\/uploads\/2024\/10\/Sizing-Jersey-768x208.png 768w, https:\/\/adventurecountrytracks.com\/wp-content\/uploads\/2024\/10\/Sizing-Jersey-1536x417.png 1536w, https:\/\/adventurecountrytracks.com\/wp-content\/uploads\/2024\/10\/Sizing-Jersey-18x5.png 18w, https:\/\/adventurecountrytracks.com\/wp-content\/uploads\/2024\/10\/Sizing-Jersey-600x163.png 600w, https:\/\/adventurecountrytracks.com\/wp-content\/uploads\/2024\/10\/Sizing-Jersey.png 1600w\" sizes=\"(max-width: 800px) 100vw, 800px\" \/><\/div>\n<div><\/div>\n<div><\/div>\n<div>100% polyester<br \/>\nRespirant, s\u00e9chage rapide<br \/>\nTechnologie COOLMESH<br \/>\nOeko Tex 100<\/div>","protected":false},"excerpt":{"rendered":"<p data-start=\"3403\" data-end=\"3536\"><strong>ACT Jersey Gravel Forest <\/strong><\/p>\n<p data-start=\"3403\" data-end=\"3536\">Inspired by dust, desert tracks, and endless horizons\u2014the ACT Gravel Jersey in sand and black is made for riders chasing the unknown.<\/p>\n<p data-start=\"1688\" data-end=\"1967\">","protected":false},"featured_media":36768,"comment_status":"open","ping_status":"closed","template":"","meta":{"_acf_changed":false},"product_brand":[],"product_cat":[89],"product_tag":[],"class_list":{"0":"post-36811","1":"product","2":"type-product","3":"status-publish","4":"has-post-thumbnail","6":"product_cat-apparel","7":"pa_size-4xl","8":"pa_size-5xl","9":"pa_size-xs","10":"pa_size-3xl","11":"pa_size-s","12":"pa_size-m","13":"pa_size-l","14":"pa_size-xl","15":"pa_size-xxl","17":"first","18":"instock","19":"taxable","20":"shipping-taxable","21":"purchasable","22":"product-type-variable"},"acf":[],"_links":{"self":[{"href":"https:\/\/adventurecountrytracks.com\/fr\/wp-json\/wp\/v2\/product\/36811","targetHints":{"allow":["GET"]}}],"collection":[{"href":"https:\/\/adventurecountrytracks.com\/fr\/wp-json\/wp\/v2\/product"}],"about":[{"href":"https:\/\/adventurecountrytracks.com\/fr\/wp-json\/wp\/v2\/types\/product"}],"replies":[{"embeddable":true,"href":"https:\/\/adventurecountrytracks.com\/fr\/wp-json\/wp\/v2\/comments?post=36811"}],"wp:featuredmedia":[{"embeddable":true,"href":"https:\/\/adventurecountrytracks.com\/fr\/wp-json\/wp\/v2\/media\/36768"}],"wp:attachment":[{"href":"https:\/\/adventurecountrytracks.com\/fr\/wp-json\/wp\/v2\/media?parent=36811"}],"wp:term":[{"taxonomy":"product_brand","embeddable":true,"href":"https:\/\/adventurecountrytracks.com\/fr\/wp-json\/wp\/v2\/product_brand?post=36811"},{"taxonomy":"product_cat","embeddable":true,"href":"https:\/\/adventurecountrytracks.com\/fr\/wp-json\/wp\/v2\/product_cat?post=36811"},{"taxonomy":"product_tag","embeddable":true,"href":"https:\/\/adventurecountrytracks.com\/fr\/wp-json\/wp\/v2\/product_tag?post=36811"}],"curies":[{"name":"wp","href":"https:\/\/api.w.org\/{rel}","templated":true}]}}