{"id":36821,"date":"2026-03-31T09:44:01","date_gmt":"2026-03-31T07:44:01","guid":{"rendered":"https:\/\/adventurecountrytracks.com\/?post_type=product&#038;p=36821"},"modified":"2026-04-15T15:04:26","modified_gmt":"2026-04-15T13:04:26","slug":"gravel-green","status":"publish","type":"product","link":"https:\/\/adventurecountrytracks.com\/fr\/product\/gravel-green\/","title":{"rendered":"Vert gravier"},"content":{"rendered":"<div>\n<div>\n<p data-start=\"3403\" data-end=\"3536\"><strong>ACT Jersey Gravel Green<\/strong><\/p>\n<p data-start=\"2474\" data-end=\"2622\">Blending into nature while standing out in spirit\u2014the ACT Gravel Jersey in green and black is built for riders who feel at home off the beaten path.<\/p>\n<p data-start=\"2624\" data-end=\"2879\">Inspired by dense forests, hidden trails, and untouched landscapes, this jersey reflects the raw beauty of the environments you ride through. The deep green tones connect you to nature, while the rugged pattern tells the story of mud, dust, and adventure.<\/p>\n<p data-start=\"2881\" data-end=\"3167\">Engineered for performance, the breathable fabric ensures excellent ventilation and moisture control, keeping you comfortable throughout long days in the saddle. Its flexible construction adapts to your movements, whether you&#8217;re navigating tight forest trails or wide-open gravel roads.<\/p>\n<p data-start=\"3169\" data-end=\"3227\">This jersey is not just apparel\u2014it\u2019s part of your journey.<\/p>\n<\/div>\n<div>Les tailles \u00e0 partir de 4XL ne peuvent \u00eatre command\u00e9es que sur demande sp\u00e9ciale. Pour plus d'informations, envoie un e-mail \u00e0 <a href=\"mailto:info@adventurecountrytracks.com\">info@adventurecountrytracks.com<\/a>.<\/div>\n<\/div>\n<div><\/div>\n<div><\/div>\n<div><img fetchpriority=\"high\" decoding=\"async\" class=\"alignnone size-medium wp-image-34674\" src=\"https:\/\/adventurecountrytracks.com\/wp-content\/uploads\/2024\/10\/Sizing-Jersey-800x217.png\" alt=\"\" width=\"800\" height=\"217\" srcset=\"https:\/\/adventurecountrytracks.com\/wp-content\/uploads\/2024\/10\/Sizing-Jersey-800x217.png 800w, https:\/\/adventurecountrytracks.com\/wp-content\/uploads\/2024\/10\/Sizing-Jersey-1024x278.png 1024w, https:\/\/adventurecountrytracks.com\/wp-content\/uploads\/2024\/10\/Sizing-Jersey-768x208.png 768w, https:\/\/adventurecountrytracks.com\/wp-content\/uploads\/2024\/10\/Sizing-Jersey-1536x417.png 1536w, https:\/\/adventurecountrytracks.com\/wp-content\/uploads\/2024\/10\/Sizing-Jersey-18x5.png 18w, https:\/\/adventurecountrytracks.com\/wp-content\/uploads\/2024\/10\/Sizing-Jersey-600x163.png 600w, https:\/\/adventurecountrytracks.com\/wp-content\/uploads\/2024\/10\/Sizing-Jersey.png 1600w\" sizes=\"(max-width: 800px) 100vw, 800px\" \/><\/div>\n<div><\/div>\n<div><\/div>\n<div>100% polyester<br \/>\nRespirant, s\u00e9chage rapide<br \/>\nTechnologie COOLMESH<br \/>\nOeko Tex 100<\/div>","protected":false},"excerpt":{"rendered":"<p data-start=\"3403\" data-end=\"3536\"><strong>ACT Jersey Gravel Green<\/strong><\/p>\n<p data-start=\"2474\" data-end=\"2622\">Blending into nature while standing out in spirit\u2014the ACT Gravel Jersey in green and black is built for riders who feel at home off the beaten path.<\/p>","protected":false},"featured_media":36770,"comment_status":"open","ping_status":"closed","template":"","meta":{"_acf_changed":false},"product_brand":[],"product_cat":[89],"product_tag":[],"class_list":{"0":"post-36821","1":"product","2":"type-product","3":"status-publish","4":"has-post-thumbnail","6":"product_cat-apparel","7":"pa_size-m","8":"pa_size-l","9":"pa_size-xl","10":"pa_size-xxl","11":"pa_size-4xl","12":"pa_size-5xl","13":"pa_size-xs","14":"pa_size-3xl","15":"pa_size-s","17":"first","18":"instock","19":"taxable","20":"shipping-taxable","21":"purchasable","22":"product-type-variable"},"acf":[],"_links":{"self":[{"href":"https:\/\/adventurecountrytracks.com\/fr\/wp-json\/wp\/v2\/product\/36821","targetHints":{"allow":["GET"]}}],"collection":[{"href":"https:\/\/adventurecountrytracks.com\/fr\/wp-json\/wp\/v2\/product"}],"about":[{"href":"https:\/\/adventurecountrytracks.com\/fr\/wp-json\/wp\/v2\/types\/product"}],"replies":[{"embeddable":true,"href":"https:\/\/adventurecountrytracks.com\/fr\/wp-json\/wp\/v2\/comments?post=36821"}],"wp:featuredmedia":[{"embeddable":true,"href":"https:\/\/adventurecountrytracks.com\/fr\/wp-json\/wp\/v2\/media\/36770"}],"wp:attachment":[{"href":"https:\/\/adventurecountrytracks.com\/fr\/wp-json\/wp\/v2\/media?parent=36821"}],"wp:term":[{"taxonomy":"product_brand","embeddable":true,"href":"https:\/\/adventurecountrytracks.com\/fr\/wp-json\/wp\/v2\/product_brand?post=36821"},{"taxonomy":"product_cat","embeddable":true,"href":"https:\/\/adventurecountrytracks.com\/fr\/wp-json\/wp\/v2\/product_cat?post=36821"},{"taxonomy":"product_tag","embeddable":true,"href":"https:\/\/adventurecountrytracks.com\/fr\/wp-json\/wp\/v2\/product_tag?post=36821"}],"curies":[{"name":"wp","href":"https:\/\/api.w.org\/{rel}","templated":true}]}}